{"id":15818,"date":"2024-12-28T16:31:16","date_gmt":"2024-12-28T08:31:16","guid":{"rendered":"https:\/\/saigon.newworldhotels.com\/en\/about-us\/"},"modified":"2025-12-03T16:21:30","modified_gmt":"2025-12-03T08:21:30","slug":"about-us","status":"publish","type":"page","link":"https:\/\/saigon.newworldhotels.com\/vi\/about-us\/","title":{"rendered":"V\u1ec1 Ch\u00fang T\u00f4i"},"content":{"rendered":"\n<div class=\"wp-block-columns is-layout-flex wp-container-core-columns-is-layout-0e47273b wp-block-columns-is-layout-flex\">\n<div class=\"wp-block-column is-layout-flow wp-block-column-is-layout-flow\">\n<p class=\"has-text-align-center has-foreground-color has-text-color has-link-color wp-elements-3ddceb5b071921b5131aeecbd6f88caf wp-block-paragraph\" style=\"margin-right:0;margin-left:0\">New World Saigon Hotel l\u00e0 \u0111i\u1ec3m \u0111\u1ebfn &#8220;bleisure&#8221; h\u00e0ng \u0111\u1ea7u t\u1ea1i TP.HCM. T\u1ecda l\u1ea1c ngay trung t\u00e2m th\u00e0nh ph\u1ed1, ch\u1ec9 c\u00e1ch Ga Metro B\u1ebfn Th\u00e0nh v\u00e0i b\u01b0\u1edbc ch\u00e2n, New World mang \u0111\u1ebfn s\u1ef1 k\u1ebft h\u1ee3p h\u00e0i h\u00f2a gi\u1eefa c\u00f4ng vi\u1ec7c v\u00e0 kh\u00e1m ph\u00e1 v\u0103n h\u00f3a.<\/p>\n\n\n<div class=\"free align wp-block-bicb-carousel\" id='bicbCarousel-1' data-attributes='{&quot;carousels&quot;:[{&quot;image&quot;:{&quot;id&quot;:15328,&quot;url&quot;:&quot;https:\\\/\\\/saigon.newworldhotels.com\\\/en\\\/wp-content\\\/uploads\\\/2025\\\/08\\\/Abu-Carou-1.jpg&quot;,&quot;alt&quot;:&quot;&quot;,&quot;title&quot;:&quot;Abu Carou 1&quot;,&quot;caption&quot;:&quot;default&quot;},&quot;action&quot;:&quot;none&quot;,&quot;link&quot;:&quot;&quot;,&quot;caption&quot;:&quot;&quot;},{&quot;image&quot;:{&quot;id&quot;:15327,&quot;url&quot;:&quot;https:\\\/\\\/saigon.newworldhotels.com\\\/en\\\/wp-content\\\/uploads\\\/2025\\\/08\\\/Abu-Carou-2.jpg&quot;,&quot;alt&quot;:&quot;&quot;,&quot;title&quot;:&quot;Abu-Carou-2&quot;,&quot;caption&quot;:&quot;default&quot;},&quot;action&quot;:&quot;none&quot;,&quot;link&quot;:&quot;&quot;,&quot;caption&quot;:&quot;&quot;},{&quot;image&quot;:{&quot;id&quot;:15326,&quot;url&quot;:&quot;https:\\\/\\\/saigon.newworldhotels.com\\\/en\\\/wp-content\\\/uploads\\\/2025\\\/08\\\/Abu-Carou-3.jpg&quot;,&quot;alt&quot;:&quot;&quot;,&quot;title&quot;:&quot;Abu-Carou-3&quot;,&quot;caption&quot;:&quot;default&quot;},&quot;action&quot;:&quot;none&quot;,&quot;link&quot;:&quot;&quot;,&quot;caption&quot;:&quot;&quot;},{&quot;image&quot;:{&quot;id&quot;:15325,&quot;url&quot;:&quot;https:\\\/\\\/saigon.newworldhotels.com\\\/en\\\/wp-content\\\/uploads\\\/2025\\\/08\\\/Abu-Carou-4.jpg&quot;,&quot;alt&quot;:&quot;&quot;,&quot;title&quot;:&quot;Abu-Carou-4&quot;,&quot;caption&quot;:&quot;&quot;},&quot;action&quot;:&quot;none&quot;,&quot;link&quot;:&quot;&quot;,&quot;caption&quot;:&quot;&quot;},{&quot;image&quot;:{&quot;id&quot;:15323,&quot;url&quot;:&quot;https:\\\/\\\/saigon.newworldhotels.com\\\/en\\\/wp-content\\\/uploads\\\/2025\\\/08\\\/Abu-Carou-6.jpg&quot;,&quot;alt&quot;:&quot;&quot;,&quot;title&quot;:&quot;Abu Carou 6&quot;,&quot;caption&quot;:&quot;&quot;},&quot;action&quot;:&quot;none&quot;,&quot;link&quot;:&quot;&quot;,&quot;caption&quot;:&quot;&quot;},{&quot;image&quot;:{&quot;id&quot;:15324,&quot;url&quot;:&quot;https:\\\/\\\/saigon.newworldhotels.com\\\/en\\\/wp-content\\\/uploads\\\/2025\\\/08\\\/Abu-Carou-5.jpg&quot;,&quot;alt&quot;:&quot;&quot;,&quot;title&quot;:&quot;Abu-Carou-5&quot;,&quot;caption&quot;:&quot;&quot;},&quot;action&quot;:&quot;none&quot;,&quot;link&quot;:&quot;&quot;,&quot;caption&quot;:&quot;&quot;},{&quot;image&quot;:{&quot;id&quot;:15322,&quot;url&quot;:&quot;https:\\\/\\\/saigon.newworldhotels.com\\\/en\\\/wp-content\\\/uploads\\\/2025\\\/08\\\/Abu-Carou-7.jpg&quot;,&quot;alt&quot;:&quot;&quot;,&quot;title&quot;:&quot;Abu Carou 7&quot;,&quot;caption&quot;:&quot;&quot;},&quot;action&quot;:&quot;none&quot;,&quot;link&quot;:&quot;&quot;,&quot;caption&quot;:&quot;&quot;}],&quot;height&quot;:{&quot;desktop&quot;:&quot;750px&quot;,&quot;tablet&quot;:&quot;300px&quot;,&quot;mobile&quot;:&quot;250px&quot;},&quot;carouselOptions&quot;:{&quot;columns&quot;:{&quot;desktop&quot;:1,&quot;tablet&quot;:2,&quot;mobile&quot;:1},&quot;columnGap&quot;:20,&quot;isLoop&quot;:true,&quot;allowTouchMove&quot;:false,&quot;speed&quot;:1.5,&quot;autoplayOptions&quot;:{&quot;enabled&quot;:true,&quot;delay&quot;:4,&quot;disableOnInteraction&quot;:false,&quot;reverseDirection&quot;:false,&quot;pauseOnMouseEnter&quot;:false,&quot;stopOnLastSlide&quot;:false},&quot;freeMode&quot;:{&quot;enabled&quot;:false,&quot;sticky&quot;:false},&quot;effect&quot;:&quot;slide&quot;,&quot;mousewheel&quot;:{&quot;enabled&quot;:false},&quot;pagination&quot;:{&quot;inTablet&quot;:true,&quot;inMobile&quot;:true,&quot;clickable&quot;:true,&quot;dynamicBullets&quot;:false,&quot;border&quot;:{&quot;radius&quot;:&quot;1000px&quot;}},&quot;navigation&quot;:{&quot;inTablet&quot;:true,&quot;inMobile&quot;:true}},&quot;padding&quot;:{&quot;vertical&quot;:&quot;10px&quot;,&quot;horizontal&quot;:&quot;0px&quot;},&quot;pageColor&quot;:&quot;#000&quot;,&quot;prevNextSize&quot;:&quot;20px&quot;,&quot;prevNextColor&quot;:&quot;rgba(255, 255, 255, 1)&quot;,&quot;align&quot;:&quot;&quot;,&quot;layout&quot;:&quot;&quot;,&quot;width&quot;:{&quot;desktop&quot;:&quot;100%&quot;,&quot;tablet&quot;:&quot;100%&quot;,&quot;mobile&quot;:&quot;100%&quot;},&quot;elements&quot;:{&quot;linkNewTab&quot;:false,&quot;linkOn&quot;:&quot;image&quot;},&quot;alignment&quot;:&quot;center&quot;,&quot;background&quot;:{&quot;color&quot;:&quot;#0000&quot;},&quot;isPage&quot;:true,&quot;pageSize&quot;:&quot;12px&quot;,&quot;isPrevNext&quot;:true,&quot;image&quot;:{&quot;width&quot;:&quot;100%&quot;},&quot;caption&quot;:{&quot;display&quot;:&quot;none&quot;,&quot;position&quot;:&quot;onImage&quot;,&quot;verticalAlign&quot;:&quot;bottom&quot;,&quot;typo&quot;:{&quot;fontSize&quot;:{&quot;desktop&quot;:16,&quot;tablet&quot;:15,&quot;mobile&quot;:15}},&quot;textAlign&quot;:&quot;left&quot;,&quot;colors&quot;:{&quot;color&quot;:&quot;#fff&quot;,&quot;bg&quot;:&quot;#0000&quot;},&quot;overlay&quot;:{&quot;type&quot;:&quot;gradient&quot;,&quot;gradient&quot;:&quot;linear-gradient(0deg, #000 0%, #0000 50%, #0000 100%)&quot;},&quot;padding&quot;:{&quot;top&quot;:&quot;5px&quot;,&quot;right&quot;:&quot;8px&quot;,&quot;bottom&quot;:&quot;5px&quot;,&quot;left&quot;:&quot;8px&quot;}}}'><\/div>\n\n\n<p class=\"has-text-align-center wp-block-paragraph\">V\u1edbi 530 ph\u00f2ng ngh\u1ec9 hi\u1ec7n \u0111\u1ea1i, b\u1ea1n c\u00f3 th\u1ec3 th\u01b0 gi\u00e3n v\u00e0 n\u1ea1p n\u0103ng l\u01b0\u1ee3ng sau m\u1ed9t ng\u00e0y d\u00e0i. New World c\u00f2n mang \u0111\u1ebfn h\u00e0nh tr\u00ecnh \u1ea9m th\u1ef1c \u0111a d\u1ea1ng v\u00e0 kh\u00f4ng gian MICE \u0111\u1eb3ng c\u1ea5p cho m\u1ecdi s\u1ef1 ki\u1ec7n.<\/p>\n<\/div>\n<\/div>\n\n\n\n<div style=\"height:var(--wp--preset--spacing--x-large)\" aria-hidden=\"true\" class=\"wp-block-spacer\"><\/div>\n\n\n\n<div class=\"wp-block-cover alignfull has-parallax\" style=\"padding-right:var(--wp--preset--spacing--large);padding-left:var(--wp--preset--spacing--large)\"><div class=\"wp-block-cover__image-background wp-image-12720 size-full has-parallax\" style=\"background-position:50% 50%;background-image:url(https:\/\/saigon.newworldhotels.com\/en\/wp-content\/uploads\/2025\/06\/NWSGN-Driveway.jpg)\"><\/div><span aria-hidden=\"true\" class=\"wp-block-cover__background has-black-background-color has-background-dim-60 has-background-dim\"><\/span><div class=\"wp-block-cover__inner-container is-layout-flow wp-block-cover-is-layout-flow\">\n<p class=\"has-text-align-center has-white-color has-text-color has-link-color has-large-font-size wp-elements-ce73f867bdeac2f8a21f5ff61bb2613c wp-block-paragraph\"><em>Tr\u1ea3i nghi\u1ec7m &#8220;bleisure&#8221; hotel h\u00e0ng \u0111\u1ea7u gi\u1eefa l\u00f2ng th\u00e0nh ph\u1ed1<\/em><\/p>\n<\/div><\/div>\n\n\n\n<div style=\"height:80px\" aria-hidden=\"true\" class=\"wp-block-spacer\"><\/div>\n\n\n\n<p class=\"has-text-align-center has-large-font-size wp-block-paragraph\">Gi\u1ea3i th\u01b0\u1edfng<\/p>\n\n\n\n<p class=\"has-text-align-center wp-block-paragraph\">Top MICE Hotel in Vietnam &#8211; <em>UNESCO 2023<\/em><\/p>\n\n\n\n<p class=\"has-text-align-center wp-block-paragraph\">Green Hotel Award &#8211; <em>Ho Chi Minh City 2023<\/em><\/p>\n\n\n\n<p class=\"has-text-align-center wp-block-paragraph\">Premium Hotel in Asia &#8211; <em>Trip.Best 2024<\/em><\/p>\n\n\n\n<p class=\"has-text-align-center wp-block-paragraph\">Green Business Award &#8211; <em>HCMC People&#8217;s Committee 2024<\/em><\/p>\n\n\n\n<p class=\"has-text-align-center wp-block-paragraph\">Vietnam&#8217;s Best MICE Hotel &#8211; <em>World MICE Awards 2024<\/em><\/p>\n\n\n\n<p class=\"has-text-align-center wp-block-paragraph\">Best of the Best &#8211; Luxury Hotel &#8211; <em>TripAdvisor 2024<\/em><\/p>\n\n\n\n<p class=\"has-text-align-center wp-block-paragraph\">Top 10 Best City Hotels in Vietnam &#8211; <em>DestinAsian&#8217;s 18th Annual Readers&#8217; Choice Awards 2025<\/em><\/p>\n\n\n\n<p class=\"has-text-align-center wp-block-paragraph\">Top 10 City Hotels in Vietnam &#8211; <em>Travel + Leisure Asia Luxury Awards 2025<\/em><\/p>\n\n\n\n<div style=\"height:80px\" aria-hidden=\"true\" class=\"wp-block-spacer\"><\/div>\n\n\n\n<div class=\"wp-block-group alignfull has-background has-global-padding is-layout-constrained wp-block-group-is-layout-constrained\" style=\"background-color:#f5f5f5;padding-top:var(--wp--preset--spacing--x-large);padding-bottom:var(--wp--preset--spacing--x-large)\">\n<p class=\"has-text-align-center has-large-font-size wp-block-paragraph\" style=\"margin-top:0;margin-bottom:0;font-style:normal;font-weight:400\">Hi\u1ec3u Th\u00eam V\u1ec1 Ch\u00fang T\u00f4i<\/p>\n\n\n\n<p class=\"has-text-align-center max-width-600px wp-block-paragraph\">T\u1ea3i ngay factsheet c\u1ee7a ch\u00fang t\u00f4i \u0111\u1ec3 kh\u00e1m ph\u00e1 c\u00e1c l\u1ef1a ch\u1ecdn l\u01b0u tr\u00fa, \u1ea9m th\u1ef1c v\u00e0 ti\u1ec7n nghi \u0111\u1eb3ng c\u1ea5p t\u1ea1i New World Saigon Hotel.<\/p>\n\n\n\n<p class=\"has-text-align-center wp-block-paragraph\"><a href=\"https:\/\/saigon.newworldhotels.com\/en\/wp-content\/uploads\/2025\/06\/Website-Hotel-fact-sheet-EN-1.pdf\" data-type=\"link\" data-id=\"https:\/\/saigon.newworldhotels.com\/en\/wp-content\/uploads\/2025\/05\/NWMHK-Hotel-Fact-Sheet-EN_20250415_EN.pdf\" target=\"_blank\" rel=\"noreferrer noopener\"><strong>T\u1ea2I XU\u1ed0NG T\u1edc TH\u00d4NG TIN<\/strong><\/a><\/p>\n\n\n\n<p class=\"wp-block-paragraph\"><\/p>\n<\/div>\n\n\n\n<p class=\"wp-block-paragraph\"><\/p>\n","protected":false},"excerpt":{"rendered":"<p>New World Saigon Hotel l\u00e0 \u0111i\u1ec3m \u0111\u1ebfn &#8220;bleisure&#8221; h\u00e0ng \u0111\u1ea7u t\u1ea1i TP.HCM. T\u1ecda l\u1ea1c ngay trung t\u00e2m th\u00e0nh ph\u1ed1, ch\u1ec9 c\u00e1ch Ga Metro B\u1ebfn Th\u00e0nh v\u00e0i b\u01b0\u1edbc ch\u00e2n, New World mang \u0111\u1ebfn s\u1ef1 k\u1ebft h\u1ee3p h\u00e0i h\u00f2a gi\u1eefa c\u00f4ng vi\u1ec7c v\u00e0 kh\u00e1m ph\u00e1 v\u0103n h\u00f3a. V\u1edbi 530 ph\u00f2ng ngh\u1ec9 hi\u1ec7n \u0111\u1ea1i, b\u1ea1n c\u00f3 th\u1ec3 th\u01b0 &hellip; <\/p>\n<p class=\"link-more\"><a href=\"https:\/\/saigon.newworldhotels.com\/vi\/about-us\/\" class=\"more-link\">Read more<span class=\"screen-reader-text\"> &#8220;V\u1ec1 Ch\u00fang T\u00f4i&#8221;<\/span><\/a><\/p>\n","protected":false},"author":256764880,"featured_media":15819,"parent":0,"menu_order":0,"comment_status":"closed","ping_status":"closed","template":"","meta":{"_acf_changed":false,"_crdt_document":"","jetpack_post_was_ever_published":false,"footnotes":""},"class_list":["post-15818","page","type-page","status-publish","has-post-thumbnail","hentry"],"acf":[],"yoast_head":"<!-- This site is optimized with the Yoast SEO plugin v27.1.1 - https:\/\/yoast.com\/product\/yoast-seo-wordpress\/ -->\n<title>V\u1ec1 Ch\u00fang T\u00f4i - New World Saigon Hotel<\/title>\n<meta name=\"robots\" content=\"index, follow, max-snippet:-1, max-image-preview:large, max-video-preview:-1\" \/>\n<link rel=\"canonical\" href=\"https:\/\/saigon.newworldhotels.com\/vi\/about-us\/\" \/>\n<meta property=\"og:locale\" content=\"vi_VN\" \/>\n<meta property=\"og:type\" content=\"article\" \/>\n<meta property=\"og:title\" content=\"V\u1ec1 Ch\u00fang T\u00f4i - New World Saigon Hotel\" \/>\n<meta property=\"og:description\" content=\"New World Saigon Hotel l\u00e0 \u0111i\u1ec3m \u0111\u1ebfn &#8220;bleisure&#8221; h\u00e0ng \u0111\u1ea7u t\u1ea1i TP.HCM. T\u1ecda l\u1ea1c ngay trung t\u00e2m th\u00e0nh ph\u1ed1, ch\u1ec9 c\u00e1ch Ga Metro B\u1ebfn Th\u00e0nh v\u00e0i b\u01b0\u1edbc ch\u00e2n, New World mang \u0111\u1ebfn s\u1ef1 k\u1ebft h\u1ee3p h\u00e0i h\u00f2a gi\u1eefa c\u00f4ng vi\u1ec7c v\u00e0 kh\u00e1m ph\u00e1 v\u0103n h\u00f3a. V\u1edbi 530 ph\u00f2ng ngh\u1ec9 hi\u1ec7n \u0111\u1ea1i, b\u1ea1n c\u00f3 th\u1ec3 th\u01b0 &hellip; Read more &quot;V\u1ec1 Ch\u00fang T\u00f4i&quot;\" \/>\n<meta property=\"og:url\" content=\"https:\/\/saigon.newworldhotels.com\/vi\/about-us\/\" \/>\n<meta property=\"og:site_name\" content=\"New World Saigon Hotel\" \/>\n<meta property=\"article:modified_time\" content=\"2025-12-03T08:21:30+00:00\" \/>\n<meta property=\"og:image\" content=\"https:\/\/saigon.newworldhotels.com\/wp-content\/uploads\/2025\/06\/NWSGN_Hotel_Facilities_Public-Area_Lobby_03-1024x768.jpg\" \/>\n\t<meta property=\"og:image:width\" content=\"1024\" \/>\n\t<meta property=\"og:image:height\" content=\"768\" \/>\n\t<meta property=\"og:image:type\" content=\"image\/jpeg\" \/>\n<meta name=\"twitter:card\" content=\"summary_large_image\" \/>\n<meta name=\"twitter:label1\" content=\"Est. reading time\" \/>\n\t<meta name=\"twitter:data1\" content=\"2 minutes\" \/>\n<script type=\"application\/ld+json\" class=\"yoast-schema-graph\">{\"@context\":\"https:\/\/schema.org\",\"@graph\":[{\"@type\":\"WebPage\",\"@id\":\"https:\/\/saigon.newworldhotels.com\/vi\/about-us\/\",\"url\":\"https:\/\/saigon.newworldhotels.com\/vi\/about-us\/\",\"name\":\"V\u1ec1 Ch\u00fang T\u00f4i - New World Saigon Hotel\",\"isPartOf\":{\"@id\":\"https:\/\/saigon.newworldhotels.com\/en\/#website\"},\"primaryImageOfPage\":{\"@id\":\"https:\/\/saigon.newworldhotels.com\/vi\/about-us\/#primaryimage\"},\"image\":{\"@id\":\"https:\/\/saigon.newworldhotels.com\/vi\/about-us\/#primaryimage\"},\"thumbnailUrl\":\"https:\/\/i0.wp.com\/saigon.newworldhotels.com\/wp-content\/uploads\/2025\/06\/NWSGN_Hotel_Facilities_Public-Area_Lobby_03.jpg?fit=8256%2C6192&ssl=1\",\"datePublished\":\"2024-12-28T08:31:16+00:00\",\"dateModified\":\"2025-12-03T08:21:30+00:00\",\"breadcrumb\":{\"@id\":\"https:\/\/saigon.newworldhotels.com\/vi\/about-us\/#breadcrumb\"},\"inLanguage\":\"vi-VN\",\"potentialAction\":[{\"@type\":\"ReadAction\",\"target\":[\"https:\/\/saigon.newworldhotels.com\/vi\/about-us\/\"]}]},{\"@type\":\"ImageObject\",\"inLanguage\":\"vi-VN\",\"@id\":\"https:\/\/saigon.newworldhotels.com\/vi\/about-us\/#primaryimage\",\"url\":\"https:\/\/i0.wp.com\/saigon.newworldhotels.com\/wp-content\/uploads\/2025\/06\/NWSGN_Hotel_Facilities_Public-Area_Lobby_03.jpg?fit=8256%2C6192&ssl=1\",\"contentUrl\":\"https:\/\/i0.wp.com\/saigon.newworldhotels.com\/wp-content\/uploads\/2025\/06\/NWSGN_Hotel_Facilities_Public-Area_Lobby_03.jpg?fit=8256%2C6192&ssl=1\",\"width\":8256,\"height\":6192},{\"@type\":\"BreadcrumbList\",\"@id\":\"https:\/\/saigon.newworldhotels.com\/vi\/about-us\/#breadcrumb\",\"itemListElement\":[{\"@type\":\"ListItem\",\"position\":1,\"name\":\"Home\",\"item\":\"https:\/\/saigon.newworldhotels.com\/vi\/\"},{\"@type\":\"ListItem\",\"position\":2,\"name\":\"V\u1ec1 Ch\u00fang T\u00f4i\"}]},{\"@type\":\"WebSite\",\"@id\":\"https:\/\/saigon.newworldhotels.com\/en\/#website\",\"url\":\"https:\/\/saigon.newworldhotels.com\/en\/\",\"name\":\"New World Saigon Hotel\",\"description\":\"\",\"potentialAction\":[{\"@type\":\"SearchAction\",\"target\":{\"@type\":\"EntryPoint\",\"urlTemplate\":\"https:\/\/saigon.newworldhotels.com\/en\/?s={search_term_string}\"},\"query-input\":{\"@type\":\"PropertyValueSpecification\",\"valueRequired\":true,\"valueName\":\"search_term_string\"}}],\"inLanguage\":\"vi-VN\"}]}<\/script>\n<!-- \/ Yoast SEO plugin. -->","yoast_head_json":{"title":"V\u1ec1 Ch\u00fang T\u00f4i - New World Saigon Hotel","robots":{"index":"index","follow":"follow","max-snippet":"max-snippet:-1","max-image-preview":"max-image-preview:large","max-video-preview":"max-video-preview:-1"},"canonical":"https:\/\/saigon.newworldhotels.com\/vi\/about-us\/","og_locale":"vi_VN","og_type":"article","og_title":"V\u1ec1 Ch\u00fang T\u00f4i - New World Saigon Hotel","og_description":"New World Saigon Hotel l\u00e0 \u0111i\u1ec3m \u0111\u1ebfn &#8220;bleisure&#8221; h\u00e0ng \u0111\u1ea7u t\u1ea1i TP.HCM. T\u1ecda l\u1ea1c ngay trung t\u00e2m th\u00e0nh ph\u1ed1, ch\u1ec9 c\u00e1ch Ga Metro B\u1ebfn Th\u00e0nh v\u00e0i b\u01b0\u1edbc ch\u00e2n, New World mang \u0111\u1ebfn s\u1ef1 k\u1ebft h\u1ee3p h\u00e0i h\u00f2a gi\u1eefa c\u00f4ng vi\u1ec7c v\u00e0 kh\u00e1m ph\u00e1 v\u0103n h\u00f3a. V\u1edbi 530 ph\u00f2ng ngh\u1ec9 hi\u1ec7n \u0111\u1ea1i, b\u1ea1n c\u00f3 th\u1ec3 th\u01b0 &hellip; Read more \"V\u1ec1 Ch\u00fang T\u00f4i\"","og_url":"https:\/\/saigon.newworldhotels.com\/vi\/about-us\/","og_site_name":"New World Saigon Hotel","article_modified_time":"2025-12-03T08:21:30+00:00","og_image":[{"width":1024,"height":768,"url":"https:\/\/saigon.newworldhotels.com\/wp-content\/uploads\/2025\/06\/NWSGN_Hotel_Facilities_Public-Area_Lobby_03-1024x768.jpg","type":"image\/jpeg"}],"twitter_card":"summary_large_image","twitter_misc":{"Est. reading time":"2 minutes"},"schema":{"@context":"https:\/\/schema.org","@graph":[{"@type":"WebPage","@id":"https:\/\/saigon.newworldhotels.com\/vi\/about-us\/","url":"https:\/\/saigon.newworldhotels.com\/vi\/about-us\/","name":"V\u1ec1 Ch\u00fang T\u00f4i - New World Saigon Hotel","isPartOf":{"@id":"https:\/\/saigon.newworldhotels.com\/en\/#website"},"primaryImageOfPage":{"@id":"https:\/\/saigon.newworldhotels.com\/vi\/about-us\/#primaryimage"},"image":{"@id":"https:\/\/saigon.newworldhotels.com\/vi\/about-us\/#primaryimage"},"thumbnailUrl":"https:\/\/i0.wp.com\/saigon.newworldhotels.com\/wp-content\/uploads\/2025\/06\/NWSGN_Hotel_Facilities_Public-Area_Lobby_03.jpg?fit=8256%2C6192&ssl=1","datePublished":"2024-12-28T08:31:16+00:00","dateModified":"2025-12-03T08:21:30+00:00","breadcrumb":{"@id":"https:\/\/saigon.newworldhotels.com\/vi\/about-us\/#breadcrumb"},"inLanguage":"vi-VN","potentialAction":[{"@type":"ReadAction","target":["https:\/\/saigon.newworldhotels.com\/vi\/about-us\/"]}]},{"@type":"ImageObject","inLanguage":"vi-VN","@id":"https:\/\/saigon.newworldhotels.com\/vi\/about-us\/#primaryimage","url":"https:\/\/i0.wp.com\/saigon.newworldhotels.com\/wp-content\/uploads\/2025\/06\/NWSGN_Hotel_Facilities_Public-Area_Lobby_03.jpg?fit=8256%2C6192&ssl=1","contentUrl":"https:\/\/i0.wp.com\/saigon.newworldhotels.com\/wp-content\/uploads\/2025\/06\/NWSGN_Hotel_Facilities_Public-Area_Lobby_03.jpg?fit=8256%2C6192&ssl=1","width":8256,"height":6192},{"@type":"BreadcrumbList","@id":"https:\/\/saigon.newworldhotels.com\/vi\/about-us\/#breadcrumb","itemListElement":[{"@type":"ListItem","position":1,"name":"Home","item":"https:\/\/saigon.newworldhotels.com\/vi\/"},{"@type":"ListItem","position":2,"name":"V\u1ec1 Ch\u00fang T\u00f4i"}]},{"@type":"WebSite","@id":"https:\/\/saigon.newworldhotels.com\/en\/#website","url":"https:\/\/saigon.newworldhotels.com\/en\/","name":"New World Saigon Hotel","description":"","potentialAction":[{"@type":"SearchAction","target":{"@type":"EntryPoint","urlTemplate":"https:\/\/saigon.newworldhotels.com\/en\/?s={search_term_string}"},"query-input":{"@type":"PropertyValueSpecification","valueRequired":true,"valueName":"search_term_string"}}],"inLanguage":"vi-VN"}]}},"jetpack_sharing_enabled":true,"jetpack_shortlink":"https:\/\/wp.me\/Pg5XuR-478","featured_media_urls":{"thumbnail":["https:\/\/i0.wp.com\/saigon.newworldhotels.com\/wp-content\/uploads\/2025\/06\/NWSGN_Hotel_Facilities_Public-Area_Lobby_03.jpg?resize=150%2C150&ssl=1",150,150,true],"medium":["https:\/\/i0.wp.com\/saigon.newworldhotels.com\/wp-content\/uploads\/2025\/06\/NWSGN_Hotel_Facilities_Public-Area_Lobby_03.jpg?fit=300%2C225&ssl=1",300,225,true],"medium_large":["https:\/\/i0.wp.com\/saigon.newworldhotels.com\/wp-content\/uploads\/2025\/06\/NWSGN_Hotel_Facilities_Public-Area_Lobby_03.jpg?fit=768%2C576&ssl=1",768,576,true],"large":["https:\/\/i0.wp.com\/saigon.newworldhotels.com\/wp-content\/uploads\/2025\/06\/NWSGN_Hotel_Facilities_Public-Area_Lobby_03.jpg?fit=950%2C713&ssl=1",950,713,true],"1536x1536":["https:\/\/i0.wp.com\/saigon.newworldhotels.com\/wp-content\/uploads\/2025\/06\/NWSGN_Hotel_Facilities_Public-Area_Lobby_03.jpg?fit=1536%2C1152&ssl=1",1536,1152,true],"2048x2048":["https:\/\/i0.wp.com\/saigon.newworldhotels.com\/wp-content\/uploads\/2025\/06\/NWSGN_Hotel_Facilities_Public-Area_Lobby_03.jpg?fit=2048%2C1536&ssl=1",2048,1536,true],"newspack-article-block-landscape-large":["https:\/\/i0.wp.com\/saigon.newworldhotels.com\/wp-content\/uploads\/2025\/06\/NWSGN_Hotel_Facilities_Public-Area_Lobby_03.jpg?resize=1200%2C900&ssl=1",1200,900,true],"newspack-article-block-portrait-large":["https:\/\/i0.wp.com\/saigon.newworldhotels.com\/wp-content\/uploads\/2025\/06\/NWSGN_Hotel_Facilities_Public-Area_Lobby_03.jpg?resize=900%2C1200&ssl=1",900,1200,true],"newspack-article-block-square-large":["https:\/\/i0.wp.com\/saigon.newworldhotels.com\/wp-content\/uploads\/2025\/06\/NWSGN_Hotel_Facilities_Public-Area_Lobby_03.jpg?resize=1200%2C1200&ssl=1",1200,1200,true],"newspack-article-block-landscape-medium":["https:\/\/i0.wp.com\/saigon.newworldhotels.com\/wp-content\/uploads\/2025\/06\/NWSGN_Hotel_Facilities_Public-Area_Lobby_03.jpg?resize=800%2C600&ssl=1",800,600,true],"newspack-article-block-portrait-medium":["https:\/\/i0.wp.com\/saigon.newworldhotels.com\/wp-content\/uploads\/2025\/06\/NWSGN_Hotel_Facilities_Public-Area_Lobby_03.jpg?resize=600%2C800&ssl=1",600,800,true],"newspack-article-block-square-medium":["https:\/\/i0.wp.com\/saigon.newworldhotels.com\/wp-content\/uploads\/2025\/06\/NWSGN_Hotel_Facilities_Public-Area_Lobby_03.jpg?resize=800%2C800&ssl=1",800,800,true],"newspack-article-block-landscape-intermediate":["https:\/\/i0.wp.com\/saigon.newworldhotels.com\/wp-content\/uploads\/2025\/06\/NWSGN_Hotel_Facilities_Public-Area_Lobby_03.jpg?resize=600%2C450&ssl=1",600,450,true],"newspack-article-block-portrait-intermediate":["https:\/\/i0.wp.com\/saigon.newworldhotels.com\/wp-content\/uploads\/2025\/06\/NWSGN_Hotel_Facilities_Public-Area_Lobby_03.jpg?resize=450%2C600&ssl=1",450,600,true],"newspack-article-block-square-intermediate":["https:\/\/i0.wp.com\/saigon.newworldhotels.com\/wp-content\/uploads\/2025\/06\/NWSGN_Hotel_Facilities_Public-Area_Lobby_03.jpg?resize=600%2C600&ssl=1",600,600,true],"newspack-article-block-landscape-small":["https:\/\/i0.wp.com\/saigon.newworldhotels.com\/wp-content\/uploads\/2025\/06\/NWSGN_Hotel_Facilities_Public-Area_Lobby_03.jpg?resize=400%2C300&ssl=1",400,300,true],"newspack-article-block-portrait-small":["https:\/\/i0.wp.com\/saigon.newworldhotels.com\/wp-content\/uploads\/2025\/06\/NWSGN_Hotel_Facilities_Public-Area_Lobby_03.jpg?resize=300%2C400&ssl=1",300,400,true],"newspack-article-block-square-small":["https:\/\/i0.wp.com\/saigon.newworldhotels.com\/wp-content\/uploads\/2025\/06\/NWSGN_Hotel_Facilities_Public-Area_Lobby_03.jpg?resize=400%2C400&ssl=1",400,400,true],"newspack-article-block-landscape-tiny":["https:\/\/i0.wp.com\/saigon.newworldhotels.com\/wp-content\/uploads\/2025\/06\/NWSGN_Hotel_Facilities_Public-Area_Lobby_03.jpg?resize=200%2C150&ssl=1",200,150,true],"newspack-article-block-portrait-tiny":["https:\/\/i0.wp.com\/saigon.newworldhotels.com\/wp-content\/uploads\/2025\/06\/NWSGN_Hotel_Facilities_Public-Area_Lobby_03.jpg?resize=150%2C200&ssl=1",150,200,true],"newspack-article-block-square-tiny":["https:\/\/i0.wp.com\/saigon.newworldhotels.com\/wp-content\/uploads\/2025\/06\/NWSGN_Hotel_Facilities_Public-Area_Lobby_03.jpg?resize=200%2C200&ssl=1",200,200,true],"newspack-article-block-uncropped":["https:\/\/i0.wp.com\/saigon.newworldhotels.com\/wp-content\/uploads\/2025\/06\/NWSGN_Hotel_Facilities_Public-Area_Lobby_03.jpg?fit=1200%2C900&ssl=1",1200,900,true],"inspiro-featured-image":["https:\/\/i0.wp.com\/saigon.newworldhotels.com\/wp-content\/uploads\/2025\/06\/NWSGN_Hotel_Facilities_Public-Area_Lobby_03.jpg?fit=2000%2C1500&ssl=1",2000,1500,true],"inspiro-loop":["https:\/\/i0.wp.com\/saigon.newworldhotels.com\/wp-content\/uploads\/2025\/06\/NWSGN_Hotel_Facilities_Public-Area_Lobby_03.jpg?resize=950%2C320&ssl=1",950,320,true],"inspiro-loop@2x":["https:\/\/i0.wp.com\/saigon.newworldhotels.com\/wp-content\/uploads\/2025\/06\/NWSGN_Hotel_Facilities_Public-Area_Lobby_03.jpg?resize=1900%2C640&ssl=1",1900,640,true],"portfolio_item-thumbnail":["https:\/\/i0.wp.com\/saigon.newworldhotels.com\/wp-content\/uploads\/2025\/06\/NWSGN_Hotel_Facilities_Public-Area_Lobby_03.jpg?resize=600%2C400&ssl=1",600,400,true],"portfolio_item-thumbnail@2x":["https:\/\/i0.wp.com\/saigon.newworldhotels.com\/wp-content\/uploads\/2025\/06\/NWSGN_Hotel_Facilities_Public-Area_Lobby_03.jpg?resize=1200%2C800&ssl=1",1200,800,true],"portfolio_item-masonry":["https:\/\/i0.wp.com\/saigon.newworldhotels.com\/wp-content\/uploads\/2025\/06\/NWSGN_Hotel_Facilities_Public-Area_Lobby_03.jpg?fit=600%2C450&ssl=1",600,450,true],"portfolio_item-masonry@2x":["https:\/\/i0.wp.com\/saigon.newworldhotels.com\/wp-content\/uploads\/2025\/06\/NWSGN_Hotel_Facilities_Public-Area_Lobby_03.jpg?fit=1200%2C900&ssl=1",1200,900,true],"portfolio_item-thumbnail_cinema":["https:\/\/i0.wp.com\/saigon.newworldhotels.com\/wp-content\/uploads\/2025\/06\/NWSGN_Hotel_Facilities_Public-Area_Lobby_03.jpg?resize=800%2C335&ssl=1",800,335,true],"portfolio_item-thumbnail_portrait":["https:\/\/i0.wp.com\/saigon.newworldhotels.com\/wp-content\/uploads\/2025\/06\/NWSGN_Hotel_Facilities_Public-Area_Lobby_03.jpg?resize=600%2C900&ssl=1",600,900,true],"portfolio_item-thumbnail_portrait@2x":["https:\/\/i0.wp.com\/saigon.newworldhotels.com\/wp-content\/uploads\/2025\/06\/NWSGN_Hotel_Facilities_Public-Area_Lobby_03.jpg?resize=1200%2C1800&ssl=1",1200,1800,true],"portfolio_item-thumbnail_square":["https:\/\/i0.wp.com\/saigon.newworldhotels.com\/wp-content\/uploads\/2025\/06\/NWSGN_Hotel_Facilities_Public-Area_Lobby_03.jpg?resize=800%2C800&ssl=1",800,800,true]},"_links":{"self":[{"href":"https:\/\/saigon.newworldhotels.com\/vi\/wp-json\/wp\/v2\/pages\/15818","targetHints":{"allow":["GET"]}}],"collection":[{"href":"https:\/\/saigon.newworldhotels.com\/vi\/wp-json\/wp\/v2\/pages"}],"about":[{"href":"https:\/\/saigon.newworldhotels.com\/vi\/wp-json\/wp\/v2\/types\/page"}],"author":[{"embeddable":true,"href":"https:\/\/saigon.newworldhotels.com\/vi\/wp-json\/wp\/v2\/users\/256764880"}],"replies":[{"embeddable":true,"href":"https:\/\/saigon.newworldhotels.com\/vi\/wp-json\/wp\/v2\/comments?post=15818"}],"version-history":[{"count":3,"href":"https:\/\/saigon.newworldhotels.com\/vi\/wp-json\/wp\/v2\/pages\/15818\/revisions"}],"predecessor-version":[{"id":16343,"href":"https:\/\/saigon.newworldhotels.com\/vi\/wp-json\/wp\/v2\/pages\/15818\/revisions\/16343"}],"wp:featuredmedia":[{"embeddable":true,"href":"https:\/\/saigon.newworldhotels.com\/vi\/wp-json\/wp\/v2\/media\/15819"}],"wp:attachment":[{"href":"https:\/\/saigon.newworldhotels.com\/vi\/wp-json\/wp\/v2\/media?parent=15818"}],"curies":[{"name":"wp","href":"https:\/\/api.w.org\/{rel}","templated":true}]}}