{"id":16071,"date":"2025-05-16T10:48:47","date_gmt":"2025-05-16T02:48:47","guid":{"rendered":"https:\/\/saigon.newworldhotels.com\/en\/facilities\/fitness-center\/"},"modified":"2025-09-17T10:38:17","modified_gmt":"2025-09-17T02:38:17","slug":"fitness-center","status":"publish","type":"page","link":"https:\/\/saigon.newworldhotels.com\/vi\/facilities\/fitness-center\/","title":{"rendered":"Fitness Center"},"content":{"rendered":"\n<p class=\"has-text-align-center wp-block-paragraph\">Ph\u00f2ng t\u1eadp th\u1ec3 h\u00ecnh h\u01b0\u1edbng ra khu v\u01b0\u1eddn xanh m\u00e1t, \u0111\u01b0\u1ee3c trang b\u1ecb t\u1ea1 r\u1eddi, m\u00e1y t\u1eadp cardio v\u00e0 h\u1ec7 th\u1ed1ng trang thi\u1ebft b\u1ecb hi\u1ec7n \u0111\u1ea1i. Kh\u00f4ng gian y\u00ean t\u0129nh, chuy\u00ean nghi\u1ec7p, th\u00edch h\u1ee3p \u0111\u1ec3 duy tr\u00ec l\u1ed1i s\u1ed1ng n\u0103ng \u0111\u1ed9ng v\u00e0 c\u00e2n b\u1eb1ng v\u00f3c d\u00e1ng.<\/p>\n\n\n\n<div style=\"height:var(--wp--preset--spacing--x-small)\" aria-hidden=\"true\" class=\"wp-block-spacer\"><\/div>\n\n\n\n<div class=\"wp-block-group has-global-padding is-layout-constrained wp-block-group-is-layout-constrained\">\n<h2 class=\"wp-block-heading has-text-align-center\" id=\"h-fitness-center\">Fitness Center<\/h2>\n\n\n\n<figure class=\"wp-block-image aligncenter size-large is-resized\"><img data-recalc-dims=\"1\" loading=\"lazy\" decoding=\"async\" width=\"950\" height=\"633\" src=\"https:\/\/i0.wp.com\/saigon.newworldhotels.com\/en\/wp-content\/uploads\/2025\/06\/2f5752bba66675382c77-1024x682.jpg?resize=950%2C633&#038;ssl=1\" alt=\"\" class=\"wp-image-13226\" style=\"width:1140px;height:auto\" srcset=\"https:\/\/i0.wp.com\/saigon.newworldhotels.com\/wp-content\/uploads\/2025\/06\/2f5752bba66675382c77.jpg?resize=1024%2C682&amp;ssl=1 1024w, https:\/\/i0.wp.com\/saigon.newworldhotels.com\/wp-content\/uploads\/2025\/06\/2f5752bba66675382c77.jpg?resize=300%2C200&amp;ssl=1 300w, https:\/\/i0.wp.com\/saigon.newworldhotels.com\/wp-content\/uploads\/2025\/06\/2f5752bba66675382c77.jpg?resize=2000%2C1333&amp;ssl=1 2000w, https:\/\/i0.wp.com\/saigon.newworldhotels.com\/wp-content\/uploads\/2025\/06\/2f5752bba66675382c77.jpg?w=1900&amp;ssl=1 1900w\" sizes=\"auto, (max-width: 950px) 100vw, 950px\" \/><\/figure>\n\n\n\n<div style=\"height:var(--wp--preset--spacing--x-small)\" aria-hidden=\"true\" class=\"wp-block-spacer\"><\/div>\n<\/div>\n\n\n\n<div class=\"wp-block-group alignfull has-background has-global-padding is-layout-constrained wp-block-group-is-layout-constrained\" style=\"background-color:#f8f8f8;padding-top:var(--wp--preset--spacing--medium);padding-bottom:var(--wp--preset--spacing--medium)\">\n<div class=\"wp-block-media-text has-media-on-the-right is-stacked-on-mobile\"><div class=\"wp-block-media-text__content\">\n<p class=\"wp-block-paragraph\"><strong>Ch\u01b0\u01a1ng tr\u00ecnh h\u1ed9i vi\u00ean &amp; quy\u1ec1n l\u1ee3i<\/strong><\/p>\n\n\n\n<ul class=\"wp-block-list\">\n<li>Ph\u00f2ng thay \u0111\u1ed3 v\u1edbi khu v\u1ef1c th\u1ee7y li\u1ec7u ph\u00e1p, bao g\u1ed3m v\u00f2i sen massage, ph\u00f2ng x\u00f4ng h\u01a1i \u01b0\u1edbt, ph\u00f2ng x\u00f4ng kh\u00f4 v\u00e0 b\u1ed3n s\u1ee5c jacuzzi (d\u00e0nh ri\u00eang cho n\u1eef).<\/li>\n<\/ul>\n\n\n\n<ul class=\"wp-block-list\">\n<li>Mi\u1ec5n ph\u00ed g\u1eedi xe m\u00e1y trong th\u1eddi gian s\u1eed d\u1ee5ng ti\u1ec7n \u00edch t\u1ea1i C\u00e2u l\u1ea1c b\u1ed9 Th\u1ec3 h\u00ecnh.<\/li>\n<\/ul>\n\n\n\n<ul class=\"wp-block-list\">\n<li>\u01afu \u0111\u00e3i h\u1ed9i vi\u00ean doanh nghi\u1ec7p: gi\u1ea3m 20% cho nh\u00f3m t\u1eeb 5 ng\u01b0\u1eddi tr\u1edf l\u00ean.<\/li>\n<\/ul>\n\n\n\n<ul class=\"wp-block-list\">\n<li>V\u00e9 b\u01a1i: 400,000\u20ab (ch\u1ec9 s\u1eed d\u1ee5ng h\u1ed3 b\u01a1i).<\/li>\n<\/ul>\n\n\n\n<p class=\"wp-block-paragraph\"><em>*T\u1ea5t c\u1ea3 m\u1ee9c gi\u00e1 \u0111\u00e3 bao g\u1ed3m thu\u1ebf, ph\u00ed v\u00e0 \u0111\u01b0\u1ee3c ni\u00eam y\u1ebft b\u1eb1ng VND<\/em><\/p>\n\n\n\n<p class=\"wp-block-paragraph\"><\/p>\n<\/div><figure class=\"wp-block-media-text__media\"><img data-recalc-dims=\"1\" loading=\"lazy\" decoding=\"async\" width=\"950\" height=\"634\" src=\"https:\/\/i0.wp.com\/saigon.newworldhotels.com\/en\/wp-content\/uploads\/2025\/07\/th-gym-1024x683.jpg?resize=950%2C634&#038;ssl=1\" alt=\"\" class=\"wp-image-14918 size-full\" srcset=\"https:\/\/i0.wp.com\/saigon.newworldhotels.com\/wp-content\/uploads\/2025\/07\/th-gym.jpg?resize=1024%2C683&amp;ssl=1 1024w, https:\/\/i0.wp.com\/saigon.newworldhotels.com\/wp-content\/uploads\/2025\/07\/th-gym.jpg?resize=300%2C200&amp;ssl=1 300w, https:\/\/i0.wp.com\/saigon.newworldhotels.com\/wp-content\/uploads\/2025\/07\/th-gym.jpg?resize=2000%2C1333&amp;ssl=1 2000w, https:\/\/i0.wp.com\/saigon.newworldhotels.com\/wp-content\/uploads\/2025\/07\/th-gym.jpg?w=2048&amp;ssl=1 2048w, https:\/\/i0.wp.com\/saigon.newworldhotels.com\/wp-content\/uploads\/2025\/07\/th-gym.jpg?w=1900&amp;ssl=1 1900w\" sizes=\"auto, (max-width: 950px) 100vw, 950px\" \/><\/figure><\/div>\n<\/div>\n\n\n\n<div style=\"height:var(--wp--preset--spacing--small)\" aria-hidden=\"true\" class=\"wp-block-spacer\"><\/div>\n","protected":false},"excerpt":{"rendered":"<p>Ph\u00f2ng t\u1eadp th\u1ec3 h\u00ecnh h\u01b0\u1edbng ra khu v\u01b0\u1eddn xanh m\u00e1t, \u0111\u01b0\u1ee3c trang b\u1ecb t\u1ea1 r\u1eddi, m\u00e1y t\u1eadp cardio v\u00e0 h\u1ec7 th\u1ed1ng trang thi\u1ebft b\u1ecb hi\u1ec7n \u0111\u1ea1i. Kh\u00f4ng gian y\u00ean t\u0129nh, chuy\u00ean nghi\u1ec7p, th\u00edch h\u1ee3p \u0111\u1ec3 duy tr\u00ec l\u1ed1i s\u1ed1ng n\u0103ng \u0111\u1ed9ng v\u00e0 c\u00e2n b\u1eb1ng v\u00f3c d\u00e1ng. Fitness Center Ch\u01b0\u01a1ng tr\u00ecnh h\u1ed9i vi\u00ean &amp; quy\u1ec1n l\u1ee3i &hellip; <\/p>\n<p class=\"link-more\"><a href=\"https:\/\/saigon.newworldhotels.com\/vi\/facilities\/fitness-center\/\" class=\"more-link\">Read more<span class=\"screen-reader-text\"> &#8220;Fitness Center&#8221;<\/span><\/a><\/p>\n","protected":false},"author":256764880,"featured_media":16073,"parent":16056,"menu_order":0,"comment_status":"closed","ping_status":"closed","template":"","meta":{"_acf_changed":false,"_crdt_document":"","footnotes":""},"class_list":["post-16071","page","type-page","status-publish","has-post-thumbnail","hentry"],"acf":[],"yoast_head":"<!-- This site is optimized with the Yoast SEO plugin v27.4 - https:\/\/yoast.com\/product\/yoast-seo-wordpress\/ -->\n<title>Fitness Center - New World Saigon Hotel<\/title>\n<meta name=\"robots\" content=\"index, follow, max-snippet:-1, max-image-preview:large, max-video-preview:-1\" \/>\n<link rel=\"canonical\" href=\"https:\/\/saigon.newworldhotels.com\/en\/facilities\/fitness-center\/\" \/>\n<meta property=\"og:locale\" content=\"vi_VN\" \/>\n<meta property=\"og:type\" content=\"article\" \/>\n<meta property=\"og:title\" content=\"Fitness Center - New World Saigon Hotel\" \/>\n<meta property=\"og:description\" content=\"Ph\u00f2ng t\u1eadp th\u1ec3 h\u00ecnh h\u01b0\u1edbng ra khu v\u01b0\u1eddn xanh m\u00e1t, \u0111\u01b0\u1ee3c trang b\u1ecb t\u1ea1 r\u1eddi, m\u00e1y t\u1eadp cardio v\u00e0 h\u1ec7 th\u1ed1ng trang thi\u1ebft b\u1ecb hi\u1ec7n \u0111\u1ea1i. Kh\u00f4ng gian y\u00ean t\u0129nh, chuy\u00ean nghi\u1ec7p, th\u00edch h\u1ee3p \u0111\u1ec3 duy tr\u00ec l\u1ed1i s\u1ed1ng n\u0103ng \u0111\u1ed9ng v\u00e0 c\u00e2n b\u1eb1ng v\u00f3c d\u00e1ng. Fitness Center Ch\u01b0\u01a1ng tr\u00ecnh h\u1ed9i vi\u00ean &amp; quy\u1ec1n l\u1ee3i &hellip; Read more &quot;Fitness Center&quot;\" \/>\n<meta property=\"og:url\" content=\"https:\/\/saigon.newworldhotels.com\/en\/facilities\/fitness-center\/\" \/>\n<meta property=\"og:site_name\" content=\"New World Saigon Hotel\" \/>\n<meta property=\"article:modified_time\" content=\"2025-09-17T02:38:17+00:00\" \/>\n<meta property=\"og:image\" content=\"https:\/\/saigon.newworldhotels.com\/wp-content\/uploads\/2025\/06\/Fitness-Club-1-1024x683.jpg\" \/>\n\t<meta property=\"og:image:width\" content=\"1024\" \/>\n\t<meta property=\"og:image:height\" content=\"683\" \/>\n\t<meta property=\"og:image:type\" content=\"image\/jpeg\" \/>\n<meta name=\"twitter:card\" content=\"summary_large_image\" \/>\n<meta name=\"twitter:label1\" content=\"Est. reading time\" \/>\n\t<meta name=\"twitter:data1\" content=\"2 minutes\" \/>\n<script type=\"application\/ld+json\" class=\"yoast-schema-graph\">{\"@context\":\"https:\\\/\\\/schema.org\",\"@graph\":[{\"@type\":\"WebPage\",\"@id\":\"https:\\\/\\\/saigon.newworldhotels.com\\\/en\\\/facilities\\\/fitness-center\\\/\",\"url\":\"https:\\\/\\\/saigon.newworldhotels.com\\\/en\\\/facilities\\\/fitness-center\\\/\",\"name\":\"Fitness Center - New World Saigon Hotel\",\"isPartOf\":{\"@id\":\"https:\\\/\\\/saigon.newworldhotels.com\\\/ko\\\/#website\"},\"primaryImageOfPage\":{\"@id\":\"https:\\\/\\\/saigon.newworldhotels.com\\\/en\\\/facilities\\\/fitness-center\\\/#primaryimage\"},\"image\":{\"@id\":\"https:\\\/\\\/saigon.newworldhotels.com\\\/en\\\/facilities\\\/fitness-center\\\/#primaryimage\"},\"thumbnailUrl\":\"https:\\\/\\\/i0.wp.com\\\/saigon.newworldhotels.com\\\/wp-content\\\/uploads\\\/2025\\\/06\\\/Fitness-Club-1.jpg?fit=9302%2C6202&ssl=1\",\"datePublished\":\"2025-05-16T02:48:47+00:00\",\"dateModified\":\"2025-09-17T02:38:17+00:00\",\"breadcrumb\":{\"@id\":\"https:\\\/\\\/saigon.newworldhotels.com\\\/en\\\/facilities\\\/fitness-center\\\/#breadcrumb\"},\"inLanguage\":\"vi-VN\",\"potentialAction\":[{\"@type\":\"ReadAction\",\"target\":[\"https:\\\/\\\/saigon.newworldhotels.com\\\/en\\\/facilities\\\/fitness-center\\\/\"]}]},{\"@type\":\"ImageObject\",\"inLanguage\":\"vi-VN\",\"@id\":\"https:\\\/\\\/saigon.newworldhotels.com\\\/en\\\/facilities\\\/fitness-center\\\/#primaryimage\",\"url\":\"https:\\\/\\\/i0.wp.com\\\/saigon.newworldhotels.com\\\/wp-content\\\/uploads\\\/2025\\\/06\\\/Fitness-Club-1.jpg?fit=9302%2C6202&ssl=1\",\"contentUrl\":\"https:\\\/\\\/i0.wp.com\\\/saigon.newworldhotels.com\\\/wp-content\\\/uploads\\\/2025\\\/06\\\/Fitness-Club-1.jpg?fit=9302%2C6202&ssl=1\",\"width\":9302,\"height\":6202},{\"@type\":\"BreadcrumbList\",\"@id\":\"https:\\\/\\\/saigon.newworldhotels.com\\\/en\\\/facilities\\\/fitness-center\\\/#breadcrumb\",\"itemListElement\":[{\"@type\":\"ListItem\",\"position\":1,\"name\":\"Home\",\"item\":\"https:\\\/\\\/saigon.newworldhotels.com\\\/vi\\\/\"},{\"@type\":\"ListItem\",\"position\":2,\"name\":\"Ti\u1ec7n Nghi\",\"item\":\"https:\\\/\\\/saigon.newworldhotels.com\\\/en\\\/facilities\\\/\"},{\"@type\":\"ListItem\",\"position\":3,\"name\":\"Fitness Center\"}]},{\"@type\":\"WebSite\",\"@id\":\"https:\\\/\\\/saigon.newworldhotels.com\\\/ko\\\/#website\",\"url\":\"https:\\\/\\\/saigon.newworldhotels.com\\\/ko\\\/\",\"name\":\"New World Saigon Hotel\",\"description\":\"\",\"potentialAction\":[{\"@type\":\"SearchAction\",\"target\":{\"@type\":\"EntryPoint\",\"urlTemplate\":\"https:\\\/\\\/saigon.newworldhotels.com\\\/ko\\\/?s={search_term_string}\"},\"query-input\":{\"@type\":\"PropertyValueSpecification\",\"valueRequired\":true,\"valueName\":\"search_term_string\"}}],\"inLanguage\":\"vi-VN\"}]}<\/script>\n<!-- \/ Yoast SEO plugin. -->","yoast_head_json":{"title":"Fitness Center - New World Saigon Hotel","robots":{"index":"index","follow":"follow","max-snippet":"max-snippet:-1","max-image-preview":"max-image-preview:large","max-video-preview":"max-video-preview:-1"},"canonical":"https:\/\/saigon.newworldhotels.com\/en\/facilities\/fitness-center\/","og_locale":"vi_VN","og_type":"article","og_title":"Fitness Center - New World Saigon Hotel","og_description":"Ph\u00f2ng t\u1eadp th\u1ec3 h\u00ecnh h\u01b0\u1edbng ra khu v\u01b0\u1eddn xanh m\u00e1t, \u0111\u01b0\u1ee3c trang b\u1ecb t\u1ea1 r\u1eddi, m\u00e1y t\u1eadp cardio v\u00e0 h\u1ec7 th\u1ed1ng trang thi\u1ebft b\u1ecb hi\u1ec7n \u0111\u1ea1i. Kh\u00f4ng gian y\u00ean t\u0129nh, chuy\u00ean nghi\u1ec7p, th\u00edch h\u1ee3p \u0111\u1ec3 duy tr\u00ec l\u1ed1i s\u1ed1ng n\u0103ng \u0111\u1ed9ng v\u00e0 c\u00e2n b\u1eb1ng v\u00f3c d\u00e1ng. Fitness Center Ch\u01b0\u01a1ng tr\u00ecnh h\u1ed9i vi\u00ean &amp; quy\u1ec1n l\u1ee3i &hellip; Read more \"Fitness Center\"","og_url":"https:\/\/saigon.newworldhotels.com\/en\/facilities\/fitness-center\/","og_site_name":"New World Saigon Hotel","article_modified_time":"2025-09-17T02:38:17+00:00","og_image":[{"width":1024,"height":683,"url":"https:\/\/saigon.newworldhotels.com\/wp-content\/uploads\/2025\/06\/Fitness-Club-1-1024x683.jpg","type":"image\/jpeg"}],"twitter_card":"summary_large_image","twitter_misc":{"Est. reading time":"2 minutes"},"schema":{"@context":"https:\/\/schema.org","@graph":[{"@type":"WebPage","@id":"https:\/\/saigon.newworldhotels.com\/en\/facilities\/fitness-center\/","url":"https:\/\/saigon.newworldhotels.com\/en\/facilities\/fitness-center\/","name":"Fitness Center - New World Saigon Hotel","isPartOf":{"@id":"https:\/\/saigon.newworldhotels.com\/ko\/#website"},"primaryImageOfPage":{"@id":"https:\/\/saigon.newworldhotels.com\/en\/facilities\/fitness-center\/#primaryimage"},"image":{"@id":"https:\/\/saigon.newworldhotels.com\/en\/facilities\/fitness-center\/#primaryimage"},"thumbnailUrl":"https:\/\/i0.wp.com\/saigon.newworldhotels.com\/wp-content\/uploads\/2025\/06\/Fitness-Club-1.jpg?fit=9302%2C6202&ssl=1","datePublished":"2025-05-16T02:48:47+00:00","dateModified":"2025-09-17T02:38:17+00:00","breadcrumb":{"@id":"https:\/\/saigon.newworldhotels.com\/en\/facilities\/fitness-center\/#breadcrumb"},"inLanguage":"vi-VN","potentialAction":[{"@type":"ReadAction","target":["https:\/\/saigon.newworldhotels.com\/en\/facilities\/fitness-center\/"]}]},{"@type":"ImageObject","inLanguage":"vi-VN","@id":"https:\/\/saigon.newworldhotels.com\/en\/facilities\/fitness-center\/#primaryimage","url":"https:\/\/i0.wp.com\/saigon.newworldhotels.com\/wp-content\/uploads\/2025\/06\/Fitness-Club-1.jpg?fit=9302%2C6202&ssl=1","contentUrl":"https:\/\/i0.wp.com\/saigon.newworldhotels.com\/wp-content\/uploads\/2025\/06\/Fitness-Club-1.jpg?fit=9302%2C6202&ssl=1","width":9302,"height":6202},{"@type":"BreadcrumbList","@id":"https:\/\/saigon.newworldhotels.com\/en\/facilities\/fitness-center\/#breadcrumb","itemListElement":[{"@type":"ListItem","position":1,"name":"Home","item":"https:\/\/saigon.newworldhotels.com\/vi\/"},{"@type":"ListItem","position":2,"name":"Ti\u1ec7n Nghi","item":"https:\/\/saigon.newworldhotels.com\/en\/facilities\/"},{"@type":"ListItem","position":3,"name":"Fitness Center"}]},{"@type":"WebSite","@id":"https:\/\/saigon.newworldhotels.com\/ko\/#website","url":"https:\/\/saigon.newworldhotels.com\/ko\/","name":"New World Saigon Hotel","description":"","potentialAction":[{"@type":"SearchAction","target":{"@type":"EntryPoint","urlTemplate":"https:\/\/saigon.newworldhotels.com\/ko\/?s={search_term_string}"},"query-input":{"@type":"PropertyValueSpecification","valueRequired":true,"valueName":"search_term_string"}}],"inLanguage":"vi-VN"}]}},"jetpack_sharing_enabled":true,"jetpack_shortlink":"https:\/\/wp.me\/Pg5XuR-4bd","featured_media_urls":{"thumbnail":["https:\/\/i0.wp.com\/saigon.newworldhotels.com\/wp-content\/uploads\/2025\/06\/Fitness-Club-1.jpg?resize=150%2C150&ssl=1",150,150,true],"medium":["https:\/\/i0.wp.com\/saigon.newworldhotels.com\/wp-content\/uploads\/2025\/06\/Fitness-Club-1.jpg?fit=300%2C200&ssl=1",300,200,true],"medium_large":["https:\/\/i0.wp.com\/saigon.newworldhotels.com\/wp-content\/uploads\/2025\/06\/Fitness-Club-1.jpg?fit=768%2C512&ssl=1",768,512,true],"large":["https:\/\/i0.wp.com\/saigon.newworldhotels.com\/wp-content\/uploads\/2025\/06\/Fitness-Club-1.jpg?fit=950%2C634&ssl=1",950,634,true],"1536x1536":["https:\/\/i0.wp.com\/saigon.newworldhotels.com\/wp-content\/uploads\/2025\/06\/Fitness-Club-1.jpg?fit=1536%2C1024&ssl=1",1536,1024,true],"2048x2048":["https:\/\/i0.wp.com\/saigon.newworldhotels.com\/wp-content\/uploads\/2025\/06\/Fitness-Club-1.jpg?fit=2048%2C1365&ssl=1",2048,1365,true],"newspack-article-block-landscape-large":["https:\/\/i0.wp.com\/saigon.newworldhotels.com\/wp-content\/uploads\/2025\/06\/Fitness-Club-1.jpg?resize=1200%2C900&ssl=1",1200,900,true],"newspack-article-block-portrait-large":["https:\/\/i0.wp.com\/saigon.newworldhotels.com\/wp-content\/uploads\/2025\/06\/Fitness-Club-1.jpg?resize=900%2C1200&ssl=1",900,1200,true],"newspack-article-block-square-large":["https:\/\/i0.wp.com\/saigon.newworldhotels.com\/wp-content\/uploads\/2025\/06\/Fitness-Club-1.jpg?resize=1200%2C1200&ssl=1",1200,1200,true],"newspack-article-block-landscape-medium":["https:\/\/i0.wp.com\/saigon.newworldhotels.com\/wp-content\/uploads\/2025\/06\/Fitness-Club-1.jpg?resize=800%2C600&ssl=1",800,600,true],"newspack-article-block-portrait-medium":["https:\/\/i0.wp.com\/saigon.newworldhotels.com\/wp-content\/uploads\/2025\/06\/Fitness-Club-1.jpg?resize=600%2C800&ssl=1",600,800,true],"newspack-article-block-square-medium":["https:\/\/i0.wp.com\/saigon.newworldhotels.com\/wp-content\/uploads\/2025\/06\/Fitness-Club-1.jpg?resize=800%2C800&ssl=1",800,800,true],"newspack-article-block-landscape-intermediate":["https:\/\/i0.wp.com\/saigon.newworldhotels.com\/wp-content\/uploads\/2025\/06\/Fitness-Club-1.jpg?resize=600%2C450&ssl=1",600,450,true],"newspack-article-block-portrait-intermediate":["https:\/\/i0.wp.com\/saigon.newworldhotels.com\/wp-content\/uploads\/2025\/06\/Fitness-Club-1.jpg?resize=450%2C600&ssl=1",450,600,true],"newspack-article-block-square-intermediate":["https:\/\/i0.wp.com\/saigon.newworldhotels.com\/wp-content\/uploads\/2025\/06\/Fitness-Club-1.jpg?resize=600%2C600&ssl=1",600,600,true],"newspack-article-block-landscape-small":["https:\/\/i0.wp.com\/saigon.newworldhotels.com\/wp-content\/uploads\/2025\/06\/Fitness-Club-1.jpg?resize=400%2C300&ssl=1",400,300,true],"newspack-article-block-portrait-small":["https:\/\/i0.wp.com\/saigon.newworldhotels.com\/wp-content\/uploads\/2025\/06\/Fitness-Club-1.jpg?resize=300%2C400&ssl=1",300,400,true],"newspack-article-block-square-small":["https:\/\/i0.wp.com\/saigon.newworldhotels.com\/wp-content\/uploads\/2025\/06\/Fitness-Club-1.jpg?resize=400%2C400&ssl=1",400,400,true],"newspack-article-block-landscape-tiny":["https:\/\/i0.wp.com\/saigon.newworldhotels.com\/wp-content\/uploads\/2025\/06\/Fitness-Club-1.jpg?resize=200%2C150&ssl=1",200,150,true],"newspack-article-block-portrait-tiny":["https:\/\/i0.wp.com\/saigon.newworldhotels.com\/wp-content\/uploads\/2025\/06\/Fitness-Club-1.jpg?resize=150%2C200&ssl=1",150,200,true],"newspack-article-block-square-tiny":["https:\/\/i0.wp.com\/saigon.newworldhotels.com\/wp-content\/uploads\/2025\/06\/Fitness-Club-1.jpg?resize=200%2C200&ssl=1",200,200,true],"newspack-article-block-uncropped":["https:\/\/i0.wp.com\/saigon.newworldhotels.com\/wp-content\/uploads\/2025\/06\/Fitness-Club-1.jpg?fit=1200%2C800&ssl=1",1200,800,true],"inspiro-featured-image":["https:\/\/i0.wp.com\/saigon.newworldhotels.com\/wp-content\/uploads\/2025\/06\/Fitness-Club-1.jpg?fit=2000%2C1333&ssl=1",2000,1333,true],"inspiro-loop":["https:\/\/i0.wp.com\/saigon.newworldhotels.com\/wp-content\/uploads\/2025\/06\/Fitness-Club-1.jpg?resize=950%2C320&ssl=1",950,320,true],"inspiro-loop@2x":["https:\/\/i0.wp.com\/saigon.newworldhotels.com\/wp-content\/uploads\/2025\/06\/Fitness-Club-1.jpg?resize=1900%2C640&ssl=1",1900,640,true],"portfolio_item-thumbnail":["https:\/\/i0.wp.com\/saigon.newworldhotels.com\/wp-content\/uploads\/2025\/06\/Fitness-Club-1.jpg?resize=600%2C400&ssl=1",600,400,true],"portfolio_item-thumbnail@2x":["https:\/\/i0.wp.com\/saigon.newworldhotels.com\/wp-content\/uploads\/2025\/06\/Fitness-Club-1.jpg?resize=1200%2C800&ssl=1",1200,800,true],"portfolio_item-masonry":["https:\/\/i0.wp.com\/saigon.newworldhotels.com\/wp-content\/uploads\/2025\/06\/Fitness-Club-1.jpg?fit=600%2C400&ssl=1",600,400,true],"portfolio_item-masonry@2x":["https:\/\/i0.wp.com\/saigon.newworldhotels.com\/wp-content\/uploads\/2025\/06\/Fitness-Club-1.jpg?fit=1200%2C800&ssl=1",1200,800,true],"portfolio_item-thumbnail_cinema":["https:\/\/i0.wp.com\/saigon.newworldhotels.com\/wp-content\/uploads\/2025\/06\/Fitness-Club-1.jpg?resize=800%2C335&ssl=1",800,335,true],"portfolio_item-thumbnail_portrait":["https:\/\/i0.wp.com\/saigon.newworldhotels.com\/wp-content\/uploads\/2025\/06\/Fitness-Club-1.jpg?resize=600%2C900&ssl=1",600,900,true],"portfolio_item-thumbnail_portrait@2x":["https:\/\/i0.wp.com\/saigon.newworldhotels.com\/wp-content\/uploads\/2025\/06\/Fitness-Club-1.jpg?resize=1200%2C1800&ssl=1",1200,1800,true],"portfolio_item-thumbnail_square":["https:\/\/i0.wp.com\/saigon.newworldhotels.com\/wp-content\/uploads\/2025\/06\/Fitness-Club-1.jpg?resize=800%2C800&ssl=1",800,800,true]},"_links":{"self":[{"href":"https:\/\/saigon.newworldhotels.com\/vi\/wp-json\/wp\/v2\/pages\/16071","targetHints":{"allow":["GET"]}}],"collection":[{"href":"https:\/\/saigon.newworldhotels.com\/vi\/wp-json\/wp\/v2\/pages"}],"about":[{"href":"https:\/\/saigon.newworldhotels.com\/vi\/wp-json\/wp\/v2\/types\/page"}],"author":[{"embeddable":true,"href":"https:\/\/saigon.newworldhotels.com\/vi\/wp-json\/wp\/v2\/users\/256764880"}],"replies":[{"embeddable":true,"href":"https:\/\/saigon.newworldhotels.com\/vi\/wp-json\/wp\/v2\/comments?post=16071"}],"version-history":[{"count":2,"href":"https:\/\/saigon.newworldhotels.com\/vi\/wp-json\/wp\/v2\/pages\/16071\/revisions"}],"predecessor-version":[{"id":16342,"href":"https:\/\/saigon.newworldhotels.com\/vi\/wp-json\/wp\/v2\/pages\/16071\/revisions\/16342"}],"up":[{"embeddable":true,"href":"https:\/\/saigon.newworldhotels.com\/vi\/wp-json\/wp\/v2\/pages\/16056"}],"wp:featuredmedia":[{"embeddable":true,"href":"https:\/\/saigon.newworldhotels.com\/vi\/wp-json\/wp\/v2\/media\/16073"}],"wp:attachment":[{"href":"https:\/\/saigon.newworldhotels.com\/vi\/wp-json\/wp\/v2\/media?parent=16071"}],"curies":[{"name":"wp","href":"https:\/\/api.w.org\/{rel}","templated":true}]}}