{"id":16077,"date":"2025-06-30T11:12:19","date_gmt":"2025-06-30T03:12:19","guid":{"rendered":"https:\/\/saigon.newworldhotels.com\/en\/facilities\/coco-spa\/"},"modified":"2025-09-05T12:28:07","modified_gmt":"2025-09-05T04:28:07","slug":"coco-spa","status":"publish","type":"page","link":"https:\/\/saigon.newworldhotels.com\/vi\/facilities\/coco-spa\/","title":{"rendered":"Coco Spa"},"content":{"rendered":"\n<p class=\"has-text-align-center wp-block-paragraph\">T\u1eadn h\u01b0\u1edfng kh\u00f4ng gian th\u01b0 gi\u00e3n ri\u00eang t\u01b0 v\u1edbi nhi\u1ec1u l\u1ef1a ch\u1ecdn massage v\u00e0 ch\u0103m s\u00f3c da m\u1eb7t.<br>L\u01b0u \u00fd: Coco Spa kh\u00f4ng do Kh\u00e1ch s\u1ea1n New World Saigon tr\u1ef1c ti\u1ebfp qu\u1ea3n l\u00fd.<\/p>\n\n\n\n<div style=\"height:var(--wp--preset--spacing--x-small)\" aria-hidden=\"true\" class=\"wp-block-spacer\"><\/div>\n\n\n\n<div class=\"wp-block-group has-global-padding is-layout-constrained wp-block-group-is-layout-constrained\">\n<h2 class=\"wp-block-heading has-text-align-center\">Coco Spa<\/h2>\n\n\n\n<figure class=\"wp-block-image aligncenter size-large is-resized\"><img data-recalc-dims=\"1\" loading=\"lazy\" decoding=\"async\" width=\"950\" height=\"623\" src=\"https:\/\/i0.wp.com\/saigon.newworldhotels.com\/en\/wp-content\/uploads\/2025\/08\/coco-a-1024x671.png?resize=950%2C623&#038;ssl=1\" alt=\"\" class=\"wp-image-15423\" style=\"width:1140px;height:auto\" srcset=\"https:\/\/i0.wp.com\/saigon.newworldhotels.com\/wp-content\/uploads\/2025\/08\/coco-a.png?resize=1024%2C671&amp;ssl=1 1024w, https:\/\/i0.wp.com\/saigon.newworldhotels.com\/wp-content\/uploads\/2025\/08\/coco-a.png?resize=300%2C197&amp;ssl=1 300w, https:\/\/i0.wp.com\/saigon.newworldhotels.com\/wp-content\/uploads\/2025\/08\/coco-a.png?resize=600%2C393&amp;ssl=1 600w, https:\/\/i0.wp.com\/saigon.newworldhotels.com\/wp-content\/uploads\/2025\/08\/coco-a.png?w=1143&amp;ssl=1 1143w\" sizes=\"auto, (max-width: 950px) 100vw, 950px\" \/><\/figure>\n\n\n\n<div style=\"height:var(--wp--preset--spacing--x-small)\" aria-hidden=\"true\" class=\"wp-block-spacer\"><\/div>\n<\/div>\n\n\n\n<div class=\"wp-block-group alignfull has-background has-global-padding is-layout-constrained wp-block-group-is-layout-constrained\" style=\"background-color:#f8f8f8;padding-top:var(--wp--preset--spacing--medium);padding-bottom:var(--wp--preset--spacing--medium)\">\n<div class=\"wp-block-media-text has-media-on-the-right is-stacked-on-mobile is-image-fill-element\" style=\"grid-template-columns:auto 53%\"><div class=\"wp-block-media-text__content\">\n<p class=\"wp-block-paragraph\"><strong>Gi\u1edd ho\u1ea1t \u0111\u1ed9ng<\/strong><\/p>\n\n\n\n<p class=\"wp-block-paragraph\">M\u1edf c\u1eeda h\u1eb1ng ng\u00e0y<\/p>\n\n\n\n<p class=\"wp-block-paragraph\">09:30 \u2013 23:00<\/p>\n\n\n\n<p class=\"wp-block-paragraph\"><\/p>\n\n\n\n<p class=\"wp-block-paragraph\"><strong>V\u1ecb tr\u00ed<\/strong><\/p>\n\n\n\n<p class=\"wp-block-paragraph\">T\u1ea7ng 2 \u2013 Kh\u00e1ch s\u1ea1n New World Saigon<br>76 L\u00ea Lai, Ph\u01b0\u1eddng B\u1ebfn Th\u00e0nh, TP. H\u1ed3 Ch\u00ed Minh, Vi\u1ec7t Nam<\/p>\n<\/div><figure class=\"wp-block-media-text__media\"><img data-recalc-dims=\"1\" loading=\"lazy\" decoding=\"async\" width=\"520\" height=\"766\" src=\"https:\/\/i0.wp.com\/saigon.newworldhotels.com\/en\/wp-content\/uploads\/2025\/08\/coco-b.png?resize=520%2C766&#038;ssl=1\" alt=\"\" class=\"wp-image-15424 size-full\" style=\"object-position:46% 56%\" srcset=\"https:\/\/i0.wp.com\/saigon.newworldhotels.com\/wp-content\/uploads\/2025\/08\/coco-b.png?w=520&amp;ssl=1 520w, https:\/\/i0.wp.com\/saigon.newworldhotels.com\/wp-content\/uploads\/2025\/08\/coco-b.png?resize=204%2C300&amp;ssl=1 204w\" sizes=\"auto, (max-width: 520px) 100vw, 520px\" \/><\/figure><\/div>\n<\/div>\n\n\n\n<div style=\"height:var(--wp--preset--spacing--small)\" aria-hidden=\"true\" class=\"wp-block-spacer\"><\/div>\n","protected":false},"excerpt":{"rendered":"<p>T\u1eadn h\u01b0\u1edfng kh\u00f4ng gian th\u01b0 gi\u00e3n ri\u00eang t\u01b0 v\u1edbi nhi\u1ec1u l\u1ef1a ch\u1ecdn massage v\u00e0 ch\u0103m s\u00f3c da m\u1eb7t.L\u01b0u \u00fd: Coco Spa kh\u00f4ng do Kh\u00e1ch s\u1ea1n New World Saigon tr\u1ef1c ti\u1ebfp qu\u1ea3n l\u00fd. Coco Spa Gi\u1edd ho\u1ea1t \u0111\u1ed9ng M\u1edf c\u1eeda h\u1eb1ng ng\u00e0y 09:30 \u2013 23:00 V\u1ecb tr\u00ed T\u1ea7ng 2 \u2013 Kh\u00e1ch s\u1ea1n New World Saigon76 L\u00ea &hellip; <\/p>\n<p class=\"link-more\"><a href=\"https:\/\/saigon.newworldhotels.com\/vi\/facilities\/coco-spa\/\" class=\"more-link\">Read more<span class=\"screen-reader-text\"> &#8220;Coco Spa&#8221;<\/span><\/a><\/p>\n","protected":false},"author":256764877,"featured_media":16078,"parent":16056,"menu_order":0,"comment_status":"closed","ping_status":"closed","template":"","meta":{"_acf_changed":false,"_crdt_document":"","jetpack_post_was_ever_published":false,"footnotes":""},"class_list":["post-16077","page","type-page","status-publish","has-post-thumbnail","hentry"],"acf":[],"yoast_head":"<!-- This site is optimized with the Yoast SEO plugin v27.1.1 - https:\/\/yoast.com\/product\/yoast-seo-wordpress\/ -->\n<title>Coco Spa - New World Saigon Hotel<\/title>\n<meta name=\"robots\" content=\"index, follow, max-snippet:-1, max-image-preview:large, max-video-preview:-1\" \/>\n<link rel=\"canonical\" href=\"https:\/\/saigon.newworldhotels.com\/en\/facilities\/coco-spa\/\" \/>\n<meta property=\"og:locale\" content=\"vi_VN\" \/>\n<meta property=\"og:type\" content=\"article\" \/>\n<meta property=\"og:title\" content=\"Coco Spa - New World Saigon Hotel\" \/>\n<meta property=\"og:description\" content=\"T\u1eadn h\u01b0\u1edfng kh\u00f4ng gian th\u01b0 gi\u00e3n ri\u00eang t\u01b0 v\u1edbi nhi\u1ec1u l\u1ef1a ch\u1ecdn massage v\u00e0 ch\u0103m s\u00f3c da m\u1eb7t.L\u01b0u \u00fd: Coco Spa kh\u00f4ng do Kh\u00e1ch s\u1ea1n New World Saigon tr\u1ef1c ti\u1ebfp qu\u1ea3n l\u00fd. Coco Spa Gi\u1edd ho\u1ea1t \u0111\u1ed9ng M\u1edf c\u1eeda h\u1eb1ng ng\u00e0y 09:30 \u2013 23:00 V\u1ecb tr\u00ed T\u1ea7ng 2 \u2013 Kh\u00e1ch s\u1ea1n New World Saigon76 L\u00ea &hellip; Read more &quot;Coco Spa&quot;\" \/>\n<meta property=\"og:url\" content=\"https:\/\/saigon.newworldhotels.com\/en\/facilities\/coco-spa\/\" \/>\n<meta property=\"og:site_name\" content=\"New World Saigon Hotel\" \/>\n<meta property=\"article:modified_time\" content=\"2025-09-05T04:28:07+00:00\" \/>\n<meta property=\"og:image\" content=\"https:\/\/i0.wp.com\/saigon.newworldhotels.com\/wp-content\/uploads\/2025\/08\/coco-a.png?fit=1143%2C749&ssl=1\" \/>\n\t<meta property=\"og:image:width\" content=\"1143\" \/>\n\t<meta property=\"og:image:height\" content=\"749\" \/>\n\t<meta property=\"og:image:type\" content=\"image\/png\" \/>\n<meta name=\"twitter:card\" content=\"summary_large_image\" \/>\n<script type=\"application\/ld+json\" class=\"yoast-schema-graph\">{\"@context\":\"https:\/\/schema.org\",\"@graph\":[{\"@type\":\"WebPage\",\"@id\":\"https:\/\/saigon.newworldhotels.com\/en\/facilities\/coco-spa\/\",\"url\":\"https:\/\/saigon.newworldhotels.com\/en\/facilities\/coco-spa\/\",\"name\":\"Coco Spa - New World Saigon Hotel\",\"isPartOf\":{\"@id\":\"https:\/\/saigon.newworldhotels.com\/en\/#website\"},\"primaryImageOfPage\":{\"@id\":\"https:\/\/saigon.newworldhotels.com\/en\/facilities\/coco-spa\/#primaryimage\"},\"image\":{\"@id\":\"https:\/\/saigon.newworldhotels.com\/en\/facilities\/coco-spa\/#primaryimage\"},\"thumbnailUrl\":\"https:\/\/i0.wp.com\/saigon.newworldhotels.com\/wp-content\/uploads\/2025\/08\/coco-a.png?fit=1143%2C749&ssl=1\",\"datePublished\":\"2025-06-30T03:12:19+00:00\",\"dateModified\":\"2025-09-05T04:28:07+00:00\",\"breadcrumb\":{\"@id\":\"https:\/\/saigon.newworldhotels.com\/en\/facilities\/coco-spa\/#breadcrumb\"},\"inLanguage\":\"vi-VN\",\"potentialAction\":[{\"@type\":\"ReadAction\",\"target\":[\"https:\/\/saigon.newworldhotels.com\/en\/facilities\/coco-spa\/\"]}]},{\"@type\":\"ImageObject\",\"inLanguage\":\"vi-VN\",\"@id\":\"https:\/\/saigon.newworldhotels.com\/en\/facilities\/coco-spa\/#primaryimage\",\"url\":\"https:\/\/i0.wp.com\/saigon.newworldhotels.com\/wp-content\/uploads\/2025\/08\/coco-a.png?fit=1143%2C749&ssl=1\",\"contentUrl\":\"https:\/\/i0.wp.com\/saigon.newworldhotels.com\/wp-content\/uploads\/2025\/08\/coco-a.png?fit=1143%2C749&ssl=1\",\"width\":1143,\"height\":749},{\"@type\":\"BreadcrumbList\",\"@id\":\"https:\/\/saigon.newworldhotels.com\/en\/facilities\/coco-spa\/#breadcrumb\",\"itemListElement\":[{\"@type\":\"ListItem\",\"position\":1,\"name\":\"Home\",\"item\":\"https:\/\/saigon.newworldhotels.com\/vi\/\"},{\"@type\":\"ListItem\",\"position\":2,\"name\":\"Ti\u1ec7n Nghi\",\"item\":\"https:\/\/saigon.newworldhotels.com\/en\/facilities\/\"},{\"@type\":\"ListItem\",\"position\":3,\"name\":\"Coco Spa\"}]},{\"@type\":\"WebSite\",\"@id\":\"https:\/\/saigon.newworldhotels.com\/en\/#website\",\"url\":\"https:\/\/saigon.newworldhotels.com\/en\/\",\"name\":\"New World Saigon Hotel\",\"description\":\"\",\"potentialAction\":[{\"@type\":\"SearchAction\",\"target\":{\"@type\":\"EntryPoint\",\"urlTemplate\":\"https:\/\/saigon.newworldhotels.com\/en\/?s={search_term_string}\"},\"query-input\":{\"@type\":\"PropertyValueSpecification\",\"valueRequired\":true,\"valueName\":\"search_term_string\"}}],\"inLanguage\":\"vi-VN\"}]}<\/script>\n<!-- \/ Yoast SEO plugin. -->","yoast_head_json":{"title":"Coco Spa - New World Saigon Hotel","robots":{"index":"index","follow":"follow","max-snippet":"max-snippet:-1","max-image-preview":"max-image-preview:large","max-video-preview":"max-video-preview:-1"},"canonical":"https:\/\/saigon.newworldhotels.com\/en\/facilities\/coco-spa\/","og_locale":"vi_VN","og_type":"article","og_title":"Coco Spa - New World Saigon Hotel","og_description":"T\u1eadn h\u01b0\u1edfng kh\u00f4ng gian th\u01b0 gi\u00e3n ri\u00eang t\u01b0 v\u1edbi nhi\u1ec1u l\u1ef1a ch\u1ecdn massage v\u00e0 ch\u0103m s\u00f3c da m\u1eb7t.L\u01b0u \u00fd: Coco Spa kh\u00f4ng do Kh\u00e1ch s\u1ea1n New World Saigon tr\u1ef1c ti\u1ebfp qu\u1ea3n l\u00fd. Coco Spa Gi\u1edd ho\u1ea1t \u0111\u1ed9ng M\u1edf c\u1eeda h\u1eb1ng ng\u00e0y 09:30 \u2013 23:00 V\u1ecb tr\u00ed T\u1ea7ng 2 \u2013 Kh\u00e1ch s\u1ea1n New World Saigon76 L\u00ea &hellip; Read more \"Coco Spa\"","og_url":"https:\/\/saigon.newworldhotels.com\/en\/facilities\/coco-spa\/","og_site_name":"New World Saigon Hotel","article_modified_time":"2025-09-05T04:28:07+00:00","og_image":[{"width":1143,"height":749,"url":"https:\/\/i0.wp.com\/saigon.newworldhotels.com\/wp-content\/uploads\/2025\/08\/coco-a.png?fit=1143%2C749&ssl=1","type":"image\/png"}],"twitter_card":"summary_large_image","schema":{"@context":"https:\/\/schema.org","@graph":[{"@type":"WebPage","@id":"https:\/\/saigon.newworldhotels.com\/en\/facilities\/coco-spa\/","url":"https:\/\/saigon.newworldhotels.com\/en\/facilities\/coco-spa\/","name":"Coco Spa - New World Saigon Hotel","isPartOf":{"@id":"https:\/\/saigon.newworldhotels.com\/en\/#website"},"primaryImageOfPage":{"@id":"https:\/\/saigon.newworldhotels.com\/en\/facilities\/coco-spa\/#primaryimage"},"image":{"@id":"https:\/\/saigon.newworldhotels.com\/en\/facilities\/coco-spa\/#primaryimage"},"thumbnailUrl":"https:\/\/i0.wp.com\/saigon.newworldhotels.com\/wp-content\/uploads\/2025\/08\/coco-a.png?fit=1143%2C749&ssl=1","datePublished":"2025-06-30T03:12:19+00:00","dateModified":"2025-09-05T04:28:07+00:00","breadcrumb":{"@id":"https:\/\/saigon.newworldhotels.com\/en\/facilities\/coco-spa\/#breadcrumb"},"inLanguage":"vi-VN","potentialAction":[{"@type":"ReadAction","target":["https:\/\/saigon.newworldhotels.com\/en\/facilities\/coco-spa\/"]}]},{"@type":"ImageObject","inLanguage":"vi-VN","@id":"https:\/\/saigon.newworldhotels.com\/en\/facilities\/coco-spa\/#primaryimage","url":"https:\/\/i0.wp.com\/saigon.newworldhotels.com\/wp-content\/uploads\/2025\/08\/coco-a.png?fit=1143%2C749&ssl=1","contentUrl":"https:\/\/i0.wp.com\/saigon.newworldhotels.com\/wp-content\/uploads\/2025\/08\/coco-a.png?fit=1143%2C749&ssl=1","width":1143,"height":749},{"@type":"BreadcrumbList","@id":"https:\/\/saigon.newworldhotels.com\/en\/facilities\/coco-spa\/#breadcrumb","itemListElement":[{"@type":"ListItem","position":1,"name":"Home","item":"https:\/\/saigon.newworldhotels.com\/vi\/"},{"@type":"ListItem","position":2,"name":"Ti\u1ec7n Nghi","item":"https:\/\/saigon.newworldhotels.com\/en\/facilities\/"},{"@type":"ListItem","position":3,"name":"Coco Spa"}]},{"@type":"WebSite","@id":"https:\/\/saigon.newworldhotels.com\/en\/#website","url":"https:\/\/saigon.newworldhotels.com\/en\/","name":"New World Saigon Hotel","description":"","potentialAction":[{"@type":"SearchAction","target":{"@type":"EntryPoint","urlTemplate":"https:\/\/saigon.newworldhotels.com\/en\/?s={search_term_string}"},"query-input":{"@type":"PropertyValueSpecification","valueRequired":true,"valueName":"search_term_string"}}],"inLanguage":"vi-VN"}]}},"jetpack_sharing_enabled":true,"jetpack_shortlink":"https:\/\/wp.me\/Pg5XuR-4bj","featured_media_urls":{"thumbnail":["https:\/\/i0.wp.com\/saigon.newworldhotels.com\/wp-content\/uploads\/2025\/08\/coco-a.png?resize=150%2C150&ssl=1",150,150,true],"medium":["https:\/\/i0.wp.com\/saigon.newworldhotels.com\/wp-content\/uploads\/2025\/08\/coco-a.png?fit=300%2C197&ssl=1",300,197,true],"medium_large":["https:\/\/i0.wp.com\/saigon.newworldhotels.com\/wp-content\/uploads\/2025\/08\/coco-a.png?fit=768%2C503&ssl=1",768,503,true],"large":["https:\/\/i0.wp.com\/saigon.newworldhotels.com\/wp-content\/uploads\/2025\/08\/coco-a.png?fit=950%2C623&ssl=1",950,623,true],"1536x1536":["https:\/\/i0.wp.com\/saigon.newworldhotels.com\/wp-content\/uploads\/2025\/08\/coco-a.png?fit=1143%2C749&ssl=1",1143,749,true],"2048x2048":["https:\/\/i0.wp.com\/saigon.newworldhotels.com\/wp-content\/uploads\/2025\/08\/coco-a.png?fit=1143%2C749&ssl=1",1143,749,true],"newspack-article-block-landscape-large":["https:\/\/i0.wp.com\/saigon.newworldhotels.com\/wp-content\/uploads\/2025\/08\/coco-a.png?resize=1143%2C749&ssl=1",1143,749,true],"newspack-article-block-portrait-large":["https:\/\/i0.wp.com\/saigon.newworldhotels.com\/wp-content\/uploads\/2025\/08\/coco-a.png?resize=900%2C749&ssl=1",900,749,true],"newspack-article-block-square-large":["https:\/\/i0.wp.com\/saigon.newworldhotels.com\/wp-content\/uploads\/2025\/08\/coco-a.png?resize=1143%2C749&ssl=1",1143,749,true],"newspack-article-block-landscape-medium":["https:\/\/i0.wp.com\/saigon.newworldhotels.com\/wp-content\/uploads\/2025\/08\/coco-a.png?resize=800%2C600&ssl=1",800,600,true],"newspack-article-block-portrait-medium":["https:\/\/i0.wp.com\/saigon.newworldhotels.com\/wp-content\/uploads\/2025\/08\/coco-a.png?resize=600%2C749&ssl=1",600,749,true],"newspack-article-block-square-medium":["https:\/\/i0.wp.com\/saigon.newworldhotels.com\/wp-content\/uploads\/2025\/08\/coco-a.png?resize=800%2C749&ssl=1",800,749,true],"newspack-article-block-landscape-intermediate":["https:\/\/i0.wp.com\/saigon.newworldhotels.com\/wp-content\/uploads\/2025\/08\/coco-a.png?resize=600%2C450&ssl=1",600,450,true],"newspack-article-block-portrait-intermediate":["https:\/\/i0.wp.com\/saigon.newworldhotels.com\/wp-content\/uploads\/2025\/08\/coco-a.png?resize=450%2C600&ssl=1",450,600,true],"newspack-article-block-square-intermediate":["https:\/\/i0.wp.com\/saigon.newworldhotels.com\/wp-content\/uploads\/2025\/08\/coco-a.png?resize=600%2C600&ssl=1",600,600,true],"newspack-article-block-landscape-small":["https:\/\/i0.wp.com\/saigon.newworldhotels.com\/wp-content\/uploads\/2025\/08\/coco-a.png?resize=400%2C300&ssl=1",400,300,true],"newspack-article-block-portrait-small":["https:\/\/i0.wp.com\/saigon.newworldhotels.com\/wp-content\/uploads\/2025\/08\/coco-a.png?resize=300%2C400&ssl=1",300,400,true],"newspack-article-block-square-small":["https:\/\/i0.wp.com\/saigon.newworldhotels.com\/wp-content\/uploads\/2025\/08\/coco-a.png?resize=400%2C400&ssl=1",400,400,true],"newspack-article-block-landscape-tiny":["https:\/\/i0.wp.com\/saigon.newworldhotels.com\/wp-content\/uploads\/2025\/08\/coco-a.png?resize=200%2C150&ssl=1",200,150,true],"newspack-article-block-portrait-tiny":["https:\/\/i0.wp.com\/saigon.newworldhotels.com\/wp-content\/uploads\/2025\/08\/coco-a.png?resize=150%2C200&ssl=1",150,200,true],"newspack-article-block-square-tiny":["https:\/\/i0.wp.com\/saigon.newworldhotels.com\/wp-content\/uploads\/2025\/08\/coco-a.png?resize=200%2C200&ssl=1",200,200,true],"newspack-article-block-uncropped":["https:\/\/i0.wp.com\/saigon.newworldhotels.com\/wp-content\/uploads\/2025\/08\/coco-a.png?fit=1143%2C749&ssl=1",1143,749,true],"inspiro-featured-image":["https:\/\/i0.wp.com\/saigon.newworldhotels.com\/wp-content\/uploads\/2025\/08\/coco-a.png?fit=1143%2C749&ssl=1",1143,749,true],"inspiro-loop":["https:\/\/i0.wp.com\/saigon.newworldhotels.com\/wp-content\/uploads\/2025\/08\/coco-a.png?resize=950%2C320&ssl=1",950,320,true],"inspiro-loop@2x":["https:\/\/i0.wp.com\/saigon.newworldhotels.com\/wp-content\/uploads\/2025\/08\/coco-a.png?resize=1143%2C640&ssl=1",1143,640,true],"portfolio_item-thumbnail":["https:\/\/i0.wp.com\/saigon.newworldhotels.com\/wp-content\/uploads\/2025\/08\/coco-a.png?resize=600%2C400&ssl=1",600,400,true],"portfolio_item-thumbnail@2x":["https:\/\/i0.wp.com\/saigon.newworldhotels.com\/wp-content\/uploads\/2025\/08\/coco-a.png?resize=1143%2C749&ssl=1",1143,749,true],"portfolio_item-masonry":["https:\/\/i0.wp.com\/saigon.newworldhotels.com\/wp-content\/uploads\/2025\/08\/coco-a.png?fit=600%2C393&ssl=1",600,393,true],"portfolio_item-masonry@2x":["https:\/\/i0.wp.com\/saigon.newworldhotels.com\/wp-content\/uploads\/2025\/08\/coco-a.png?fit=1143%2C749&ssl=1",1143,749,true],"portfolio_item-thumbnail_cinema":["https:\/\/i0.wp.com\/saigon.newworldhotels.com\/wp-content\/uploads\/2025\/08\/coco-a.png?resize=800%2C335&ssl=1",800,335,true],"portfolio_item-thumbnail_portrait":["https:\/\/i0.wp.com\/saigon.newworldhotels.com\/wp-content\/uploads\/2025\/08\/coco-a.png?resize=600%2C749&ssl=1",600,749,true],"portfolio_item-thumbnail_portrait@2x":["https:\/\/i0.wp.com\/saigon.newworldhotels.com\/wp-content\/uploads\/2025\/08\/coco-a.png?resize=1143%2C749&ssl=1",1143,749,true],"portfolio_item-thumbnail_square":["https:\/\/i0.wp.com\/saigon.newworldhotels.com\/wp-content\/uploads\/2025\/08\/coco-a.png?resize=800%2C749&ssl=1",800,749,true]},"_links":{"self":[{"href":"https:\/\/saigon.newworldhotels.com\/vi\/wp-json\/wp\/v2\/pages\/16077","targetHints":{"allow":["GET"]}}],"collection":[{"href":"https:\/\/saigon.newworldhotels.com\/vi\/wp-json\/wp\/v2\/pages"}],"about":[{"href":"https:\/\/saigon.newworldhotels.com\/vi\/wp-json\/wp\/v2\/types\/page"}],"author":[{"embeddable":true,"href":"https:\/\/saigon.newworldhotels.com\/vi\/wp-json\/wp\/v2\/users\/256764877"}],"replies":[{"embeddable":true,"href":"https:\/\/saigon.newworldhotels.com\/vi\/wp-json\/wp\/v2\/comments?post=16077"}],"version-history":[{"count":1,"href":"https:\/\/saigon.newworldhotels.com\/vi\/wp-json\/wp\/v2\/pages\/16077\/revisions"}],"predecessor-version":[{"id":16084,"href":"https:\/\/saigon.newworldhotels.com\/vi\/wp-json\/wp\/v2\/pages\/16077\/revisions\/16084"}],"up":[{"embeddable":true,"href":"https:\/\/saigon.newworldhotels.com\/vi\/wp-json\/wp\/v2\/pages\/16056"}],"wp:featuredmedia":[{"embeddable":true,"href":"https:\/\/saigon.newworldhotels.com\/vi\/wp-json\/wp\/v2\/media\/16078"}],"wp:attachment":[{"href":"https:\/\/saigon.newworldhotels.com\/vi\/wp-json\/wp\/v2\/media?parent=16077"}],"curies":[{"name":"wp","href":"https:\/\/api.w.org\/{rel}","templated":true}]}}