{"id":16089,"date":"2025-05-16T00:43:53","date_gmt":"2025-05-15T16:43:53","guid":{"rendered":"https:\/\/saigon.newworldhotels.com\/en\/events\/ben-thanh-grand-ballroom\/"},"modified":"2025-09-05T12:40:47","modified_gmt":"2025-09-05T04:40:47","slug":"ben-thanh-grand-ballroom","status":"publish","type":"page","link":"https:\/\/saigon.newworldhotels.com\/vi\/events\/ben-thanh-grand-ballroom\/","title":{"rendered":"Ph\u00f2ng ti\u1ec7c l\u1edbn B\u1ebfn Th\u00e0nh"},"content":{"rendered":"\n<div class=\"wp-block-group has-global-padding is-layout-constrained wp-block-group-is-layout-constrained\">\n<p class=\"has-text-align-center wp-block-paragraph\">Ph\u00f2ng ti\u1ec7c l\u1edbn B\u1ebfn Th\u00e0nh r\u1ed9ng 422 m\u00b2, t\u1ecda l\u1ea1c t\u1ea1i t\u1ea7ng 1, k\u1ebft h\u1ee3p phong c\u00e1ch \u0111\u01b0\u01a1ng \u0111\u1ea1i v\u1edbi s\u1ef1 linh ho\u1ea1t v\u01b0\u1ee3t tr\u1ed9i. Kh\u00f4ng gian c\u00f3 th\u1ec3 \u0111\u01b0\u1ee3c chia th\u00e0nh ba ph\u00f2ng ri\u00eang bi\u1ec7t, \u0111\u00e1p \u1ee9ng \u0111a d\u1ea1ng nhu c\u1ea7u s\u1ef1 ki\u1ec7n v\u00e0 d\u1ecbp \u0111\u1eb7c bi\u1ec7t<\/p>\n\n\n\n<p class=\"has-text-align-center wp-block-paragraph\"><\/p>\n\n\n\n<div style=\"height:0px\" aria-hidden=\"true\" class=\"wp-block-spacer\"><\/div>\n\n\n\n<div class=\"wp-block-group max-width-800px is-layout-grid wp-container-core-group-is-layout-c35e9cec wp-block-group-is-layout-grid\">\n<p class=\"has-text-align-center wp-block-paragraph\" style=\"padding-right:var(--wp--preset--spacing--x-small);padding-left:var(--wp--preset--spacing--x-small);text-transform:uppercase\"><a href=\"https:\/\/saigon.newworldhotels.com\/en\/wp-content\/uploads\/2025\/06\/Ben-Thanh100.png\" data-type=\"attachment\" data-id=\"7740\" target=\"_blank\" rel=\"noreferrer noopener\"><strong>S\u01a1 \u0110\u1ed3 Ph\u00f2ng<\/strong><\/a><\/p>\n\n\n\n<p class=\"has-text-align-center wp-block-paragraph\" style=\"padding-right:var(--wp--preset--spacing--x-small);padding-left:var(--wp--preset--spacing--x-small);text-transform:uppercase\"><a href=\"..\/request-for-proposal\/\" data-type=\"attachment\" data-id=\"7740\"><strong>Y\u00caU C\u1ea6U B\u00c1O GI\u00c1<\/strong><\/a><\/p>\n<\/div>\n\n\n\n<div style=\"height:var(--wp--preset--spacing--x-small)\" aria-hidden=\"true\" class=\"wp-block-spacer\"><\/div>\n\n\n\n<h2 class=\"wp-block-heading has-text-align-center\">Ph\u00f2ng ti\u1ec7c l\u1edbn B\u1ebfn Th\u00e0nh<\/h2>\n\n\n\n<p class=\"has-text-align-center wp-block-paragraph\">S\u1ee9c ch\u1ee9a: 100 &#8211; 650 kh\u00e1ch<\/p>\n\n\n\n<figure class=\"wp-block-image aligncenter size-large is-resized\"><img data-recalc-dims=\"1\" loading=\"lazy\" decoding=\"async\" width=\"950\" height=\"634\" src=\"https:\/\/i0.wp.com\/saigon.newworldhotels.com\/en\/wp-content\/uploads\/2025\/08\/Ben-Thanh-Collection-1-1024x683.jpg?resize=950%2C634&#038;ssl=1\" alt=\"\" class=\"wp-image-15385\" style=\"aspect-ratio:1.3491623210917563;width:1140px;height:auto\" srcset=\"https:\/\/i0.wp.com\/saigon.newworldhotels.com\/wp-content\/uploads\/2025\/08\/Ben-Thanh-Collection-1.jpg?resize=1024%2C683&amp;ssl=1 1024w, https:\/\/i0.wp.com\/saigon.newworldhotels.com\/wp-content\/uploads\/2025\/08\/Ben-Thanh-Collection-1.jpg?resize=300%2C200&amp;ssl=1 300w, https:\/\/i0.wp.com\/saigon.newworldhotels.com\/wp-content\/uploads\/2025\/08\/Ben-Thanh-Collection-1.jpg?resize=2000%2C1333&amp;ssl=1 2000w, https:\/\/i0.wp.com\/saigon.newworldhotels.com\/wp-content\/uploads\/2025\/08\/Ben-Thanh-Collection-1.jpg?resize=600%2C400&amp;ssl=1 600w, https:\/\/i0.wp.com\/saigon.newworldhotels.com\/wp-content\/uploads\/2025\/08\/Ben-Thanh-Collection-1.jpg?resize=1200%2C800&amp;ssl=1 1200w, https:\/\/i0.wp.com\/saigon.newworldhotels.com\/wp-content\/uploads\/2025\/08\/Ben-Thanh-Collection-1.jpg?resize=1536%2C1024&amp;ssl=1 1536w, https:\/\/i0.wp.com\/saigon.newworldhotels.com\/wp-content\/uploads\/2025\/08\/Ben-Thanh-Collection-1.jpg?resize=2048%2C1365&amp;ssl=1 2048w, https:\/\/i0.wp.com\/saigon.newworldhotels.com\/wp-content\/uploads\/2025\/08\/Ben-Thanh-Collection-1.jpg?w=1900&amp;ssl=1 1900w, https:\/\/i0.wp.com\/saigon.newworldhotels.com\/wp-content\/uploads\/2025\/08\/Ben-Thanh-Collection-1.jpg?w=2850&amp;ssl=1 2850w\" sizes=\"auto, (max-width: 950px) 100vw, 950px\" \/><\/figure>\n\n\n\n<div style=\"height:var(--wp--preset--spacing--x-small)\" aria-hidden=\"true\" class=\"wp-block-spacer\"><\/div>\n<\/div>\n\n\n\n<div class=\"wp-block-group alignfull has-background has-global-padding is-layout-constrained wp-block-group-is-layout-constrained\" style=\"background-color:#f8f8f8;padding-top:var(--wp--preset--spacing--medium);padding-bottom:var(--wp--preset--spacing--medium)\">\n<div class=\"wp-block-media-text has-media-on-the-right is-stacked-on-mobile\"><div class=\"wp-block-media-text__content\">\n<p class=\"wp-block-paragraph\">Lo\u1ea1i h\u00ecnh s\u1ef1 ki\u1ec7n:<\/p>\n\n\n\n<p class=\"wp-block-paragraph\">Meetings | Conferences | Incentives | Exhibitions | Wedding | Anniversary | Celebration<br><\/p>\n<\/div><figure class=\"wp-block-media-text__media\"><img data-recalc-dims=\"1\" loading=\"lazy\" decoding=\"async\" width=\"950\" height=\"713\" src=\"https:\/\/i0.wp.com\/saigon.newworldhotels.com\/en\/wp-content\/uploads\/2025\/06\/NWSGN-Wedding-Setup-Brown-Theme-1024x768.jpg?resize=950%2C713&#038;ssl=1\" alt=\"\" class=\"wp-image-13376 size-full\" srcset=\"https:\/\/i0.wp.com\/saigon.newworldhotels.com\/wp-content\/uploads\/2025\/06\/NWSGN-Wedding-Setup-Brown-Theme.jpg?resize=1024%2C768&amp;ssl=1 1024w, https:\/\/i0.wp.com\/saigon.newworldhotels.com\/wp-content\/uploads\/2025\/06\/NWSGN-Wedding-Setup-Brown-Theme.jpg?resize=300%2C225&amp;ssl=1 300w, https:\/\/i0.wp.com\/saigon.newworldhotels.com\/wp-content\/uploads\/2025\/06\/NWSGN-Wedding-Setup-Brown-Theme.jpg?w=1632&amp;ssl=1 1632w\" sizes=\"auto, (max-width: 950px) 100vw, 950px\" \/><\/figure><\/div>\n\n\n\n<div style=\"height:var(--wp--preset--spacing--x-small)\" aria-hidden=\"true\" class=\"wp-block-spacer\"><\/div>\n\n\n\n<div class=\"wp-block-media-text is-stacked-on-mobile\"><figure class=\"wp-block-media-text__media\"><img data-recalc-dims=\"1\" loading=\"lazy\" decoding=\"async\" width=\"950\" height=\"713\" src=\"https:\/\/i0.wp.com\/saigon.newworldhotels.com\/en\/wp-content\/uploads\/2025\/06\/NWSGN-Classroom-Setup-1-1024x768.jpg?resize=950%2C713&#038;ssl=1\" alt=\"\" class=\"wp-image-13375 size-full\" srcset=\"https:\/\/i0.wp.com\/saigon.newworldhotels.com\/wp-content\/uploads\/2025\/06\/NWSGN-Classroom-Setup-1.jpg?resize=1024%2C768&amp;ssl=1 1024w, https:\/\/i0.wp.com\/saigon.newworldhotels.com\/wp-content\/uploads\/2025\/06\/NWSGN-Classroom-Setup-1.jpg?resize=300%2C225&amp;ssl=1 300w, https:\/\/i0.wp.com\/saigon.newworldhotels.com\/wp-content\/uploads\/2025\/06\/NWSGN-Classroom-Setup-1.jpg?resize=2000%2C1500&amp;ssl=1 2000w, https:\/\/i0.wp.com\/saigon.newworldhotels.com\/wp-content\/uploads\/2025\/06\/NWSGN-Classroom-Setup-1.jpg?w=1900&amp;ssl=1 1900w, https:\/\/i0.wp.com\/saigon.newworldhotels.com\/wp-content\/uploads\/2025\/06\/NWSGN-Classroom-Setup-1.jpg?w=2850&amp;ssl=1 2850w\" sizes=\"auto, (max-width: 950px) 100vw, 950px\" \/><\/figure><div class=\"wp-block-media-text__content\">\n<p class=\"wp-block-paragraph\">H\u00ecnh th\u1ee9c s\u1eafp x\u1ebfp:<\/p>\n\n\n\n<p class=\"wp-block-paragraph\">Classroom | Theater | U-shape | Banquet | Hollow | Cocktail<\/p>\n<\/div><\/div>\n<\/div>\n\n\n\n<div style=\"height:100px\" aria-hidden=\"true\" class=\"wp-block-spacer\"><\/div>\n\n\n\n<p class=\"wp-block-paragraph\"><\/p>\n","protected":false},"excerpt":{"rendered":"<p>Ph\u00f2ng ti\u1ec7c l\u1edbn B\u1ebfn Th\u00e0nh r\u1ed9ng 422 m\u00b2, t\u1ecda l\u1ea1c t\u1ea1i t\u1ea7ng 1, k\u1ebft h\u1ee3p phong c\u00e1ch \u0111\u01b0\u01a1ng \u0111\u1ea1i v\u1edbi s\u1ef1 linh ho\u1ea1t v\u01b0\u1ee3t tr\u1ed9i. Kh\u00f4ng gian c\u00f3 th\u1ec3 \u0111\u01b0\u1ee3c chia th\u00e0nh ba ph\u00f2ng ri\u00eang bi\u1ec7t, \u0111\u00e1p \u1ee9ng \u0111a d\u1ea1ng nhu c\u1ea7u s\u1ef1 ki\u1ec7n v\u00e0 d\u1ecbp \u0111\u1eb7c bi\u1ec7t S\u01a1 \u0110\u1ed3 Ph\u00f2ng Y\u00caU C\u1ea6U B\u00c1O GI\u00c1 &hellip; <\/p>\n<p class=\"link-more\"><a href=\"https:\/\/saigon.newworldhotels.com\/vi\/events\/ben-thanh-grand-ballroom\/\" class=\"more-link\">Read more<span class=\"screen-reader-text\"> &#8220;Ph\u00f2ng ti\u1ec7c l\u1edbn B\u1ebfn Th\u00e0nh&#8221;<\/span><\/a><\/p>\n","protected":false},"author":256764880,"featured_media":16091,"parent":16085,"menu_order":0,"comment_status":"closed","ping_status":"closed","template":"","meta":{"_acf_changed":false,"_crdt_document":"","jetpack_post_was_ever_published":false,"footnotes":""},"class_list":["post-16089","page","type-page","status-publish","has-post-thumbnail","hentry"],"acf":[],"yoast_head":"<!-- This site is optimized with the Yoast SEO plugin v27.1.1 - https:\/\/yoast.com\/product\/yoast-seo-wordpress\/ -->\n<title>Ph\u00f2ng ti\u1ec7c l\u1edbn B\u1ebfn Th\u00e0nh - New World Saigon Hotel<\/title>\n<meta name=\"robots\" content=\"index, follow, max-snippet:-1, max-image-preview:large, max-video-preview:-1\" \/>\n<link rel=\"canonical\" href=\"https:\/\/saigon.newworldhotels.com\/vi\/events\/ben-thanh-grand-ballroom\/\" \/>\n<meta property=\"og:locale\" content=\"vi_VN\" \/>\n<meta property=\"og:type\" content=\"article\" \/>\n<meta property=\"og:title\" content=\"Ph\u00f2ng ti\u1ec7c l\u1edbn B\u1ebfn Th\u00e0nh - New World Saigon Hotel\" \/>\n<meta property=\"og:description\" content=\"Ph\u00f2ng ti\u1ec7c l\u1edbn B\u1ebfn Th\u00e0nh r\u1ed9ng 422 m\u00b2, t\u1ecda l\u1ea1c t\u1ea1i t\u1ea7ng 1, k\u1ebft h\u1ee3p phong c\u00e1ch \u0111\u01b0\u01a1ng \u0111\u1ea1i v\u1edbi s\u1ef1 linh ho\u1ea1t v\u01b0\u1ee3t tr\u1ed9i. Kh\u00f4ng gian c\u00f3 th\u1ec3 \u0111\u01b0\u1ee3c chia th\u00e0nh ba ph\u00f2ng ri\u00eang bi\u1ec7t, \u0111\u00e1p \u1ee9ng \u0111a d\u1ea1ng nhu c\u1ea7u s\u1ef1 ki\u1ec7n v\u00e0 d\u1ecbp \u0111\u1eb7c bi\u1ec7t S\u01a1 \u0110\u1ed3 Ph\u00f2ng Y\u00caU C\u1ea6U B\u00c1O GI\u00c1 &hellip; Read more &quot;Ph\u00f2ng ti\u1ec7c l\u1edbn B\u1ebfn Th\u00e0nh&quot;\" \/>\n<meta property=\"og:url\" content=\"https:\/\/saigon.newworldhotels.com\/vi\/events\/ben-thanh-grand-ballroom\/\" \/>\n<meta property=\"og:site_name\" content=\"New World Saigon Hotel\" \/>\n<meta property=\"article:modified_time\" content=\"2025-09-05T04:40:47+00:00\" \/>\n<meta property=\"og:image\" content=\"https:\/\/i0.wp.com\/saigon.newworldhotels.com\/wp-content\/uploads\/2025\/06\/NWSGN-Ben-Thanh-Foyer.jpg?fit=1707%2C1280&ssl=1\" \/>\n\t<meta property=\"og:image:width\" content=\"1707\" \/>\n\t<meta property=\"og:image:height\" content=\"1280\" \/>\n\t<meta property=\"og:image:type\" content=\"image\/jpeg\" \/>\n<meta name=\"twitter:card\" content=\"summary_large_image\" \/>\n<meta name=\"twitter:label1\" content=\"Est. reading time\" \/>\n\t<meta name=\"twitter:data1\" content=\"1 minute\" \/>\n<script type=\"application\/ld+json\" class=\"yoast-schema-graph\">{\"@context\":\"https:\/\/schema.org\",\"@graph\":[{\"@type\":\"WebPage\",\"@id\":\"https:\/\/saigon.newworldhotels.com\/vi\/events\/ben-thanh-grand-ballroom\/\",\"url\":\"https:\/\/saigon.newworldhotels.com\/vi\/events\/ben-thanh-grand-ballroom\/\",\"name\":\"Ph\u00f2ng ti\u1ec7c l\u1edbn B\u1ebfn Th\u00e0nh - New World Saigon Hotel\",\"isPartOf\":{\"@id\":\"https:\/\/saigon.newworldhotels.com\/sc\/#website\"},\"primaryImageOfPage\":{\"@id\":\"https:\/\/saigon.newworldhotels.com\/vi\/events\/ben-thanh-grand-ballroom\/#primaryimage\"},\"image\":{\"@id\":\"https:\/\/saigon.newworldhotels.com\/vi\/events\/ben-thanh-grand-ballroom\/#primaryimage\"},\"thumbnailUrl\":\"https:\/\/i0.wp.com\/saigon.newworldhotels.com\/wp-content\/uploads\/2025\/06\/NWSGN-Ben-Thanh-Foyer.jpg?fit=1707%2C1280&ssl=1\",\"datePublished\":\"2025-05-15T16:43:53+00:00\",\"dateModified\":\"2025-09-05T04:40:47+00:00\",\"breadcrumb\":{\"@id\":\"https:\/\/saigon.newworldhotels.com\/vi\/events\/ben-thanh-grand-ballroom\/#breadcrumb\"},\"inLanguage\":\"vi-VN\",\"potentialAction\":[{\"@type\":\"ReadAction\",\"target\":[\"https:\/\/saigon.newworldhotels.com\/vi\/events\/ben-thanh-grand-ballroom\/\"]}]},{\"@type\":\"ImageObject\",\"inLanguage\":\"vi-VN\",\"@id\":\"https:\/\/saigon.newworldhotels.com\/vi\/events\/ben-thanh-grand-ballroom\/#primaryimage\",\"url\":\"https:\/\/i0.wp.com\/saigon.newworldhotels.com\/wp-content\/uploads\/2025\/06\/NWSGN-Ben-Thanh-Foyer.jpg?fit=1707%2C1280&ssl=1\",\"contentUrl\":\"https:\/\/i0.wp.com\/saigon.newworldhotels.com\/wp-content\/uploads\/2025\/06\/NWSGN-Ben-Thanh-Foyer.jpg?fit=1707%2C1280&ssl=1\",\"width\":1707,\"height\":1280},{\"@type\":\"BreadcrumbList\",\"@id\":\"https:\/\/saigon.newworldhotels.com\/vi\/events\/ben-thanh-grand-ballroom\/#breadcrumb\",\"itemListElement\":[{\"@type\":\"ListItem\",\"position\":1,\"name\":\"Home\",\"item\":\"https:\/\/saigon.newworldhotels.com\/vi\/\"},{\"@type\":\"ListItem\",\"position\":2,\"name\":\"S\u1ef1 ki\u1ec7n\",\"item\":\"https:\/\/saigon.newworldhotels.com\/vi\/events\/\"},{\"@type\":\"ListItem\",\"position\":3,\"name\":\"Ph\u00f2ng ti\u1ec7c l\u1edbn B\u1ebfn Th\u00e0nh\"}]},{\"@type\":\"WebSite\",\"@id\":\"https:\/\/saigon.newworldhotels.com\/sc\/#website\",\"url\":\"https:\/\/saigon.newworldhotels.com\/sc\/\",\"name\":\"New World Saigon Hotel\",\"description\":\"\",\"potentialAction\":[{\"@type\":\"SearchAction\",\"target\":{\"@type\":\"EntryPoint\",\"urlTemplate\":\"https:\/\/saigon.newworldhotels.com\/sc\/?s={search_term_string}\"},\"query-input\":{\"@type\":\"PropertyValueSpecification\",\"valueRequired\":true,\"valueName\":\"search_term_string\"}}],\"inLanguage\":\"vi-VN\"}]}<\/script>\n<!-- \/ Yoast SEO plugin. -->","yoast_head_json":{"title":"Ph\u00f2ng ti\u1ec7c l\u1edbn B\u1ebfn Th\u00e0nh - New World Saigon Hotel","robots":{"index":"index","follow":"follow","max-snippet":"max-snippet:-1","max-image-preview":"max-image-preview:large","max-video-preview":"max-video-preview:-1"},"canonical":"https:\/\/saigon.newworldhotels.com\/vi\/events\/ben-thanh-grand-ballroom\/","og_locale":"vi_VN","og_type":"article","og_title":"Ph\u00f2ng ti\u1ec7c l\u1edbn B\u1ebfn Th\u00e0nh - New World Saigon Hotel","og_description":"Ph\u00f2ng ti\u1ec7c l\u1edbn B\u1ebfn Th\u00e0nh r\u1ed9ng 422 m\u00b2, t\u1ecda l\u1ea1c t\u1ea1i t\u1ea7ng 1, k\u1ebft h\u1ee3p phong c\u00e1ch \u0111\u01b0\u01a1ng \u0111\u1ea1i v\u1edbi s\u1ef1 linh ho\u1ea1t v\u01b0\u1ee3t tr\u1ed9i. Kh\u00f4ng gian c\u00f3 th\u1ec3 \u0111\u01b0\u1ee3c chia th\u00e0nh ba ph\u00f2ng ri\u00eang bi\u1ec7t, \u0111\u00e1p \u1ee9ng \u0111a d\u1ea1ng nhu c\u1ea7u s\u1ef1 ki\u1ec7n v\u00e0 d\u1ecbp \u0111\u1eb7c bi\u1ec7t S\u01a1 \u0110\u1ed3 Ph\u00f2ng Y\u00caU C\u1ea6U B\u00c1O GI\u00c1 &hellip; Read more \"Ph\u00f2ng ti\u1ec7c l\u1edbn B\u1ebfn Th\u00e0nh\"","og_url":"https:\/\/saigon.newworldhotels.com\/vi\/events\/ben-thanh-grand-ballroom\/","og_site_name":"New World Saigon Hotel","article_modified_time":"2025-09-05T04:40:47+00:00","og_image":[{"width":1707,"height":1280,"url":"https:\/\/i0.wp.com\/saigon.newworldhotels.com\/wp-content\/uploads\/2025\/06\/NWSGN-Ben-Thanh-Foyer.jpg?fit=1707%2C1280&ssl=1","type":"image\/jpeg"}],"twitter_card":"summary_large_image","twitter_misc":{"Est. reading time":"1 minute"},"schema":{"@context":"https:\/\/schema.org","@graph":[{"@type":"WebPage","@id":"https:\/\/saigon.newworldhotels.com\/vi\/events\/ben-thanh-grand-ballroom\/","url":"https:\/\/saigon.newworldhotels.com\/vi\/events\/ben-thanh-grand-ballroom\/","name":"Ph\u00f2ng ti\u1ec7c l\u1edbn B\u1ebfn Th\u00e0nh - New World Saigon Hotel","isPartOf":{"@id":"https:\/\/saigon.newworldhotels.com\/sc\/#website"},"primaryImageOfPage":{"@id":"https:\/\/saigon.newworldhotels.com\/vi\/events\/ben-thanh-grand-ballroom\/#primaryimage"},"image":{"@id":"https:\/\/saigon.newworldhotels.com\/vi\/events\/ben-thanh-grand-ballroom\/#primaryimage"},"thumbnailUrl":"https:\/\/i0.wp.com\/saigon.newworldhotels.com\/wp-content\/uploads\/2025\/06\/NWSGN-Ben-Thanh-Foyer.jpg?fit=1707%2C1280&ssl=1","datePublished":"2025-05-15T16:43:53+00:00","dateModified":"2025-09-05T04:40:47+00:00","breadcrumb":{"@id":"https:\/\/saigon.newworldhotels.com\/vi\/events\/ben-thanh-grand-ballroom\/#breadcrumb"},"inLanguage":"vi-VN","potentialAction":[{"@type":"ReadAction","target":["https:\/\/saigon.newworldhotels.com\/vi\/events\/ben-thanh-grand-ballroom\/"]}]},{"@type":"ImageObject","inLanguage":"vi-VN","@id":"https:\/\/saigon.newworldhotels.com\/vi\/events\/ben-thanh-grand-ballroom\/#primaryimage","url":"https:\/\/i0.wp.com\/saigon.newworldhotels.com\/wp-content\/uploads\/2025\/06\/NWSGN-Ben-Thanh-Foyer.jpg?fit=1707%2C1280&ssl=1","contentUrl":"https:\/\/i0.wp.com\/saigon.newworldhotels.com\/wp-content\/uploads\/2025\/06\/NWSGN-Ben-Thanh-Foyer.jpg?fit=1707%2C1280&ssl=1","width":1707,"height":1280},{"@type":"BreadcrumbList","@id":"https:\/\/saigon.newworldhotels.com\/vi\/events\/ben-thanh-grand-ballroom\/#breadcrumb","itemListElement":[{"@type":"ListItem","position":1,"name":"Home","item":"https:\/\/saigon.newworldhotels.com\/vi\/"},{"@type":"ListItem","position":2,"name":"S\u1ef1 ki\u1ec7n","item":"https:\/\/saigon.newworldhotels.com\/vi\/events\/"},{"@type":"ListItem","position":3,"name":"Ph\u00f2ng ti\u1ec7c l\u1edbn B\u1ebfn Th\u00e0nh"}]},{"@type":"WebSite","@id":"https:\/\/saigon.newworldhotels.com\/sc\/#website","url":"https:\/\/saigon.newworldhotels.com\/sc\/","name":"New World Saigon Hotel","description":"","potentialAction":[{"@type":"SearchAction","target":{"@type":"EntryPoint","urlTemplate":"https:\/\/saigon.newworldhotels.com\/sc\/?s={search_term_string}"},"query-input":{"@type":"PropertyValueSpecification","valueRequired":true,"valueName":"search_term_string"}}],"inLanguage":"vi-VN"}]}},"jetpack_sharing_enabled":true,"jetpack_shortlink":"https:\/\/wp.me\/Pg5XuR-4bv","featured_media_urls":{"thumbnail":["https:\/\/i0.wp.com\/saigon.newworldhotels.com\/wp-content\/uploads\/2025\/06\/NWSGN-Ben-Thanh-Foyer.jpg?resize=150%2C150&ssl=1",150,150,true],"medium":["https:\/\/i0.wp.com\/saigon.newworldhotels.com\/wp-content\/uploads\/2025\/06\/NWSGN-Ben-Thanh-Foyer.jpg?fit=300%2C225&ssl=1",300,225,true],"medium_large":["https:\/\/i0.wp.com\/saigon.newworldhotels.com\/wp-content\/uploads\/2025\/06\/NWSGN-Ben-Thanh-Foyer.jpg?fit=768%2C576&ssl=1",768,576,true],"large":["https:\/\/i0.wp.com\/saigon.newworldhotels.com\/wp-content\/uploads\/2025\/06\/NWSGN-Ben-Thanh-Foyer.jpg?fit=950%2C713&ssl=1",950,713,true],"1536x1536":["https:\/\/i0.wp.com\/saigon.newworldhotels.com\/wp-content\/uploads\/2025\/06\/NWSGN-Ben-Thanh-Foyer.jpg?fit=1536%2C1152&ssl=1",1536,1152,true],"2048x2048":["https:\/\/i0.wp.com\/saigon.newworldhotels.com\/wp-content\/uploads\/2025\/06\/NWSGN-Ben-Thanh-Foyer.jpg?fit=1707%2C1280&ssl=1",1707,1280,true],"newspack-article-block-landscape-large":["https:\/\/i0.wp.com\/saigon.newworldhotels.com\/wp-content\/uploads\/2025\/06\/NWSGN-Ben-Thanh-Foyer.jpg?resize=1200%2C900&ssl=1",1200,900,true],"newspack-article-block-portrait-large":["https:\/\/i0.wp.com\/saigon.newworldhotels.com\/wp-content\/uploads\/2025\/06\/NWSGN-Ben-Thanh-Foyer.jpg?resize=900%2C1200&ssl=1",900,1200,true],"newspack-article-block-square-large":["https:\/\/i0.wp.com\/saigon.newworldhotels.com\/wp-content\/uploads\/2025\/06\/NWSGN-Ben-Thanh-Foyer.jpg?resize=1200%2C1200&ssl=1",1200,1200,true],"newspack-article-block-landscape-medium":["https:\/\/i0.wp.com\/saigon.newworldhotels.com\/wp-content\/uploads\/2025\/06\/NWSGN-Ben-Thanh-Foyer.jpg?resize=800%2C600&ssl=1",800,600,true],"newspack-article-block-portrait-medium":["https:\/\/i0.wp.com\/saigon.newworldhotels.com\/wp-content\/uploads\/2025\/06\/NWSGN-Ben-Thanh-Foyer.jpg?resize=600%2C800&ssl=1",600,800,true],"newspack-article-block-square-medium":["https:\/\/i0.wp.com\/saigon.newworldhotels.com\/wp-content\/uploads\/2025\/06\/NWSGN-Ben-Thanh-Foyer.jpg?resize=800%2C800&ssl=1",800,800,true],"newspack-article-block-landscape-intermediate":["https:\/\/i0.wp.com\/saigon.newworldhotels.com\/wp-content\/uploads\/2025\/06\/NWSGN-Ben-Thanh-Foyer.jpg?resize=600%2C450&ssl=1",600,450,true],"newspack-article-block-portrait-intermediate":["https:\/\/i0.wp.com\/saigon.newworldhotels.com\/wp-content\/uploads\/2025\/06\/NWSGN-Ben-Thanh-Foyer.jpg?resize=450%2C600&ssl=1",450,600,true],"newspack-article-block-square-intermediate":["https:\/\/i0.wp.com\/saigon.newworldhotels.com\/wp-content\/uploads\/2025\/06\/NWSGN-Ben-Thanh-Foyer.jpg?resize=600%2C600&ssl=1",600,600,true],"newspack-article-block-landscape-small":["https:\/\/i0.wp.com\/saigon.newworldhotels.com\/wp-content\/uploads\/2025\/06\/NWSGN-Ben-Thanh-Foyer.jpg?resize=400%2C300&ssl=1",400,300,true],"newspack-article-block-portrait-small":["https:\/\/i0.wp.com\/saigon.newworldhotels.com\/wp-content\/uploads\/2025\/06\/NWSGN-Ben-Thanh-Foyer.jpg?resize=300%2C400&ssl=1",300,400,true],"newspack-article-block-square-small":["https:\/\/i0.wp.com\/saigon.newworldhotels.com\/wp-content\/uploads\/2025\/06\/NWSGN-Ben-Thanh-Foyer.jpg?resize=400%2C400&ssl=1",400,400,true],"newspack-article-block-landscape-tiny":["https:\/\/i0.wp.com\/saigon.newworldhotels.com\/wp-content\/uploads\/2025\/06\/NWSGN-Ben-Thanh-Foyer.jpg?resize=200%2C150&ssl=1",200,150,true],"newspack-article-block-portrait-tiny":["https:\/\/i0.wp.com\/saigon.newworldhotels.com\/wp-content\/uploads\/2025\/06\/NWSGN-Ben-Thanh-Foyer.jpg?resize=150%2C200&ssl=1",150,200,true],"newspack-article-block-square-tiny":["https:\/\/i0.wp.com\/saigon.newworldhotels.com\/wp-content\/uploads\/2025\/06\/NWSGN-Ben-Thanh-Foyer.jpg?resize=200%2C200&ssl=1",200,200,true],"newspack-article-block-uncropped":["https:\/\/i0.wp.com\/saigon.newworldhotels.com\/wp-content\/uploads\/2025\/06\/NWSGN-Ben-Thanh-Foyer.jpg?fit=1200%2C900&ssl=1",1200,900,true],"inspiro-featured-image":["https:\/\/i0.wp.com\/saigon.newworldhotels.com\/wp-content\/uploads\/2025\/06\/NWSGN-Ben-Thanh-Foyer.jpg?fit=1707%2C1280&ssl=1",1707,1280,true],"inspiro-loop":["https:\/\/i0.wp.com\/saigon.newworldhotels.com\/wp-content\/uploads\/2025\/06\/NWSGN-Ben-Thanh-Foyer.jpg?resize=950%2C320&ssl=1",950,320,true],"inspiro-loop@2x":["https:\/\/i0.wp.com\/saigon.newworldhotels.com\/wp-content\/uploads\/2025\/06\/NWSGN-Ben-Thanh-Foyer.jpg?resize=1707%2C640&ssl=1",1707,640,true],"portfolio_item-thumbnail":["https:\/\/i0.wp.com\/saigon.newworldhotels.com\/wp-content\/uploads\/2025\/06\/NWSGN-Ben-Thanh-Foyer.jpg?resize=600%2C400&ssl=1",600,400,true],"portfolio_item-thumbnail@2x":["https:\/\/i0.wp.com\/saigon.newworldhotels.com\/wp-content\/uploads\/2025\/06\/NWSGN-Ben-Thanh-Foyer.jpg?resize=1200%2C800&ssl=1",1200,800,true],"portfolio_item-masonry":["https:\/\/i0.wp.com\/saigon.newworldhotels.com\/wp-content\/uploads\/2025\/06\/NWSGN-Ben-Thanh-Foyer.jpg?fit=600%2C450&ssl=1",600,450,true],"portfolio_item-masonry@2x":["https:\/\/i0.wp.com\/saigon.newworldhotels.com\/wp-content\/uploads\/2025\/06\/NWSGN-Ben-Thanh-Foyer.jpg?fit=1200%2C900&ssl=1",1200,900,true],"portfolio_item-thumbnail_cinema":["https:\/\/i0.wp.com\/saigon.newworldhotels.com\/wp-content\/uploads\/2025\/06\/NWSGN-Ben-Thanh-Foyer.jpg?resize=800%2C335&ssl=1",800,335,true],"portfolio_item-thumbnail_portrait":["https:\/\/i0.wp.com\/saigon.newworldhotels.com\/wp-content\/uploads\/2025\/06\/NWSGN-Ben-Thanh-Foyer.jpg?resize=600%2C900&ssl=1",600,900,true],"portfolio_item-thumbnail_portrait@2x":["https:\/\/i0.wp.com\/saigon.newworldhotels.com\/wp-content\/uploads\/2025\/06\/NWSGN-Ben-Thanh-Foyer.jpg?resize=1200%2C1280&ssl=1",1200,1280,true],"portfolio_item-thumbnail_square":["https:\/\/i0.wp.com\/saigon.newworldhotels.com\/wp-content\/uploads\/2025\/06\/NWSGN-Ben-Thanh-Foyer.jpg?resize=800%2C800&ssl=1",800,800,true]},"_links":{"self":[{"href":"https:\/\/saigon.newworldhotels.com\/vi\/wp-json\/wp\/v2\/pages\/16089","targetHints":{"allow":["GET"]}}],"collection":[{"href":"https:\/\/saigon.newworldhotels.com\/vi\/wp-json\/wp\/v2\/pages"}],"about":[{"href":"https:\/\/saigon.newworldhotels.com\/vi\/wp-json\/wp\/v2\/types\/page"}],"author":[{"embeddable":true,"href":"https:\/\/saigon.newworldhotels.com\/vi\/wp-json\/wp\/v2\/users\/256764880"}],"replies":[{"embeddable":true,"href":"https:\/\/saigon.newworldhotels.com\/vi\/wp-json\/wp\/v2\/comments?post=16089"}],"version-history":[{"count":1,"href":"https:\/\/saigon.newworldhotels.com\/vi\/wp-json\/wp\/v2\/pages\/16089\/revisions"}],"predecessor-version":[{"id":16115,"href":"https:\/\/saigon.newworldhotels.com\/vi\/wp-json\/wp\/v2\/pages\/16089\/revisions\/16115"}],"up":[{"embeddable":true,"href":"https:\/\/saigon.newworldhotels.com\/vi\/wp-json\/wp\/v2\/pages\/16085"}],"wp:featuredmedia":[{"embeddable":true,"href":"https:\/\/saigon.newworldhotels.com\/vi\/wp-json\/wp\/v2\/media\/16091"}],"wp:attachment":[{"href":"https:\/\/saigon.newworldhotels.com\/vi\/wp-json\/wp\/v2\/media?parent=16089"}],"curies":[{"name":"wp","href":"https:\/\/api.w.org\/{rel}","templated":true}]}}