{"id":16098,"date":"2025-06-30T16:21:22","date_gmt":"2025-06-30T08:21:22","guid":{"rendered":"https:\/\/saigon.newworldhotels.com\/en\/events\/garden-2\/"},"modified":"2025-09-05T12:44:10","modified_gmt":"2025-09-05T04:44:10","slug":"garden-2","status":"publish","type":"page","link":"https:\/\/saigon.newworldhotels.com\/vi\/events\/garden-2\/","title":{"rendered":"Garden 2"},"content":{"rendered":"\n<div class=\"wp-block-group has-global-padding is-layout-constrained wp-block-group-is-layout-constrained\">\n<p class=\"has-text-align-center wp-block-paragraph\">Garden 2 v\u1edbi di\u1ec7n t\u00edch 30 m\u00b2 t\u1ea1i t\u1ea7ng 1, mang \u0111\u1ebfn kh\u00f4ng gian b\u1ed1 tr\u00ed hi\u1ec7n \u0111\u1ea1i. \u0110\u00e2y l\u00e0 l\u1ef1a ch\u1ecdn l\u00fd t\u01b0\u1edfng cho c\u00e1c bu\u1ed5i h\u1ecdp nh\u1ecf, g\u1eb7p g\u1ee1 th\u00e2n m\u1eadt, theo h\u00ecnh th\u1ee9c b\u00e0n tr\u00f2n ho\u1eb7c th\u1ea3o lu\u1eadn, t\u1ea1o n\u00ean kh\u00f4ng gian t\u1eadp trung v\u00e0 hi\u1ec7u qu\u1ea3.<\/p>\n\n\n\n<div style=\"height:0px\" aria-hidden=\"true\" class=\"wp-block-spacer\"><\/div>\n\n\n\n<div class=\"wp-block-group max-width-800px is-layout-grid wp-container-core-group-is-layout-c35e9cec wp-block-group-is-layout-grid\">\n<p class=\"has-text-align-center wp-block-paragraph\" style=\"text-transform:uppercase\"><strong><a href=\"https:\/\/saigon.newworldhotels.com\/en\/wp-content\/uploads\/2025\/06\/Garden-1-2100.png\" data-type=\"attachment\" data-id=\"7772\" target=\"_blank\" rel=\"noreferrer noopener\">S\u01a1 \u0110\u1ed3 Ph\u00f2ng<\/a><\/strong><\/p>\n\n\n\n<p class=\"has-text-align-center wp-block-paragraph\" style=\"padding-right:var(--wp--preset--spacing--x-small);padding-left:var(--wp--preset--spacing--x-small);text-transform:uppercase\"><a href=\"..\/request-for-proposal\/\" data-type=\"attachment\" data-id=\"7740\"><strong>Y\u00caU C\u1ea6U B\u00c1O GI\u00c1<\/strong><\/a><\/p>\n<\/div>\n\n\n\n<div style=\"height:var(--wp--preset--spacing--x-small)\" aria-hidden=\"true\" class=\"wp-block-spacer\"><\/div>\n\n\n\n<h2 class=\"wp-block-heading has-text-align-center\">Garden 2<\/h2>\n\n\n\n<p class=\"has-text-align-center wp-block-paragraph\">S\u1ee9c ch\u1ee9a: 12 kh\u00e1ch<\/p>\n\n\n\n<figure class=\"wp-block-image aligncenter size-large is-resized\"><img data-recalc-dims=\"1\" loading=\"lazy\" decoding=\"async\" width=\"950\" height=\"713\" src=\"https:\/\/i0.wp.com\/saigon.newworldhotels.com\/en\/wp-content\/uploads\/2025\/06\/NWSGN-Garden-2-1024x768.jpg?resize=950%2C713&#038;ssl=1\" alt=\"\" class=\"wp-image-13464\" style=\"aspect-ratio:1.3491623210917563;width:1140px;height:auto\" srcset=\"https:\/\/i0.wp.com\/saigon.newworldhotels.com\/wp-content\/uploads\/2025\/06\/NWSGN-Garden-2.jpg?resize=1024%2C768&amp;ssl=1 1024w, https:\/\/i0.wp.com\/saigon.newworldhotels.com\/wp-content\/uploads\/2025\/06\/NWSGN-Garden-2.jpg?resize=300%2C225&amp;ssl=1 300w, https:\/\/i0.wp.com\/saigon.newworldhotels.com\/wp-content\/uploads\/2025\/06\/NWSGN-Garden-2.jpg?resize=2000%2C1500&amp;ssl=1 2000w, https:\/\/i0.wp.com\/saigon.newworldhotels.com\/wp-content\/uploads\/2025\/06\/NWSGN-Garden-2.jpg?w=1900&amp;ssl=1 1900w, https:\/\/i0.wp.com\/saigon.newworldhotels.com\/wp-content\/uploads\/2025\/06\/NWSGN-Garden-2.jpg?w=2850&amp;ssl=1 2850w\" sizes=\"auto, (max-width: 950px) 100vw, 950px\" \/><\/figure>\n\n\n\n<div style=\"height:var(--wp--preset--spacing--x-small)\" aria-hidden=\"true\" class=\"wp-block-spacer\"><\/div>\n<\/div>\n\n\n\n<div class=\"wp-block-group alignfull has-background has-global-padding is-layout-constrained wp-block-group-is-layout-constrained\" style=\"background-color:#f8f8f8;padding-top:var(--wp--preset--spacing--medium);padding-bottom:var(--wp--preset--spacing--medium)\">\n<div class=\"wp-block-media-text has-media-on-the-right is-stacked-on-mobile\"><div class=\"wp-block-media-text__content\">\n<p class=\"wp-block-paragraph\">Lo\u1ea1i h\u00ecnh s\u1ef1 ki\u1ec7n:<\/p>\n\n\n\n<p class=\"wp-block-paragraph\">Meetings | Discussion<\/p>\n\n\n\n<p class=\"wp-block-paragraph\"><\/p>\n\n\n\n<p class=\"wp-block-paragraph\">H\u00ecnh th\u1ee9c s\u1eafp x\u1ebfp:<\/p>\n\n\n\n<p class=\"wp-block-paragraph\">Hollow<\/p>\n<\/div><figure class=\"wp-block-media-text__media\"><img data-recalc-dims=\"1\" loading=\"lazy\" decoding=\"async\" width=\"950\" height=\"713\" src=\"https:\/\/i0.wp.com\/saigon.newworldhotels.com\/en\/wp-content\/uploads\/2025\/06\/NWSGN-Garden-1-with-Staff-1024x768.jpg?resize=950%2C713&#038;ssl=1\" alt=\"\" class=\"wp-image-13439 size-full\" srcset=\"https:\/\/i0.wp.com\/saigon.newworldhotels.com\/wp-content\/uploads\/2025\/06\/NWSGN-Garden-1-with-Staff.jpg?resize=1024%2C768&amp;ssl=1 1024w, https:\/\/i0.wp.com\/saigon.newworldhotels.com\/wp-content\/uploads\/2025\/06\/NWSGN-Garden-1-with-Staff.jpg?resize=300%2C225&amp;ssl=1 300w, https:\/\/i0.wp.com\/saigon.newworldhotels.com\/wp-content\/uploads\/2025\/06\/NWSGN-Garden-1-with-Staff.jpg?resize=2000%2C1500&amp;ssl=1 2000w, https:\/\/i0.wp.com\/saigon.newworldhotels.com\/wp-content\/uploads\/2025\/06\/NWSGN-Garden-1-with-Staff.jpg?resize=1536%2C1152&amp;ssl=1 1536w, https:\/\/i0.wp.com\/saigon.newworldhotels.com\/wp-content\/uploads\/2025\/06\/NWSGN-Garden-1-with-Staff.jpg?resize=2048%2C1536&amp;ssl=1 2048w, https:\/\/i0.wp.com\/saigon.newworldhotels.com\/wp-content\/uploads\/2025\/06\/NWSGN-Garden-1-with-Staff.jpg?resize=1200%2C900&amp;ssl=1 1200w, https:\/\/i0.wp.com\/saigon.newworldhotels.com\/wp-content\/uploads\/2025\/06\/NWSGN-Garden-1-with-Staff.jpg?resize=800%2C600&amp;ssl=1 800w, https:\/\/i0.wp.com\/saigon.newworldhotels.com\/wp-content\/uploads\/2025\/06\/NWSGN-Garden-1-with-Staff.jpg?resize=600%2C450&amp;ssl=1 600w, https:\/\/i0.wp.com\/saigon.newworldhotels.com\/wp-content\/uploads\/2025\/06\/NWSGN-Garden-1-with-Staff.jpg?resize=400%2C300&amp;ssl=1 400w, https:\/\/i0.wp.com\/saigon.newworldhotels.com\/wp-content\/uploads\/2025\/06\/NWSGN-Garden-1-with-Staff.jpg?resize=200%2C150&amp;ssl=1 200w, https:\/\/i0.wp.com\/saigon.newworldhotels.com\/wp-content\/uploads\/2025\/06\/NWSGN-Garden-1-with-Staff.jpg?w=1900&amp;ssl=1 1900w, https:\/\/i0.wp.com\/saigon.newworldhotels.com\/wp-content\/uploads\/2025\/06\/NWSGN-Garden-1-with-Staff.jpg?w=2850&amp;ssl=1 2850w\" sizes=\"auto, (max-width: 950px) 100vw, 950px\" \/><\/figure><\/div>\n<\/div>\n\n\n\n<div style=\"height:100px\" aria-hidden=\"true\" class=\"wp-block-spacer\"><\/div>\n\n\n\n<p class=\"wp-block-paragraph\"><\/p>\n","protected":false},"excerpt":{"rendered":"<p>Garden 2 v\u1edbi di\u1ec7n t\u00edch 30 m\u00b2 t\u1ea1i t\u1ea7ng 1, mang \u0111\u1ebfn kh\u00f4ng gian b\u1ed1 tr\u00ed hi\u1ec7n \u0111\u1ea1i. \u0110\u00e2y l\u00e0 l\u1ef1a ch\u1ecdn l\u00fd t\u01b0\u1edfng cho c\u00e1c bu\u1ed5i h\u1ecdp nh\u1ecf, g\u1eb7p g\u1ee1 th\u00e2n m\u1eadt, theo h\u00ecnh th\u1ee9c b\u00e0n tr\u00f2n ho\u1eb7c th\u1ea3o lu\u1eadn, t\u1ea1o n\u00ean kh\u00f4ng gian t\u1eadp trung v\u00e0 hi\u1ec7u qu\u1ea3. S\u01a1 \u0110\u1ed3 Ph\u00f2ng Y\u00caU C\u1ea6U &hellip; <\/p>\n<p class=\"link-more\"><a href=\"https:\/\/saigon.newworldhotels.com\/vi\/events\/garden-2\/\" class=\"more-link\">Read more<span class=\"screen-reader-text\"> &#8220;Garden 2&#8221;<\/span><\/a><\/p>\n","protected":false},"author":256764877,"featured_media":16100,"parent":16085,"menu_order":0,"comment_status":"closed","ping_status":"closed","template":"","meta":{"_acf_changed":false,"_crdt_document":"","jetpack_post_was_ever_published":false,"footnotes":""},"class_list":["post-16098","page","type-page","status-publish","has-post-thumbnail","hentry"],"acf":[],"yoast_head":"<!-- This site is optimized with the Yoast SEO plugin v27.1.1 - https:\/\/yoast.com\/product\/yoast-seo-wordpress\/ -->\n<title>Garden 2 - New World Saigon Hotel<\/title>\n<meta name=\"robots\" content=\"index, follow, max-snippet:-1, max-image-preview:large, max-video-preview:-1\" \/>\n<link rel=\"canonical\" href=\"https:\/\/saigon.newworldhotels.com\/en\/events\/garden-2\/\" \/>\n<meta property=\"og:locale\" content=\"vi_VN\" \/>\n<meta property=\"og:type\" content=\"article\" \/>\n<meta property=\"og:title\" content=\"Garden 2 - New World Saigon Hotel\" \/>\n<meta property=\"og:description\" content=\"Garden 2 v\u1edbi di\u1ec7n t\u00edch 30 m\u00b2 t\u1ea1i t\u1ea7ng 1, mang \u0111\u1ebfn kh\u00f4ng gian b\u1ed1 tr\u00ed hi\u1ec7n \u0111\u1ea1i. \u0110\u00e2y l\u00e0 l\u1ef1a ch\u1ecdn l\u00fd t\u01b0\u1edfng cho c\u00e1c bu\u1ed5i h\u1ecdp nh\u1ecf, g\u1eb7p g\u1ee1 th\u00e2n m\u1eadt, theo h\u00ecnh th\u1ee9c b\u00e0n tr\u00f2n ho\u1eb7c th\u1ea3o lu\u1eadn, t\u1ea1o n\u00ean kh\u00f4ng gian t\u1eadp trung v\u00e0 hi\u1ec7u qu\u1ea3. S\u01a1 \u0110\u1ed3 Ph\u00f2ng Y\u00caU C\u1ea6U &hellip; Read more &quot;Garden 2&quot;\" \/>\n<meta property=\"og:url\" content=\"https:\/\/saigon.newworldhotels.com\/en\/events\/garden-2\/\" \/>\n<meta property=\"og:site_name\" content=\"New World Saigon Hotel\" \/>\n<meta property=\"article:modified_time\" content=\"2025-09-05T04:44:10+00:00\" \/>\n<meta property=\"og:image\" content=\"https:\/\/saigon.newworldhotels.com\/wp-content\/uploads\/2025\/06\/NWSGN-Garden-1-with-Staff-1024x768.jpg\" \/>\n\t<meta property=\"og:image:width\" content=\"1024\" \/>\n\t<meta property=\"og:image:height\" content=\"768\" \/>\n\t<meta property=\"og:image:type\" content=\"image\/jpeg\" \/>\n<meta name=\"twitter:card\" content=\"summary_large_image\" \/>\n<meta name=\"twitter:label1\" content=\"Est. reading time\" \/>\n\t<meta name=\"twitter:data1\" content=\"1 minute\" \/>\n<script type=\"application\/ld+json\" class=\"yoast-schema-graph\">{\"@context\":\"https:\/\/schema.org\",\"@graph\":[{\"@type\":\"WebPage\",\"@id\":\"https:\/\/saigon.newworldhotels.com\/en\/events\/garden-2\/\",\"url\":\"https:\/\/saigon.newworldhotels.com\/en\/events\/garden-2\/\",\"name\":\"Garden 2 - New World Saigon Hotel\",\"isPartOf\":{\"@id\":\"https:\/\/saigon.newworldhotels.com\/en\/#website\"},\"primaryImageOfPage\":{\"@id\":\"https:\/\/saigon.newworldhotels.com\/en\/events\/garden-2\/#primaryimage\"},\"image\":{\"@id\":\"https:\/\/saigon.newworldhotels.com\/en\/events\/garden-2\/#primaryimage\"},\"thumbnailUrl\":\"https:\/\/i0.wp.com\/saigon.newworldhotels.com\/wp-content\/uploads\/2025\/06\/NWSGN-Garden-1-with-Staff.jpg?fit=8256%2C6192&ssl=1\",\"datePublished\":\"2025-06-30T08:21:22+00:00\",\"dateModified\":\"2025-09-05T04:44:10+00:00\",\"breadcrumb\":{\"@id\":\"https:\/\/saigon.newworldhotels.com\/en\/events\/garden-2\/#breadcrumb\"},\"inLanguage\":\"vi-VN\",\"potentialAction\":[{\"@type\":\"ReadAction\",\"target\":[\"https:\/\/saigon.newworldhotels.com\/en\/events\/garden-2\/\"]}]},{\"@type\":\"ImageObject\",\"inLanguage\":\"vi-VN\",\"@id\":\"https:\/\/saigon.newworldhotels.com\/en\/events\/garden-2\/#primaryimage\",\"url\":\"https:\/\/i0.wp.com\/saigon.newworldhotels.com\/wp-content\/uploads\/2025\/06\/NWSGN-Garden-1-with-Staff.jpg?fit=8256%2C6192&ssl=1\",\"contentUrl\":\"https:\/\/i0.wp.com\/saigon.newworldhotels.com\/wp-content\/uploads\/2025\/06\/NWSGN-Garden-1-with-Staff.jpg?fit=8256%2C6192&ssl=1\",\"width\":8256,\"height\":6192},{\"@type\":\"BreadcrumbList\",\"@id\":\"https:\/\/saigon.newworldhotels.com\/en\/events\/garden-2\/#breadcrumb\",\"itemListElement\":[{\"@type\":\"ListItem\",\"position\":1,\"name\":\"Home\",\"item\":\"https:\/\/saigon.newworldhotels.com\/vi\/\"},{\"@type\":\"ListItem\",\"position\":2,\"name\":\"S\u1ef1 ki\u1ec7n\",\"item\":\"https:\/\/saigon.newworldhotels.com\/vi\/events\/\"},{\"@type\":\"ListItem\",\"position\":3,\"name\":\"Garden 2\"}]},{\"@type\":\"WebSite\",\"@id\":\"https:\/\/saigon.newworldhotels.com\/en\/#website\",\"url\":\"https:\/\/saigon.newworldhotels.com\/en\/\",\"name\":\"New World Saigon Hotel\",\"description\":\"\",\"potentialAction\":[{\"@type\":\"SearchAction\",\"target\":{\"@type\":\"EntryPoint\",\"urlTemplate\":\"https:\/\/saigon.newworldhotels.com\/en\/?s={search_term_string}\"},\"query-input\":{\"@type\":\"PropertyValueSpecification\",\"valueRequired\":true,\"valueName\":\"search_term_string\"}}],\"inLanguage\":\"vi-VN\"}]}<\/script>\n<!-- \/ Yoast SEO plugin. -->","yoast_head_json":{"title":"Garden 2 - New World Saigon Hotel","robots":{"index":"index","follow":"follow","max-snippet":"max-snippet:-1","max-image-preview":"max-image-preview:large","max-video-preview":"max-video-preview:-1"},"canonical":"https:\/\/saigon.newworldhotels.com\/en\/events\/garden-2\/","og_locale":"vi_VN","og_type":"article","og_title":"Garden 2 - New World Saigon Hotel","og_description":"Garden 2 v\u1edbi di\u1ec7n t\u00edch 30 m\u00b2 t\u1ea1i t\u1ea7ng 1, mang \u0111\u1ebfn kh\u00f4ng gian b\u1ed1 tr\u00ed hi\u1ec7n \u0111\u1ea1i. \u0110\u00e2y l\u00e0 l\u1ef1a ch\u1ecdn l\u00fd t\u01b0\u1edfng cho c\u00e1c bu\u1ed5i h\u1ecdp nh\u1ecf, g\u1eb7p g\u1ee1 th\u00e2n m\u1eadt, theo h\u00ecnh th\u1ee9c b\u00e0n tr\u00f2n ho\u1eb7c th\u1ea3o lu\u1eadn, t\u1ea1o n\u00ean kh\u00f4ng gian t\u1eadp trung v\u00e0 hi\u1ec7u qu\u1ea3. S\u01a1 \u0110\u1ed3 Ph\u00f2ng Y\u00caU C\u1ea6U &hellip; Read more \"Garden 2\"","og_url":"https:\/\/saigon.newworldhotels.com\/en\/events\/garden-2\/","og_site_name":"New World Saigon Hotel","article_modified_time":"2025-09-05T04:44:10+00:00","og_image":[{"width":1024,"height":768,"url":"https:\/\/saigon.newworldhotels.com\/wp-content\/uploads\/2025\/06\/NWSGN-Garden-1-with-Staff-1024x768.jpg","type":"image\/jpeg"}],"twitter_card":"summary_large_image","twitter_misc":{"Est. reading time":"1 minute"},"schema":{"@context":"https:\/\/schema.org","@graph":[{"@type":"WebPage","@id":"https:\/\/saigon.newworldhotels.com\/en\/events\/garden-2\/","url":"https:\/\/saigon.newworldhotels.com\/en\/events\/garden-2\/","name":"Garden 2 - New World Saigon Hotel","isPartOf":{"@id":"https:\/\/saigon.newworldhotels.com\/en\/#website"},"primaryImageOfPage":{"@id":"https:\/\/saigon.newworldhotels.com\/en\/events\/garden-2\/#primaryimage"},"image":{"@id":"https:\/\/saigon.newworldhotels.com\/en\/events\/garden-2\/#primaryimage"},"thumbnailUrl":"https:\/\/i0.wp.com\/saigon.newworldhotels.com\/wp-content\/uploads\/2025\/06\/NWSGN-Garden-1-with-Staff.jpg?fit=8256%2C6192&ssl=1","datePublished":"2025-06-30T08:21:22+00:00","dateModified":"2025-09-05T04:44:10+00:00","breadcrumb":{"@id":"https:\/\/saigon.newworldhotels.com\/en\/events\/garden-2\/#breadcrumb"},"inLanguage":"vi-VN","potentialAction":[{"@type":"ReadAction","target":["https:\/\/saigon.newworldhotels.com\/en\/events\/garden-2\/"]}]},{"@type":"ImageObject","inLanguage":"vi-VN","@id":"https:\/\/saigon.newworldhotels.com\/en\/events\/garden-2\/#primaryimage","url":"https:\/\/i0.wp.com\/saigon.newworldhotels.com\/wp-content\/uploads\/2025\/06\/NWSGN-Garden-1-with-Staff.jpg?fit=8256%2C6192&ssl=1","contentUrl":"https:\/\/i0.wp.com\/saigon.newworldhotels.com\/wp-content\/uploads\/2025\/06\/NWSGN-Garden-1-with-Staff.jpg?fit=8256%2C6192&ssl=1","width":8256,"height":6192},{"@type":"BreadcrumbList","@id":"https:\/\/saigon.newworldhotels.com\/en\/events\/garden-2\/#breadcrumb","itemListElement":[{"@type":"ListItem","position":1,"name":"Home","item":"https:\/\/saigon.newworldhotels.com\/vi\/"},{"@type":"ListItem","position":2,"name":"S\u1ef1 ki\u1ec7n","item":"https:\/\/saigon.newworldhotels.com\/vi\/events\/"},{"@type":"ListItem","position":3,"name":"Garden 2"}]},{"@type":"WebSite","@id":"https:\/\/saigon.newworldhotels.com\/en\/#website","url":"https:\/\/saigon.newworldhotels.com\/en\/","name":"New World Saigon Hotel","description":"","potentialAction":[{"@type":"SearchAction","target":{"@type":"EntryPoint","urlTemplate":"https:\/\/saigon.newworldhotels.com\/en\/?s={search_term_string}"},"query-input":{"@type":"PropertyValueSpecification","valueRequired":true,"valueName":"search_term_string"}}],"inLanguage":"vi-VN"}]}},"jetpack_sharing_enabled":true,"jetpack_shortlink":"https:\/\/wp.me\/Pg5XuR-4bE","featured_media_urls":{"thumbnail":["https:\/\/i0.wp.com\/saigon.newworldhotels.com\/wp-content\/uploads\/2025\/06\/NWSGN-Garden-1-with-Staff.jpg?resize=150%2C150&ssl=1",150,150,true],"medium":["https:\/\/i0.wp.com\/saigon.newworldhotels.com\/wp-content\/uploads\/2025\/06\/NWSGN-Garden-1-with-Staff.jpg?fit=300%2C225&ssl=1",300,225,true],"medium_large":["https:\/\/i0.wp.com\/saigon.newworldhotels.com\/wp-content\/uploads\/2025\/06\/NWSGN-Garden-1-with-Staff.jpg?fit=768%2C576&ssl=1",768,576,true],"large":["https:\/\/i0.wp.com\/saigon.newworldhotels.com\/wp-content\/uploads\/2025\/06\/NWSGN-Garden-1-with-Staff.jpg?fit=950%2C713&ssl=1",950,713,true],"1536x1536":["https:\/\/i0.wp.com\/saigon.newworldhotels.com\/wp-content\/uploads\/2025\/06\/NWSGN-Garden-1-with-Staff.jpg?fit=1536%2C1152&ssl=1",1536,1152,true],"2048x2048":["https:\/\/i0.wp.com\/saigon.newworldhotels.com\/wp-content\/uploads\/2025\/06\/NWSGN-Garden-1-with-Staff.jpg?fit=2048%2C1536&ssl=1",2048,1536,true],"newspack-article-block-landscape-large":["https:\/\/i0.wp.com\/saigon.newworldhotels.com\/wp-content\/uploads\/2025\/06\/NWSGN-Garden-1-with-Staff.jpg?resize=1200%2C900&ssl=1",1200,900,true],"newspack-article-block-portrait-large":["https:\/\/i0.wp.com\/saigon.newworldhotels.com\/wp-content\/uploads\/2025\/06\/NWSGN-Garden-1-with-Staff.jpg?resize=900%2C1200&ssl=1",900,1200,true],"newspack-article-block-square-large":["https:\/\/i0.wp.com\/saigon.newworldhotels.com\/wp-content\/uploads\/2025\/06\/NWSGN-Garden-1-with-Staff.jpg?resize=1200%2C1200&ssl=1",1200,1200,true],"newspack-article-block-landscape-medium":["https:\/\/i0.wp.com\/saigon.newworldhotels.com\/wp-content\/uploads\/2025\/06\/NWSGN-Garden-1-with-Staff.jpg?resize=800%2C600&ssl=1",800,600,true],"newspack-article-block-portrait-medium":["https:\/\/i0.wp.com\/saigon.newworldhotels.com\/wp-content\/uploads\/2025\/06\/NWSGN-Garden-1-with-Staff.jpg?resize=600%2C800&ssl=1",600,800,true],"newspack-article-block-square-medium":["https:\/\/i0.wp.com\/saigon.newworldhotels.com\/wp-content\/uploads\/2025\/06\/NWSGN-Garden-1-with-Staff.jpg?resize=800%2C800&ssl=1",800,800,true],"newspack-article-block-landscape-intermediate":["https:\/\/i0.wp.com\/saigon.newworldhotels.com\/wp-content\/uploads\/2025\/06\/NWSGN-Garden-1-with-Staff.jpg?resize=600%2C450&ssl=1",600,450,true],"newspack-article-block-portrait-intermediate":["https:\/\/i0.wp.com\/saigon.newworldhotels.com\/wp-content\/uploads\/2025\/06\/NWSGN-Garden-1-with-Staff.jpg?resize=450%2C600&ssl=1",450,600,true],"newspack-article-block-square-intermediate":["https:\/\/i0.wp.com\/saigon.newworldhotels.com\/wp-content\/uploads\/2025\/06\/NWSGN-Garden-1-with-Staff.jpg?resize=600%2C600&ssl=1",600,600,true],"newspack-article-block-landscape-small":["https:\/\/i0.wp.com\/saigon.newworldhotels.com\/wp-content\/uploads\/2025\/06\/NWSGN-Garden-1-with-Staff.jpg?resize=400%2C300&ssl=1",400,300,true],"newspack-article-block-portrait-small":["https:\/\/i0.wp.com\/saigon.newworldhotels.com\/wp-content\/uploads\/2025\/06\/NWSGN-Garden-1-with-Staff.jpg?resize=300%2C400&ssl=1",300,400,true],"newspack-article-block-square-small":["https:\/\/i0.wp.com\/saigon.newworldhotels.com\/wp-content\/uploads\/2025\/06\/NWSGN-Garden-1-with-Staff.jpg?resize=400%2C400&ssl=1",400,400,true],"newspack-article-block-landscape-tiny":["https:\/\/i0.wp.com\/saigon.newworldhotels.com\/wp-content\/uploads\/2025\/06\/NWSGN-Garden-1-with-Staff.jpg?resize=200%2C150&ssl=1",200,150,true],"newspack-article-block-portrait-tiny":["https:\/\/i0.wp.com\/saigon.newworldhotels.com\/wp-content\/uploads\/2025\/06\/NWSGN-Garden-1-with-Staff.jpg?resize=150%2C200&ssl=1",150,200,true],"newspack-article-block-square-tiny":["https:\/\/i0.wp.com\/saigon.newworldhotels.com\/wp-content\/uploads\/2025\/06\/NWSGN-Garden-1-with-Staff.jpg?resize=200%2C200&ssl=1",200,200,true],"newspack-article-block-uncropped":["https:\/\/i0.wp.com\/saigon.newworldhotels.com\/wp-content\/uploads\/2025\/06\/NWSGN-Garden-1-with-Staff.jpg?fit=1200%2C900&ssl=1",1200,900,true],"inspiro-featured-image":["https:\/\/i0.wp.com\/saigon.newworldhotels.com\/wp-content\/uploads\/2025\/06\/NWSGN-Garden-1-with-Staff.jpg?fit=2000%2C1500&ssl=1",2000,1500,true],"inspiro-loop":["https:\/\/i0.wp.com\/saigon.newworldhotels.com\/wp-content\/uploads\/2025\/06\/NWSGN-Garden-1-with-Staff.jpg?resize=950%2C320&ssl=1",950,320,true],"inspiro-loop@2x":["https:\/\/i0.wp.com\/saigon.newworldhotels.com\/wp-content\/uploads\/2025\/06\/NWSGN-Garden-1-with-Staff.jpg?resize=1900%2C640&ssl=1",1900,640,true],"portfolio_item-thumbnail":["https:\/\/i0.wp.com\/saigon.newworldhotels.com\/wp-content\/uploads\/2025\/06\/NWSGN-Garden-1-with-Staff.jpg?resize=600%2C400&ssl=1",600,400,true],"portfolio_item-thumbnail@2x":["https:\/\/i0.wp.com\/saigon.newworldhotels.com\/wp-content\/uploads\/2025\/06\/NWSGN-Garden-1-with-Staff.jpg?resize=1200%2C800&ssl=1",1200,800,true],"portfolio_item-masonry":["https:\/\/i0.wp.com\/saigon.newworldhotels.com\/wp-content\/uploads\/2025\/06\/NWSGN-Garden-1-with-Staff.jpg?fit=600%2C450&ssl=1",600,450,true],"portfolio_item-masonry@2x":["https:\/\/i0.wp.com\/saigon.newworldhotels.com\/wp-content\/uploads\/2025\/06\/NWSGN-Garden-1-with-Staff.jpg?fit=1200%2C900&ssl=1",1200,900,true],"portfolio_item-thumbnail_cinema":["https:\/\/i0.wp.com\/saigon.newworldhotels.com\/wp-content\/uploads\/2025\/06\/NWSGN-Garden-1-with-Staff.jpg?resize=800%2C335&ssl=1",800,335,true],"portfolio_item-thumbnail_portrait":["https:\/\/i0.wp.com\/saigon.newworldhotels.com\/wp-content\/uploads\/2025\/06\/NWSGN-Garden-1-with-Staff.jpg?resize=600%2C900&ssl=1",600,900,true],"portfolio_item-thumbnail_portrait@2x":["https:\/\/i0.wp.com\/saigon.newworldhotels.com\/wp-content\/uploads\/2025\/06\/NWSGN-Garden-1-with-Staff.jpg?resize=1200%2C1800&ssl=1",1200,1800,true],"portfolio_item-thumbnail_square":["https:\/\/i0.wp.com\/saigon.newworldhotels.com\/wp-content\/uploads\/2025\/06\/NWSGN-Garden-1-with-Staff.jpg?resize=800%2C800&ssl=1",800,800,true]},"_links":{"self":[{"href":"https:\/\/saigon.newworldhotels.com\/vi\/wp-json\/wp\/v2\/pages\/16098","targetHints":{"allow":["GET"]}}],"collection":[{"href":"https:\/\/saigon.newworldhotels.com\/vi\/wp-json\/wp\/v2\/pages"}],"about":[{"href":"https:\/\/saigon.newworldhotels.com\/vi\/wp-json\/wp\/v2\/types\/page"}],"author":[{"embeddable":true,"href":"https:\/\/saigon.newworldhotels.com\/vi\/wp-json\/wp\/v2\/users\/256764877"}],"replies":[{"embeddable":true,"href":"https:\/\/saigon.newworldhotels.com\/vi\/wp-json\/wp\/v2\/comments?post=16098"}],"version-history":[{"count":1,"href":"https:\/\/saigon.newworldhotels.com\/vi\/wp-json\/wp\/v2\/pages\/16098\/revisions"}],"predecessor-version":[{"id":16119,"href":"https:\/\/saigon.newworldhotels.com\/vi\/wp-json\/wp\/v2\/pages\/16098\/revisions\/16119"}],"up":[{"embeddable":true,"href":"https:\/\/saigon.newworldhotels.com\/vi\/wp-json\/wp\/v2\/pages\/16085"}],"wp:featuredmedia":[{"embeddable":true,"href":"https:\/\/saigon.newworldhotels.com\/vi\/wp-json\/wp\/v2\/media\/16100"}],"wp:attachment":[{"href":"https:\/\/saigon.newworldhotels.com\/vi\/wp-json\/wp\/v2\/media?parent=16098"}],"curies":[{"name":"wp","href":"https:\/\/api.w.org\/{rel}","templated":true}]}}