{"id":16153,"date":"2025-05-29T14:59:23","date_gmt":"2025-05-29T06:59:23","guid":{"rendered":"https:\/\/saigon.newworldhotels.com\/en\/newsletter\/"},"modified":"2025-09-05T12:59:24","modified_gmt":"2025-09-05T04:59:24","slug":"newsletter","status":"publish","type":"page","link":"https:\/\/saigon.newworldhotels.com\/vi\/newsletter\/","title":{"rendered":"\u0110\u0103ng k\u00fd nh\u1eadn b\u1ea3n tin"},"content":{"rendered":"\n<div class=\"wp-block-group alignfull has-global-padding is-content-justification-center is-layout-constrained wp-block-group-is-layout-constrained\" style=\"margin-top:0;margin-bottom:0;padding-top:var(--wp--preset--spacing--50);padding-bottom:var(--wp--preset--spacing--50)\">\n<div class=\"wp-block-columns is-layout-flex wp-container-core-columns-is-layout-0e47273b wp-block-columns-is-layout-flex\">\n<div class=\"wp-block-column is-layout-flow wp-block-column-is-layout-flow\" style=\"padding-right:var(--wp--preset--spacing--small)\">\n<h2 class=\"wp-block-heading alignwide has-text-align-left\" style=\"margin-top:0;margin-bottom:0\">K\u1ebft n\u1ed1i c\u00f9ng ch\u00fang t\u00f4i<\/h2>\n\n\n\n<p class=\"has-text-align-left is-contact-description wp-block-paragraph\">H\u00e3y k\u1ebft n\u1ed1i c\u00f9ng New World Saigon Hotel \u0111\u1ec3 c\u1eadp nh\u1eadt nh\u1eefng ch\u01b0\u01a1ng tr\u00ecnh khuy\u1ebfn m\u00e3i, tin t\u1ee9c v\u00e0 \u01b0u \u0111\u00e3i \u0111\u1eb7c bi\u1ec7t m\u1edbi nh\u1ea5t.<\/p>\n<\/div>\n\n\n\n<div class=\"wp-block-column is-layout-flow wp-container-core-column-is-layout-c7942782 wp-block-column-is-layout-flow\" style=\"padding-top:0;padding-right:0;padding-bottom:0;padding-left:0\">\n<div class=\"wp-block-contact-form-7-contact-form-selector\">\n<div class=\"wpcf7 no-js\" id=\"wpcf7-f16141-o1\" lang=\"en-US\" dir=\"ltr\" data-wpcf7-id=\"16141\">\n<div class=\"screen-reader-response\"><p role=\"status\" aria-live=\"polite\" aria-atomic=\"true\"><\/p> <ul><\/ul><\/div>\n<form action=\"\/vi\/wp-json\/wp\/v2\/pages\/16153#wpcf7-f16141-o1\" method=\"post\" class=\"wpcf7-form init\" aria-label=\"Contact form\" novalidate=\"novalidate\" data-status=\"init\">\n<fieldset class=\"hidden-fields-container\"><input type=\"hidden\" name=\"_wpcf7\" value=\"16141\" \/><input type=\"hidden\" name=\"_wpcf7_version\" value=\"6.1.5\" \/><input type=\"hidden\" name=\"_wpcf7_locale\" value=\"en_US\" \/><input type=\"hidden\" name=\"_wpcf7_unit_tag\" value=\"wpcf7-f16141-o1\" \/><input type=\"hidden\" name=\"_wpcf7_container_post\" value=\"0\" \/><input type=\"hidden\" name=\"_wpcf7_posted_data_hash\" value=\"\" \/>\n<\/fieldset>\n<p><label>Danh x\u01b0ng<\/label><span class=\"wpcf7-form-control-wrap\" data-name=\"title\"><select class=\"wpcf7-form-control wpcf7-select wpcf7-validates-as-required\" aria-required=\"true\" aria-invalid=\"false\" name=\"title\"><option value=\"Vui l\u00f2ng ch\u1ecdn..\">Vui l\u00f2ng ch\u1ecdn..<\/option><option value=\"\u00d4ng\">\u00d4ng<\/option><option value=\"B\u00e0\">B\u00e0<\/option><option value=\"B\u00e0\">B\u00e0<\/option><option value=\"Qu\u00fd b\u00e0\">Qu\u00fd b\u00e0<\/option><option value=\"Kh\u00e1c\">Kh\u00e1c<\/option><\/select><\/span><br \/>\n<label>T\u00ean<\/label><span class=\"wpcf7-form-control-wrap\" data-name=\"fullname\"><input size=\"40\" maxlength=\"400\" class=\"wpcf7-form-control wpcf7-text wpcf7-validates-as-required\" autocomplete=\"name\" aria-required=\"true\" aria-invalid=\"false\" value=\"\" type=\"text\" name=\"fullname\" \/><\/span><br \/>\n<label>Email<\/label><span class=\"wpcf7-form-control-wrap\" data-name=\"email\"><input size=\"40\" maxlength=\"100\" class=\"wpcf7-form-control wpcf7-email wpcf7-validates-as-required wpcf7-text wpcf7-validates-as-email\" autocomplete=\"email\" aria-required=\"true\" aria-invalid=\"false\" value=\"\" type=\"email\" name=\"email\" \/><\/span><br \/>\n<label>\u0110i\u1ec7n tho\u1ea1i<\/label><span class=\"wpcf7-form-control-wrap\" data-name=\"phone\"><input size=\"40\" maxlength=\"20\" class=\"wpcf7-form-control wpcf7-text\" aria-invalid=\"false\" value=\"\" type=\"text\" name=\"phone\" \/><\/span>\n<\/p>\n<p><label>L\u0129nh v\u1ef1c quan t\u00e2m<\/label><span class=\"wpcf7-form-control-wrap\" data-name=\"area_of_interest\"><span class=\"wpcf7-form-control wpcf7-checkbox\"><span class=\"wpcf7-list-item first\"><label><input type=\"checkbox\" name=\"area_of_interest[]\" value=\"Ch\u1ed7 \u1edf\" \/><span class=\"wpcf7-list-item-label\">Ch\u1ed7 \u1edf<\/span><\/label><\/span><span class=\"wpcf7-list-item\"><label><input type=\"checkbox\" name=\"area_of_interest[]\" value=\"\u1ea8m th\u1ef1c\" \/><span class=\"wpcf7-list-item-label\">\u1ea8m th\u1ef1c<\/span><\/label><\/span><span class=\"wpcf7-list-item\"><label><input type=\"checkbox\" name=\"area_of_interest[]\" value=\"Ti\u1ec7c c\u01b0\u1edbi\" \/><span class=\"wpcf7-list-item-label\">Ti\u1ec7c c\u01b0\u1edbi<\/span><\/label><\/span><span class=\"wpcf7-list-item last\"><label><input type=\"checkbox\" name=\"area_of_interest[]\" value=\"H\u1ed9i h\u1ecdp &amp; S\u1ef1 ki\u1ec7n\" \/><span class=\"wpcf7-list-item-label\">H\u1ed9i h\u1ecdp &amp; S\u1ef1 ki\u1ec7n<\/span><\/label><\/span><\/span><\/span>\n<\/p>\n<p>B\u1eb1ng c\u00e1ch g\u1eedi th\u00f4ng tin, b\u1ea1n \u0111\u1ed3ng \u00fd v\u1edbi <a href=\"..\/privacy-policy\/\" target=\"_blank\" style=\"font-weight: bold;\">Ch\u00ednh s\u00e1ch b\u1ea3o m\u1eadt c\u1ee7a<\/a> New World Hotels and Resorts. B\u1ea1n c\u00f3 th\u1ec3 c\u1eadp nh\u1eadt t\u00f9y ch\u1ecdn email c\u1ee7a m\u00ecnh b\u1ea5t k\u1ef3 l\u00fac n\u00e0o b\u1eb1ng c\u00e1ch g\u1eedi email \u0111\u1ebfn <a href=\"mailto:reservations.phuquoc@newworldhotels.com\" style=\"font-weight: bold;\">reservations.phuquoc@newworldhotels.com<\/a>.\n<\/p>\n<p><input class=\"wpcf7-form-control wpcf7-submit has-spinner\" type=\"submit\" value=\"G\u1eecI\" \/>\n<\/p><p style=\"display: none !important;\" class=\"akismet-fields-container\" data-prefix=\"_wpcf7_ak_\"><label>&#916;<textarea name=\"_wpcf7_ak_hp_textarea\" cols=\"45\" rows=\"8\" maxlength=\"100\"><\/textarea><\/label><input type=\"hidden\" id=\"ak_js_1\" name=\"_wpcf7_ak_js\" value=\"97\"\/><script>\ndocument.getElementById( \"ak_js_1\" ).setAttribute( \"value\", ( new Date() ).getTime() );\n<\/script>\n<\/p><div class=\"wpcf7-response-output\" aria-hidden=\"true\"><\/div>\n<\/form>\n<\/div>\n<\/div>\n<\/div>\n<\/div>\n<\/div>\n\n\n\n<p class=\"wp-block-paragraph\"><\/p>\n","protected":false},"excerpt":{"rendered":"<p>K\u1ebft n\u1ed1i c\u00f9ng ch\u00fang t\u00f4i H\u00e3y k\u1ebft n\u1ed1i c\u00f9ng New World Saigon Hotel \u0111\u1ec3 c\u1eadp nh\u1eadt nh\u1eefng ch\u01b0\u01a1ng tr\u00ecnh khuy\u1ebfn m\u00e3i, tin t\u1ee9c v\u00e0 \u01b0u \u0111\u00e3i \u0111\u1eb7c bi\u1ec7t m\u1edbi nh\u1ea5t.<\/p>\n","protected":false},"author":256764880,"featured_media":16147,"parent":0,"menu_order":0,"comment_status":"closed","ping_status":"closed","template":"","meta":{"_acf_changed":false,"_crdt_document":"","footnotes":""},"class_list":["post-16153","page","type-page","status-publish","has-post-thumbnail","hentry"],"acf":[],"yoast_head":"<!-- This site is optimized with the Yoast SEO plugin v27.4 - https:\/\/yoast.com\/product\/yoast-seo-wordpress\/ -->\n<title>\u0110\u0103ng k\u00fd nh\u1eadn b\u1ea3n tin - New World Saigon Hotel<\/title>\n<meta name=\"robots\" content=\"index, follow, max-snippet:-1, max-image-preview:large, max-video-preview:-1\" \/>\n<link rel=\"canonical\" href=\"https:\/\/saigon.newworldhotels.com\/vi\/newsletter\/\" \/>\n<meta property=\"og:locale\" content=\"vi_VN\" \/>\n<meta property=\"og:type\" content=\"article\" \/>\n<meta property=\"og:title\" content=\"\u0110\u0103ng k\u00fd nh\u1eadn b\u1ea3n tin - New World Saigon Hotel\" \/>\n<meta property=\"og:description\" content=\"K\u1ebft n\u1ed1i c\u00f9ng ch\u00fang t\u00f4i H\u00e3y k\u1ebft n\u1ed1i c\u00f9ng New World Saigon Hotel \u0111\u1ec3 c\u1eadp nh\u1eadt nh\u1eefng ch\u01b0\u01a1ng tr\u00ecnh khuy\u1ebfn m\u00e3i, tin t\u1ee9c v\u00e0 \u01b0u \u0111\u00e3i \u0111\u1eb7c bi\u1ec7t m\u1edbi nh\u1ea5t.\" \/>\n<meta property=\"og:url\" content=\"https:\/\/saigon.newworldhotels.com\/vi\/newsletter\/\" \/>\n<meta property=\"og:site_name\" content=\"New World Saigon Hotel\" \/>\n<meta property=\"article:modified_time\" content=\"2025-09-05T04:59:24+00:00\" \/>\n<meta property=\"og:image\" content=\"https:\/\/i0.wp.com\/saigon.newworldhotels.com\/wp-content\/uploads\/2025\/06\/NWSGN-Lobby-Artworks-1.jpg?fit=1600%2C1200&ssl=1\" \/>\n\t<meta property=\"og:image:width\" content=\"1600\" \/>\n\t<meta property=\"og:image:height\" content=\"1200\" \/>\n\t<meta property=\"og:image:type\" content=\"image\/jpeg\" \/>\n<meta name=\"twitter:card\" content=\"summary_large_image\" \/>\n<script type=\"application\/ld+json\" class=\"yoast-schema-graph\">{\"@context\":\"https:\\\/\\\/schema.org\",\"@graph\":[{\"@type\":\"WebPage\",\"@id\":\"https:\\\/\\\/saigon.newworldhotels.com\\\/vi\\\/newsletter\\\/\",\"url\":\"https:\\\/\\\/saigon.newworldhotels.com\\\/vi\\\/newsletter\\\/\",\"name\":\"\u0110\u0103ng k\u00fd nh\u1eadn b\u1ea3n tin - New World Saigon Hotel\",\"isPartOf\":{\"@id\":\"https:\\\/\\\/saigon.newworldhotels.com\\\/vi\\\/#website\"},\"primaryImageOfPage\":{\"@id\":\"https:\\\/\\\/saigon.newworldhotels.com\\\/vi\\\/newsletter\\\/#primaryimage\"},\"image\":{\"@id\":\"https:\\\/\\\/saigon.newworldhotels.com\\\/vi\\\/newsletter\\\/#primaryimage\"},\"thumbnailUrl\":\"https:\\\/\\\/i0.wp.com\\\/saigon.newworldhotels.com\\\/wp-content\\\/uploads\\\/2025\\\/06\\\/NWSGN-Lobby-Artworks-1.jpg?fit=1600%2C1200&ssl=1\",\"datePublished\":\"2025-05-29T06:59:23+00:00\",\"dateModified\":\"2025-09-05T04:59:24+00:00\",\"breadcrumb\":{\"@id\":\"https:\\\/\\\/saigon.newworldhotels.com\\\/vi\\\/newsletter\\\/#breadcrumb\"},\"inLanguage\":\"vi-VN\",\"potentialAction\":[{\"@type\":\"ReadAction\",\"target\":[\"https:\\\/\\\/saigon.newworldhotels.com\\\/vi\\\/newsletter\\\/\"]}]},{\"@type\":\"ImageObject\",\"inLanguage\":\"vi-VN\",\"@id\":\"https:\\\/\\\/saigon.newworldhotels.com\\\/vi\\\/newsletter\\\/#primaryimage\",\"url\":\"https:\\\/\\\/i0.wp.com\\\/saigon.newworldhotels.com\\\/wp-content\\\/uploads\\\/2025\\\/06\\\/NWSGN-Lobby-Artworks-1.jpg?fit=1600%2C1200&ssl=1\",\"contentUrl\":\"https:\\\/\\\/i0.wp.com\\\/saigon.newworldhotels.com\\\/wp-content\\\/uploads\\\/2025\\\/06\\\/NWSGN-Lobby-Artworks-1.jpg?fit=1600%2C1200&ssl=1\",\"width\":1600,\"height\":1200},{\"@type\":\"BreadcrumbList\",\"@id\":\"https:\\\/\\\/saigon.newworldhotels.com\\\/vi\\\/newsletter\\\/#breadcrumb\",\"itemListElement\":[{\"@type\":\"ListItem\",\"position\":1,\"name\":\"Home\",\"item\":\"https:\\\/\\\/saigon.newworldhotels.com\\\/vi\\\/\"},{\"@type\":\"ListItem\",\"position\":2,\"name\":\"\u0110\u0103ng k\u00fd nh\u1eadn b\u1ea3n tin\"}]},{\"@type\":\"WebSite\",\"@id\":\"https:\\\/\\\/saigon.newworldhotels.com\\\/vi\\\/#website\",\"url\":\"https:\\\/\\\/saigon.newworldhotels.com\\\/vi\\\/\",\"name\":\"New World Saigon Hotel\",\"description\":\"\",\"potentialAction\":[{\"@type\":\"SearchAction\",\"target\":{\"@type\":\"EntryPoint\",\"urlTemplate\":\"https:\\\/\\\/saigon.newworldhotels.com\\\/vi\\\/?s={search_term_string}\"},\"query-input\":{\"@type\":\"PropertyValueSpecification\",\"valueRequired\":true,\"valueName\":\"search_term_string\"}}],\"inLanguage\":\"vi-VN\"}]}<\/script>\n<!-- \/ Yoast SEO plugin. -->","yoast_head_json":{"title":"\u0110\u0103ng k\u00fd nh\u1eadn b\u1ea3n tin - New World Saigon Hotel","robots":{"index":"index","follow":"follow","max-snippet":"max-snippet:-1","max-image-preview":"max-image-preview:large","max-video-preview":"max-video-preview:-1"},"canonical":"https:\/\/saigon.newworldhotels.com\/vi\/newsletter\/","og_locale":"vi_VN","og_type":"article","og_title":"\u0110\u0103ng k\u00fd nh\u1eadn b\u1ea3n tin - New World Saigon Hotel","og_description":"K\u1ebft n\u1ed1i c\u00f9ng ch\u00fang t\u00f4i H\u00e3y k\u1ebft n\u1ed1i c\u00f9ng New World Saigon Hotel \u0111\u1ec3 c\u1eadp nh\u1eadt nh\u1eefng ch\u01b0\u01a1ng tr\u00ecnh khuy\u1ebfn m\u00e3i, tin t\u1ee9c v\u00e0 \u01b0u \u0111\u00e3i \u0111\u1eb7c bi\u1ec7t m\u1edbi nh\u1ea5t.","og_url":"https:\/\/saigon.newworldhotels.com\/vi\/newsletter\/","og_site_name":"New World Saigon Hotel","article_modified_time":"2025-09-05T04:59:24+00:00","og_image":[{"width":1600,"height":1200,"url":"https:\/\/i0.wp.com\/saigon.newworldhotels.com\/wp-content\/uploads\/2025\/06\/NWSGN-Lobby-Artworks-1.jpg?fit=1600%2C1200&ssl=1","type":"image\/jpeg"}],"twitter_card":"summary_large_image","schema":{"@context":"https:\/\/schema.org","@graph":[{"@type":"WebPage","@id":"https:\/\/saigon.newworldhotels.com\/vi\/newsletter\/","url":"https:\/\/saigon.newworldhotels.com\/vi\/newsletter\/","name":"\u0110\u0103ng k\u00fd nh\u1eadn b\u1ea3n tin - New World Saigon Hotel","isPartOf":{"@id":"https:\/\/saigon.newworldhotels.com\/vi\/#website"},"primaryImageOfPage":{"@id":"https:\/\/saigon.newworldhotels.com\/vi\/newsletter\/#primaryimage"},"image":{"@id":"https:\/\/saigon.newworldhotels.com\/vi\/newsletter\/#primaryimage"},"thumbnailUrl":"https:\/\/i0.wp.com\/saigon.newworldhotels.com\/wp-content\/uploads\/2025\/06\/NWSGN-Lobby-Artworks-1.jpg?fit=1600%2C1200&ssl=1","datePublished":"2025-05-29T06:59:23+00:00","dateModified":"2025-09-05T04:59:24+00:00","breadcrumb":{"@id":"https:\/\/saigon.newworldhotels.com\/vi\/newsletter\/#breadcrumb"},"inLanguage":"vi-VN","potentialAction":[{"@type":"ReadAction","target":["https:\/\/saigon.newworldhotels.com\/vi\/newsletter\/"]}]},{"@type":"ImageObject","inLanguage":"vi-VN","@id":"https:\/\/saigon.newworldhotels.com\/vi\/newsletter\/#primaryimage","url":"https:\/\/i0.wp.com\/saigon.newworldhotels.com\/wp-content\/uploads\/2025\/06\/NWSGN-Lobby-Artworks-1.jpg?fit=1600%2C1200&ssl=1","contentUrl":"https:\/\/i0.wp.com\/saigon.newworldhotels.com\/wp-content\/uploads\/2025\/06\/NWSGN-Lobby-Artworks-1.jpg?fit=1600%2C1200&ssl=1","width":1600,"height":1200},{"@type":"BreadcrumbList","@id":"https:\/\/saigon.newworldhotels.com\/vi\/newsletter\/#breadcrumb","itemListElement":[{"@type":"ListItem","position":1,"name":"Home","item":"https:\/\/saigon.newworldhotels.com\/vi\/"},{"@type":"ListItem","position":2,"name":"\u0110\u0103ng k\u00fd nh\u1eadn b\u1ea3n tin"}]},{"@type":"WebSite","@id":"https:\/\/saigon.newworldhotels.com\/vi\/#website","url":"https:\/\/saigon.newworldhotels.com\/vi\/","name":"New World Saigon Hotel","description":"","potentialAction":[{"@type":"SearchAction","target":{"@type":"EntryPoint","urlTemplate":"https:\/\/saigon.newworldhotels.com\/vi\/?s={search_term_string}"},"query-input":{"@type":"PropertyValueSpecification","valueRequired":true,"valueName":"search_term_string"}}],"inLanguage":"vi-VN"}]}},"jetpack_sharing_enabled":true,"jetpack_shortlink":"https:\/\/wp.me\/Pg5XuR-4cx","featured_media_urls":{"thumbnail":["https:\/\/i0.wp.com\/saigon.newworldhotels.com\/wp-content\/uploads\/2025\/06\/NWSGN-Lobby-Artworks-1.jpg?resize=150%2C150&ssl=1",150,150,true],"medium":["https:\/\/i0.wp.com\/saigon.newworldhotels.com\/wp-content\/uploads\/2025\/06\/NWSGN-Lobby-Artworks-1.jpg?fit=300%2C225&ssl=1",300,225,true],"medium_large":["https:\/\/i0.wp.com\/saigon.newworldhotels.com\/wp-content\/uploads\/2025\/06\/NWSGN-Lobby-Artworks-1.jpg?fit=768%2C576&ssl=1",768,576,true],"large":["https:\/\/i0.wp.com\/saigon.newworldhotels.com\/wp-content\/uploads\/2025\/06\/NWSGN-Lobby-Artworks-1.jpg?fit=950%2C713&ssl=1",950,713,true],"1536x1536":["https:\/\/i0.wp.com\/saigon.newworldhotels.com\/wp-content\/uploads\/2025\/06\/NWSGN-Lobby-Artworks-1.jpg?fit=1536%2C1152&ssl=1",1536,1152,true],"2048x2048":["https:\/\/i0.wp.com\/saigon.newworldhotels.com\/wp-content\/uploads\/2025\/06\/NWSGN-Lobby-Artworks-1.jpg?fit=1600%2C1200&ssl=1",1600,1200,true],"newspack-article-block-landscape-large":["https:\/\/i0.wp.com\/saigon.newworldhotels.com\/wp-content\/uploads\/2025\/06\/NWSGN-Lobby-Artworks-1.jpg?resize=1200%2C900&ssl=1",1200,900,true],"newspack-article-block-portrait-large":["https:\/\/i0.wp.com\/saigon.newworldhotels.com\/wp-content\/uploads\/2025\/06\/NWSGN-Lobby-Artworks-1.jpg?resize=900%2C1200&ssl=1",900,1200,true],"newspack-article-block-square-large":["https:\/\/i0.wp.com\/saigon.newworldhotels.com\/wp-content\/uploads\/2025\/06\/NWSGN-Lobby-Artworks-1.jpg?resize=1200%2C1200&ssl=1",1200,1200,true],"newspack-article-block-landscape-medium":["https:\/\/i0.wp.com\/saigon.newworldhotels.com\/wp-content\/uploads\/2025\/06\/NWSGN-Lobby-Artworks-1.jpg?resize=800%2C600&ssl=1",800,600,true],"newspack-article-block-portrait-medium":["https:\/\/i0.wp.com\/saigon.newworldhotels.com\/wp-content\/uploads\/2025\/06\/NWSGN-Lobby-Artworks-1.jpg?resize=600%2C800&ssl=1",600,800,true],"newspack-article-block-square-medium":["https:\/\/i0.wp.com\/saigon.newworldhotels.com\/wp-content\/uploads\/2025\/06\/NWSGN-Lobby-Artworks-1.jpg?resize=800%2C800&ssl=1",800,800,true],"newspack-article-block-landscape-intermediate":["https:\/\/i0.wp.com\/saigon.newworldhotels.com\/wp-content\/uploads\/2025\/06\/NWSGN-Lobby-Artworks-1.jpg?resize=600%2C450&ssl=1",600,450,true],"newspack-article-block-portrait-intermediate":["https:\/\/i0.wp.com\/saigon.newworldhotels.com\/wp-content\/uploads\/2025\/06\/NWSGN-Lobby-Artworks-1.jpg?resize=450%2C600&ssl=1",450,600,true],"newspack-article-block-square-intermediate":["https:\/\/i0.wp.com\/saigon.newworldhotels.com\/wp-content\/uploads\/2025\/06\/NWSGN-Lobby-Artworks-1.jpg?resize=600%2C600&ssl=1",600,600,true],"newspack-article-block-landscape-small":["https:\/\/i0.wp.com\/saigon.newworldhotels.com\/wp-content\/uploads\/2025\/06\/NWSGN-Lobby-Artworks-1.jpg?resize=400%2C300&ssl=1",400,300,true],"newspack-article-block-portrait-small":["https:\/\/i0.wp.com\/saigon.newworldhotels.com\/wp-content\/uploads\/2025\/06\/NWSGN-Lobby-Artworks-1.jpg?resize=300%2C400&ssl=1",300,400,true],"newspack-article-block-square-small":["https:\/\/i0.wp.com\/saigon.newworldhotels.com\/wp-content\/uploads\/2025\/06\/NWSGN-Lobby-Artworks-1.jpg?resize=400%2C400&ssl=1",400,400,true],"newspack-article-block-landscape-tiny":["https:\/\/i0.wp.com\/saigon.newworldhotels.com\/wp-content\/uploads\/2025\/06\/NWSGN-Lobby-Artworks-1.jpg?resize=200%2C150&ssl=1",200,150,true],"newspack-article-block-portrait-tiny":["https:\/\/i0.wp.com\/saigon.newworldhotels.com\/wp-content\/uploads\/2025\/06\/NWSGN-Lobby-Artworks-1.jpg?resize=150%2C200&ssl=1",150,200,true],"newspack-article-block-square-tiny":["https:\/\/i0.wp.com\/saigon.newworldhotels.com\/wp-content\/uploads\/2025\/06\/NWSGN-Lobby-Artworks-1.jpg?resize=200%2C200&ssl=1",200,200,true],"newspack-article-block-uncropped":["https:\/\/i0.wp.com\/saigon.newworldhotels.com\/wp-content\/uploads\/2025\/06\/NWSGN-Lobby-Artworks-1.jpg?fit=1200%2C900&ssl=1",1200,900,true],"inspiro-featured-image":["https:\/\/i0.wp.com\/saigon.newworldhotels.com\/wp-content\/uploads\/2025\/06\/NWSGN-Lobby-Artworks-1.jpg?fit=1600%2C1200&ssl=1",1600,1200,true],"inspiro-loop":["https:\/\/i0.wp.com\/saigon.newworldhotels.com\/wp-content\/uploads\/2025\/06\/NWSGN-Lobby-Artworks-1.jpg?resize=950%2C320&ssl=1",950,320,true],"inspiro-loop@2x":["https:\/\/i0.wp.com\/saigon.newworldhotels.com\/wp-content\/uploads\/2025\/06\/NWSGN-Lobby-Artworks-1.jpg?resize=1600%2C640&ssl=1",1600,640,true],"portfolio_item-thumbnail":["https:\/\/i0.wp.com\/saigon.newworldhotels.com\/wp-content\/uploads\/2025\/06\/NWSGN-Lobby-Artworks-1.jpg?resize=600%2C400&ssl=1",600,400,true],"portfolio_item-thumbnail@2x":["https:\/\/i0.wp.com\/saigon.newworldhotels.com\/wp-content\/uploads\/2025\/06\/NWSGN-Lobby-Artworks-1.jpg?resize=1200%2C800&ssl=1",1200,800,true],"portfolio_item-masonry":["https:\/\/i0.wp.com\/saigon.newworldhotels.com\/wp-content\/uploads\/2025\/06\/NWSGN-Lobby-Artworks-1.jpg?fit=600%2C450&ssl=1",600,450,true],"portfolio_item-masonry@2x":["https:\/\/i0.wp.com\/saigon.newworldhotels.com\/wp-content\/uploads\/2025\/06\/NWSGN-Lobby-Artworks-1.jpg?fit=1200%2C900&ssl=1",1200,900,true],"portfolio_item-thumbnail_cinema":["https:\/\/i0.wp.com\/saigon.newworldhotels.com\/wp-content\/uploads\/2025\/06\/NWSGN-Lobby-Artworks-1.jpg?resize=800%2C335&ssl=1",800,335,true],"portfolio_item-thumbnail_portrait":["https:\/\/i0.wp.com\/saigon.newworldhotels.com\/wp-content\/uploads\/2025\/06\/NWSGN-Lobby-Artworks-1.jpg?resize=600%2C900&ssl=1",600,900,true],"portfolio_item-thumbnail_portrait@2x":["https:\/\/i0.wp.com\/saigon.newworldhotels.com\/wp-content\/uploads\/2025\/06\/NWSGN-Lobby-Artworks-1.jpg?resize=1200%2C1200&ssl=1",1200,1200,true],"portfolio_item-thumbnail_square":["https:\/\/i0.wp.com\/saigon.newworldhotels.com\/wp-content\/uploads\/2025\/06\/NWSGN-Lobby-Artworks-1.jpg?resize=800%2C800&ssl=1",800,800,true]},"_links":{"self":[{"href":"https:\/\/saigon.newworldhotels.com\/vi\/wp-json\/wp\/v2\/pages\/16153","targetHints":{"allow":["GET"]}}],"collection":[{"href":"https:\/\/saigon.newworldhotels.com\/vi\/wp-json\/wp\/v2\/pages"}],"about":[{"href":"https:\/\/saigon.newworldhotels.com\/vi\/wp-json\/wp\/v2\/types\/page"}],"author":[{"embeddable":true,"href":"https:\/\/saigon.newworldhotels.com\/vi\/wp-json\/wp\/v2\/users\/256764880"}],"replies":[{"embeddable":true,"href":"https:\/\/saigon.newworldhotels.com\/vi\/wp-json\/wp\/v2\/comments?post=16153"}],"version-history":[{"count":1,"href":"https:\/\/saigon.newworldhotels.com\/vi\/wp-json\/wp\/v2\/pages\/16153\/revisions"}],"predecessor-version":[{"id":16155,"href":"https:\/\/saigon.newworldhotels.com\/vi\/wp-json\/wp\/v2\/pages\/16153\/revisions\/16155"}],"wp:featuredmedia":[{"embeddable":true,"href":"https:\/\/saigon.newworldhotels.com\/vi\/wp-json\/wp\/v2\/media\/16147"}],"wp:attachment":[{"href":"https:\/\/saigon.newworldhotels.com\/vi\/wp-json\/wp\/v2\/media?parent=16153"}],"curies":[{"name":"wp","href":"https:\/\/api.w.org\/{rel}","templated":true}]}}