{"id":16180,"date":"2025-05-17T01:22:17","date_gmt":"2025-05-16T17:22:17","guid":{"rendered":"https:\/\/saigon.newworldhotels.com\/en\/experience\/"},"modified":"2025-09-17T10:40:31","modified_gmt":"2025-09-17T02:40:31","slug":"experience","status":"publish","type":"page","link":"https:\/\/saigon.newworldhotels.com\/vi\/experience\/","title":{"rendered":"Tr\u1ea3i Nghi\u1ec7m Du L\u1ecbch"},"content":{"rendered":"\n<p class=\"has-text-align-center wp-block-paragraph\">Ai n\u00f3i nh\u1eefng chuy\u1ebfn c\u00f4ng t\u00e1c kh\u00f4ng th\u1ec3 tr\u1edf th\u00e0nh m\u1ed9t h\u00e0nh tr\u00ecnh th\u00fa v\u1ecb? T\u1ea1i \u0111\u00e2y, b\u1ea1n c\u00f3 th\u1ec3 k\u1ebft h\u1ee3p tr\u1ecdn v\u1eb9n l\u1ecbch tr\u00ecnh c\u00f4ng vi\u1ec7c c\u00f9ng nh\u1eefng tr\u1ea3i nghi\u1ec7m \u0111\u1ecba ph\u01b0\u01a1ng \u0111\u00e1ng nh\u1edb, bi\u1ebfn chuy\u1ebfn \u0111i th\u00f4ng th\u01b0\u1eddng th\u00e0nh m\u1ed9t h\u00e0nh tr\u00ecnh th\u1eadt s\u1ef1 h\u1ea5p d\u1eabn.<\/p>\n\n\n\n<div style=\"height:var(--wp--preset--spacing--x-small)\" aria-hidden=\"true\" class=\"wp-block-spacer\"><\/div>\n\n\n\n<div class=\"wp-block-group alignfull has-background has-global-padding is-layout-constrained wp-block-group-is-layout-constrained\" style=\"background-color:#f8f8f8;padding-top:var(--wp--preset--spacing--medium);padding-bottom:var(--wp--preset--spacing--medium)\">\n<section class=\"wp-block-group is-layout-grid wp-container-core-group-is-layout-37eae5d7 wp-block-group-is-layout-grid\">\n<div class=\"wp-block-cover has-custom-content-position is-position-bottom-center\" style=\"padding-top:var(--wp--preset--spacing--small);padding-right:var(--wp--preset--spacing--x-small);padding-bottom:var(--wp--preset--spacing--small);padding-left:var(--wp--preset--spacing--x-small);min-height:455px;aspect-ratio:unset;\"><img data-recalc-dims=\"1\" loading=\"lazy\" decoding=\"async\" width=\"950\" height=\"625\" class=\"wp-block-cover__image-background wp-image-15716 size-large\" alt=\"\" src=\"https:\/\/i0.wp.com\/saigon.newworldhotels.com\/en\/wp-content\/uploads\/2025\/07\/iStock_664206534-1024x674.jpg?resize=950%2C625&#038;ssl=1\" style=\"object-position:17% 56%\" data-object-fit=\"cover\" data-object-position=\"17% 56%\" srcset=\"https:\/\/i0.wp.com\/saigon.newworldhotels.com\/wp-content\/uploads\/2025\/07\/iStock_664206534.jpg?resize=1024%2C674&amp;ssl=1 1024w, https:\/\/i0.wp.com\/saigon.newworldhotels.com\/wp-content\/uploads\/2025\/07\/iStock_664206534.jpg?resize=300%2C197&amp;ssl=1 300w, https:\/\/i0.wp.com\/saigon.newworldhotels.com\/wp-content\/uploads\/2025\/07\/iStock_664206534.jpg?resize=2000%2C1316&amp;ssl=1 2000w, https:\/\/i0.wp.com\/saigon.newworldhotels.com\/wp-content\/uploads\/2025\/07\/iStock_664206534.jpg?resize=1536%2C1011&amp;ssl=1 1536w, https:\/\/i0.wp.com\/saigon.newworldhotels.com\/wp-content\/uploads\/2025\/07\/iStock_664206534.jpg?resize=2048%2C1348&amp;ssl=1 2048w, https:\/\/i0.wp.com\/saigon.newworldhotels.com\/wp-content\/uploads\/2025\/07\/iStock_664206534.jpg?resize=1200%2C790&amp;ssl=1 1200w, https:\/\/i0.wp.com\/saigon.newworldhotels.com\/wp-content\/uploads\/2025\/07\/iStock_664206534.jpg?resize=600%2C395&amp;ssl=1 600w, https:\/\/i0.wp.com\/saigon.newworldhotels.com\/wp-content\/uploads\/2025\/07\/iStock_664206534.jpg?w=1900&amp;ssl=1 1900w, https:\/\/i0.wp.com\/saigon.newworldhotels.com\/wp-content\/uploads\/2025\/07\/iStock_664206534.jpg?w=2850&amp;ssl=1 2850w\" sizes=\"auto, (max-width: 950px) 100vw, 950px\" \/><span aria-hidden=\"true\" class=\"wp-block-cover__background has-background-dim-70 has-background-dim wp-block-cover__gradient-background has-background-gradient\" style=\"background:linear-gradient(180deg,rgba(0,0,0,0) 53%,rgb(0,0,0) 80%)\"><\/span><div class=\"wp-block-cover__inner-container is-layout-flow wp-block-cover-is-layout-flow\">\n<h4 class=\"wp-block-heading has-text-align-center has-white-color has-text-color\" style=\"margin-top:0;margin-right:0;margin-bottom:0;margin-left:0\">Gi\u1ea3i tr\u00ed<\/h4>\n\n\n\n<p class=\"has-text-align-center has-small-font-size wp-block-paragraph\" style=\"margin-top:0px;margin-bottom:12px\"><\/p>\n\n\n\n<p class=\"has-text-align-center has-white-color has-text-color has-link-color has-small-font-size wp-elements-3e80533bbf0f59de4826acd40575edca wp-block-paragraph\" style=\"margin-top:0;margin-right:0;margin-bottom:0;margin-left:0\"><a href=\"https:\/\/saigon.newworldhotels.com\/en\/vi\/experience\/entertainment\/\" data-type=\"page\" data-id=\"8137\">T\u00ccM HI\u1ec2U TH\u00caM<\/a><\/p>\n<\/div><\/div>\n\n\n\n<div class=\"wp-block-cover has-custom-content-position is-position-bottom-center\" style=\"padding-top:var(--wp--preset--spacing--small);padding-right:var(--wp--preset--spacing--x-small);padding-bottom:var(--wp--preset--spacing--small);padding-left:var(--wp--preset--spacing--x-small);min-height:455px;aspect-ratio:unset;\"><img data-recalc-dims=\"1\" loading=\"lazy\" decoding=\"async\" width=\"950\" height=\"634\" class=\"wp-block-cover__image-background wp-image-15576 size-large\" alt=\"\" src=\"https:\/\/i0.wp.com\/saigon.newworldhotels.com\/en\/wp-content\/uploads\/2025\/05\/istockphoto_2192327182-1024x683.jpg?resize=950%2C634&#038;ssl=1\" style=\"object-position:46% 64%\" data-object-fit=\"cover\" data-object-position=\"46% 64%\" srcset=\"https:\/\/i0.wp.com\/saigon.newworldhotels.com\/wp-content\/uploads\/2025\/05\/istockphoto_2192327182.jpg?resize=1024%2C683&amp;ssl=1 1024w, https:\/\/i0.wp.com\/saigon.newworldhotels.com\/wp-content\/uploads\/2025\/05\/istockphoto_2192327182.jpg?resize=300%2C200&amp;ssl=1 300w, https:\/\/i0.wp.com\/saigon.newworldhotels.com\/wp-content\/uploads\/2025\/05\/istockphoto_2192327182.jpg?resize=2000%2C1333&amp;ssl=1 2000w, https:\/\/i0.wp.com\/saigon.newworldhotels.com\/wp-content\/uploads\/2025\/05\/istockphoto_2192327182.jpg?resize=600%2C400&amp;ssl=1 600w, https:\/\/i0.wp.com\/saigon.newworldhotels.com\/wp-content\/uploads\/2025\/05\/istockphoto_2192327182.jpg?resize=1200%2C800&amp;ssl=1 1200w, https:\/\/i0.wp.com\/saigon.newworldhotels.com\/wp-content\/uploads\/2025\/05\/istockphoto_2192327182.jpg?resize=1536%2C1024&amp;ssl=1 1536w, https:\/\/i0.wp.com\/saigon.newworldhotels.com\/wp-content\/uploads\/2025\/05\/istockphoto_2192327182.jpg?resize=2048%2C1365&amp;ssl=1 2048w, https:\/\/i0.wp.com\/saigon.newworldhotels.com\/wp-content\/uploads\/2025\/05\/istockphoto_2192327182.jpg?w=1900&amp;ssl=1 1900w, https:\/\/i0.wp.com\/saigon.newworldhotels.com\/wp-content\/uploads\/2025\/05\/istockphoto_2192327182.jpg?w=2850&amp;ssl=1 2850w\" sizes=\"auto, (max-width: 950px) 100vw, 950px\" \/><span aria-hidden=\"true\" class=\"wp-block-cover__background has-background-dim-70 has-background-dim wp-block-cover__gradient-background has-background-gradient\" style=\"background:linear-gradient(180deg,rgba(0,0,0,0) 53%,rgb(0,0,0) 80%)\"><\/span><div class=\"wp-block-cover__inner-container is-layout-flow wp-block-cover-is-layout-flow\">\n<h4 class=\"wp-block-heading has-text-align-center has-white-color has-text-color has-small-font-size\" style=\"margin-top:0;margin-right:0;margin-bottom:0;margin-left:0\">Tham Quan<\/h4>\n\n\n\n<p class=\"has-text-align-center has-small-font-size wp-block-paragraph\" style=\"margin-top:0px;margin-bottom:12px\"><\/p>\n\n\n\n<p class=\"has-text-align-center has-white-color has-text-color has-link-color has-small-font-size wp-elements-4b519d90b9c1616a1fd465bd366002f4 wp-block-paragraph\" style=\"margin-top:0;margin-right:0;margin-bottom:0;margin-left:0\"><a href=\"https:\/\/saigon.newworldhotels.com\/en\/vi\/experience\/destinations\/\" data-type=\"page\" data-id=\"8142\">T\u00ccM HI\u1ec2U TH\u00caM<\/a><\/p>\n<\/div><\/div>\n\n\n\n<div class=\"wp-block-cover has-custom-content-position is-position-bottom-center\" style=\"padding-top:var(--wp--preset--spacing--small);padding-right:var(--wp--preset--spacing--x-small);padding-bottom:var(--wp--preset--spacing--small);padding-left:var(--wp--preset--spacing--x-small);min-height:455px;aspect-ratio:unset;\"><img data-recalc-dims=\"1\" loading=\"lazy\" decoding=\"async\" width=\"950\" height=\"633\" class=\"wp-block-cover__image-background wp-image-15724 size-full\" alt=\"\" src=\"https:\/\/i0.wp.com\/saigon.newworldhotels.com\/en\/wp-content\/uploads\/2025\/08\/view-clock-tower-against-sky.jpg?resize=950%2C633&#038;ssl=1\" style=\"object-position:63% 58%\" data-object-fit=\"cover\" data-object-position=\"63% 58%\" srcset=\"https:\/\/i0.wp.com\/saigon.newworldhotels.com\/wp-content\/uploads\/2025\/08\/view-clock-tower-against-sky.jpg?w=5184&amp;ssl=1 5184w, https:\/\/i0.wp.com\/saigon.newworldhotels.com\/wp-content\/uploads\/2025\/08\/view-clock-tower-against-sky.jpg?resize=300%2C200&amp;ssl=1 300w, https:\/\/i0.wp.com\/saigon.newworldhotels.com\/wp-content\/uploads\/2025\/08\/view-clock-tower-against-sky.jpg?resize=1024%2C683&amp;ssl=1 1024w, https:\/\/i0.wp.com\/saigon.newworldhotels.com\/wp-content\/uploads\/2025\/08\/view-clock-tower-against-sky.jpg?resize=2000%2C1333&amp;ssl=1 2000w, https:\/\/i0.wp.com\/saigon.newworldhotels.com\/wp-content\/uploads\/2025\/08\/view-clock-tower-against-sky.jpg?resize=1536%2C1024&amp;ssl=1 1536w, https:\/\/i0.wp.com\/saigon.newworldhotels.com\/wp-content\/uploads\/2025\/08\/view-clock-tower-against-sky.jpg?resize=2048%2C1365&amp;ssl=1 2048w, https:\/\/i0.wp.com\/saigon.newworldhotels.com\/wp-content\/uploads\/2025\/08\/view-clock-tower-against-sky.jpg?resize=1200%2C800&amp;ssl=1 1200w, https:\/\/i0.wp.com\/saigon.newworldhotels.com\/wp-content\/uploads\/2025\/08\/view-clock-tower-against-sky.jpg?resize=600%2C400&amp;ssl=1 600w, https:\/\/i0.wp.com\/saigon.newworldhotels.com\/wp-content\/uploads\/2025\/08\/view-clock-tower-against-sky.jpg?w=1900&amp;ssl=1 1900w, https:\/\/i0.wp.com\/saigon.newworldhotels.com\/wp-content\/uploads\/2025\/08\/view-clock-tower-against-sky.jpg?w=2850&amp;ssl=1 2850w\" sizes=\"auto, (max-width: 950px) 100vw, 950px\" \/><span aria-hidden=\"true\" class=\"wp-block-cover__background has-background-dim-70 has-background-dim wp-block-cover__gradient-background has-background-gradient\" style=\"background:linear-gradient(180deg,rgba(0,0,0,0) 53%,rgb(0,0,0) 80%)\"><\/span><div class=\"wp-block-cover__inner-container is-layout-flow wp-block-cover-is-layout-flow\">\n<h4 class=\"wp-block-heading has-text-align-center has-white-color has-text-color has-small-font-size\" style=\"margin-top:0;margin-right:0;margin-bottom:0;margin-left:0\">Ch\u1ed1n H\u1ea5p D\u1eabn<\/h4>\n\n\n\n<p class=\"has-text-align-center has-small-font-size wp-block-paragraph\" style=\"margin-top:0px;margin-bottom:12px\"><\/p>\n\n\n\n<p class=\"has-text-align-center has-white-color has-text-color has-link-color has-small-font-size wp-elements-1b0db4379916de82cf334e11a748c1b2 wp-block-paragraph\" style=\"margin-top:0;margin-right:0;margin-bottom:0;margin-left:0\"><a href=\"https:\/\/saigon.newworldhotels.com\/en\/vi\/experience\/place-of-interest\/\" data-type=\"page\" data-id=\"8143\">T\u00ccM HI\u1ec2U TH\u00caM<\/a><\/p>\n<\/div><\/div>\n<\/section>\n<\/div>\n\n\n\n<div style=\"height:var(--wp--preset--spacing--medium)\" aria-hidden=\"true\" class=\"wp-block-spacer\"><\/div>\n\n\n\n<p class=\"wp-block-paragraph\"><\/p>\n","protected":false},"excerpt":{"rendered":"<p>Ai n\u00f3i nh\u1eefng chuy\u1ebfn c\u00f4ng t\u00e1c kh\u00f4ng th\u1ec3 tr\u1edf th\u00e0nh m\u1ed9t h\u00e0nh tr\u00ecnh th\u00fa v\u1ecb? T\u1ea1i \u0111\u00e2y, b\u1ea1n c\u00f3 th\u1ec3 k\u1ebft h\u1ee3p tr\u1ecdn v\u1eb9n l\u1ecbch tr\u00ecnh c\u00f4ng vi\u1ec7c c\u00f9ng nh\u1eefng tr\u1ea3i nghi\u1ec7m \u0111\u1ecba ph\u01b0\u01a1ng \u0111\u00e1ng nh\u1edb, bi\u1ebfn chuy\u1ebfn \u0111i th\u00f4ng th\u01b0\u1eddng th\u00e0nh m\u1ed9t h\u00e0nh tr\u00ecnh th\u1eadt s\u1ef1 h\u1ea5p d\u1eabn.<\/p>\n","protected":false},"author":256764880,"featured_media":16181,"parent":0,"menu_order":0,"comment_status":"closed","ping_status":"closed","template":"","meta":{"_acf_changed":false,"_crdt_document":"","footnotes":""},"class_list":["post-16180","page","type-page","status-publish","has-post-thumbnail","hentry"],"acf":[],"yoast_head":"<!-- This site is optimized with the Yoast SEO plugin v27.4 - https:\/\/yoast.com\/product\/yoast-seo-wordpress\/ -->\n<title>Tr\u1ea3i Nghi\u1ec7m Du L\u1ecbch - New World Saigon Hotel<\/title>\n<meta name=\"robots\" content=\"index, follow, max-snippet:-1, max-image-preview:large, max-video-preview:-1\" \/>\n<link rel=\"canonical\" href=\"https:\/\/saigon.newworldhotels.com\/vi\/experience\/\" \/>\n<meta property=\"og:locale\" content=\"vi_VN\" \/>\n<meta property=\"og:type\" content=\"article\" \/>\n<meta property=\"og:title\" content=\"Tr\u1ea3i Nghi\u1ec7m Du L\u1ecbch - New World Saigon Hotel\" \/>\n<meta property=\"og:description\" content=\"Ai n\u00f3i nh\u1eefng chuy\u1ebfn c\u00f4ng t\u00e1c kh\u00f4ng th\u1ec3 tr\u1edf th\u00e0nh m\u1ed9t h\u00e0nh tr\u00ecnh th\u00fa v\u1ecb? T\u1ea1i \u0111\u00e2y, b\u1ea1n c\u00f3 th\u1ec3 k\u1ebft h\u1ee3p tr\u1ecdn v\u1eb9n l\u1ecbch tr\u00ecnh c\u00f4ng vi\u1ec7c c\u00f9ng nh\u1eefng tr\u1ea3i nghi\u1ec7m \u0111\u1ecba ph\u01b0\u01a1ng \u0111\u00e1ng nh\u1edb, bi\u1ebfn chuy\u1ebfn \u0111i th\u00f4ng th\u01b0\u1eddng th\u00e0nh m\u1ed9t h\u00e0nh tr\u00ecnh th\u1eadt s\u1ef1 h\u1ea5p d\u1eabn.\" \/>\n<meta property=\"og:url\" content=\"https:\/\/saigon.newworldhotels.com\/vi\/experience\/\" \/>\n<meta property=\"og:site_name\" content=\"New World Saigon Hotel\" \/>\n<meta property=\"article:modified_time\" content=\"2025-09-17T02:40:31+00:00\" \/>\n<meta property=\"og:image\" content=\"https:\/\/saigon.newworldhotels.com\/wp-content\/uploads\/2025\/08\/1.3-Experience-Cover-1024x683.jpg\" \/>\n\t<meta property=\"og:image:width\" content=\"1024\" \/>\n\t<meta property=\"og:image:height\" content=\"683\" \/>\n\t<meta property=\"og:image:type\" content=\"image\/jpeg\" \/>\n<meta name=\"twitter:card\" content=\"summary_large_image\" \/>\n<meta name=\"twitter:label1\" content=\"Est. reading time\" \/>\n\t<meta name=\"twitter:data1\" content=\"2 minutes\" \/>\n<script type=\"application\/ld+json\" class=\"yoast-schema-graph\">{\"@context\":\"https:\\\/\\\/schema.org\",\"@graph\":[{\"@type\":\"WebPage\",\"@id\":\"https:\\\/\\\/saigon.newworldhotels.com\\\/vi\\\/experience\\\/\",\"url\":\"https:\\\/\\\/saigon.newworldhotels.com\\\/vi\\\/experience\\\/\",\"name\":\"Tr\u1ea3i Nghi\u1ec7m Du L\u1ecbch - New World Saigon Hotel\",\"isPartOf\":{\"@id\":\"https:\\\/\\\/saigon.newworldhotels.com\\\/en\\\/#website\"},\"primaryImageOfPage\":{\"@id\":\"https:\\\/\\\/saigon.newworldhotels.com\\\/vi\\\/experience\\\/#primaryimage\"},\"image\":{\"@id\":\"https:\\\/\\\/saigon.newworldhotels.com\\\/vi\\\/experience\\\/#primaryimage\"},\"thumbnailUrl\":\"https:\\\/\\\/i0.wp.com\\\/saigon.newworldhotels.com\\\/wp-content\\\/uploads\\\/2025\\\/08\\\/1.3-Experience-Cover.jpg?fit=6966%2C4643&ssl=1\",\"datePublished\":\"2025-05-16T17:22:17+00:00\",\"dateModified\":\"2025-09-17T02:40:31+00:00\",\"breadcrumb\":{\"@id\":\"https:\\\/\\\/saigon.newworldhotels.com\\\/vi\\\/experience\\\/#breadcrumb\"},\"inLanguage\":\"vi-VN\",\"potentialAction\":[{\"@type\":\"ReadAction\",\"target\":[\"https:\\\/\\\/saigon.newworldhotels.com\\\/vi\\\/experience\\\/\"]}]},{\"@type\":\"ImageObject\",\"inLanguage\":\"vi-VN\",\"@id\":\"https:\\\/\\\/saigon.newworldhotels.com\\\/vi\\\/experience\\\/#primaryimage\",\"url\":\"https:\\\/\\\/i0.wp.com\\\/saigon.newworldhotels.com\\\/wp-content\\\/uploads\\\/2025\\\/08\\\/1.3-Experience-Cover.jpg?fit=6966%2C4643&ssl=1\",\"contentUrl\":\"https:\\\/\\\/i0.wp.com\\\/saigon.newworldhotels.com\\\/wp-content\\\/uploads\\\/2025\\\/08\\\/1.3-Experience-Cover.jpg?fit=6966%2C4643&ssl=1\",\"width\":6966,\"height\":4643,\"caption\":\"default\"},{\"@type\":\"BreadcrumbList\",\"@id\":\"https:\\\/\\\/saigon.newworldhotels.com\\\/vi\\\/experience\\\/#breadcrumb\",\"itemListElement\":[{\"@type\":\"ListItem\",\"position\":1,\"name\":\"Home\",\"item\":\"https:\\\/\\\/saigon.newworldhotels.com\\\/vi\\\/\"},{\"@type\":\"ListItem\",\"position\":2,\"name\":\"Tr\u1ea3i Nghi\u1ec7m Du L\u1ecbch\"}]},{\"@type\":\"WebSite\",\"@id\":\"https:\\\/\\\/saigon.newworldhotels.com\\\/en\\\/#website\",\"url\":\"https:\\\/\\\/saigon.newworldhotels.com\\\/en\\\/\",\"name\":\"New World Saigon Hotel\",\"description\":\"\",\"potentialAction\":[{\"@type\":\"SearchAction\",\"target\":{\"@type\":\"EntryPoint\",\"urlTemplate\":\"https:\\\/\\\/saigon.newworldhotels.com\\\/en\\\/?s={search_term_string}\"},\"query-input\":{\"@type\":\"PropertyValueSpecification\",\"valueRequired\":true,\"valueName\":\"search_term_string\"}}],\"inLanguage\":\"vi-VN\"}]}<\/script>\n<!-- \/ Yoast SEO plugin. -->","yoast_head_json":{"title":"Tr\u1ea3i Nghi\u1ec7m Du L\u1ecbch - New World Saigon Hotel","robots":{"index":"index","follow":"follow","max-snippet":"max-snippet:-1","max-image-preview":"max-image-preview:large","max-video-preview":"max-video-preview:-1"},"canonical":"https:\/\/saigon.newworldhotels.com\/vi\/experience\/","og_locale":"vi_VN","og_type":"article","og_title":"Tr\u1ea3i Nghi\u1ec7m Du L\u1ecbch - New World Saigon Hotel","og_description":"Ai n\u00f3i nh\u1eefng chuy\u1ebfn c\u00f4ng t\u00e1c kh\u00f4ng th\u1ec3 tr\u1edf th\u00e0nh m\u1ed9t h\u00e0nh tr\u00ecnh th\u00fa v\u1ecb? T\u1ea1i \u0111\u00e2y, b\u1ea1n c\u00f3 th\u1ec3 k\u1ebft h\u1ee3p tr\u1ecdn v\u1eb9n l\u1ecbch tr\u00ecnh c\u00f4ng vi\u1ec7c c\u00f9ng nh\u1eefng tr\u1ea3i nghi\u1ec7m \u0111\u1ecba ph\u01b0\u01a1ng \u0111\u00e1ng nh\u1edb, bi\u1ebfn chuy\u1ebfn \u0111i th\u00f4ng th\u01b0\u1eddng th\u00e0nh m\u1ed9t h\u00e0nh tr\u00ecnh th\u1eadt s\u1ef1 h\u1ea5p d\u1eabn.","og_url":"https:\/\/saigon.newworldhotels.com\/vi\/experience\/","og_site_name":"New World Saigon Hotel","article_modified_time":"2025-09-17T02:40:31+00:00","og_image":[{"width":1024,"height":683,"url":"https:\/\/saigon.newworldhotels.com\/wp-content\/uploads\/2025\/08\/1.3-Experience-Cover-1024x683.jpg","type":"image\/jpeg"}],"twitter_card":"summary_large_image","twitter_misc":{"Est. reading time":"2 minutes"},"schema":{"@context":"https:\/\/schema.org","@graph":[{"@type":"WebPage","@id":"https:\/\/saigon.newworldhotels.com\/vi\/experience\/","url":"https:\/\/saigon.newworldhotels.com\/vi\/experience\/","name":"Tr\u1ea3i Nghi\u1ec7m Du L\u1ecbch - New World Saigon Hotel","isPartOf":{"@id":"https:\/\/saigon.newworldhotels.com\/en\/#website"},"primaryImageOfPage":{"@id":"https:\/\/saigon.newworldhotels.com\/vi\/experience\/#primaryimage"},"image":{"@id":"https:\/\/saigon.newworldhotels.com\/vi\/experience\/#primaryimage"},"thumbnailUrl":"https:\/\/i0.wp.com\/saigon.newworldhotels.com\/wp-content\/uploads\/2025\/08\/1.3-Experience-Cover.jpg?fit=6966%2C4643&ssl=1","datePublished":"2025-05-16T17:22:17+00:00","dateModified":"2025-09-17T02:40:31+00:00","breadcrumb":{"@id":"https:\/\/saigon.newworldhotels.com\/vi\/experience\/#breadcrumb"},"inLanguage":"vi-VN","potentialAction":[{"@type":"ReadAction","target":["https:\/\/saigon.newworldhotels.com\/vi\/experience\/"]}]},{"@type":"ImageObject","inLanguage":"vi-VN","@id":"https:\/\/saigon.newworldhotels.com\/vi\/experience\/#primaryimage","url":"https:\/\/i0.wp.com\/saigon.newworldhotels.com\/wp-content\/uploads\/2025\/08\/1.3-Experience-Cover.jpg?fit=6966%2C4643&ssl=1","contentUrl":"https:\/\/i0.wp.com\/saigon.newworldhotels.com\/wp-content\/uploads\/2025\/08\/1.3-Experience-Cover.jpg?fit=6966%2C4643&ssl=1","width":6966,"height":4643,"caption":"default"},{"@type":"BreadcrumbList","@id":"https:\/\/saigon.newworldhotels.com\/vi\/experience\/#breadcrumb","itemListElement":[{"@type":"ListItem","position":1,"name":"Home","item":"https:\/\/saigon.newworldhotels.com\/vi\/"},{"@type":"ListItem","position":2,"name":"Tr\u1ea3i Nghi\u1ec7m Du L\u1ecbch"}]},{"@type":"WebSite","@id":"https:\/\/saigon.newworldhotels.com\/en\/#website","url":"https:\/\/saigon.newworldhotels.com\/en\/","name":"New World Saigon Hotel","description":"","potentialAction":[{"@type":"SearchAction","target":{"@type":"EntryPoint","urlTemplate":"https:\/\/saigon.newworldhotels.com\/en\/?s={search_term_string}"},"query-input":{"@type":"PropertyValueSpecification","valueRequired":true,"valueName":"search_term_string"}}],"inLanguage":"vi-VN"}]}},"jetpack_sharing_enabled":true,"jetpack_shortlink":"https:\/\/wp.me\/Pg5XuR-4cY","featured_media_urls":{"thumbnail":["https:\/\/i0.wp.com\/saigon.newworldhotels.com\/wp-content\/uploads\/2025\/08\/1.3-Experience-Cover.jpg?resize=150%2C150&ssl=1",150,150,true],"medium":["https:\/\/i0.wp.com\/saigon.newworldhotels.com\/wp-content\/uploads\/2025\/08\/1.3-Experience-Cover.jpg?fit=300%2C200&ssl=1",300,200,true],"medium_large":["https:\/\/i0.wp.com\/saigon.newworldhotels.com\/wp-content\/uploads\/2025\/08\/1.3-Experience-Cover.jpg?fit=768%2C512&ssl=1",768,512,true],"large":["https:\/\/i0.wp.com\/saigon.newworldhotels.com\/wp-content\/uploads\/2025\/08\/1.3-Experience-Cover.jpg?fit=950%2C634&ssl=1",950,634,true],"1536x1536":["https:\/\/i0.wp.com\/saigon.newworldhotels.com\/wp-content\/uploads\/2025\/08\/1.3-Experience-Cover.jpg?fit=1536%2C1024&ssl=1",1536,1024,true],"2048x2048":["https:\/\/i0.wp.com\/saigon.newworldhotels.com\/wp-content\/uploads\/2025\/08\/1.3-Experience-Cover.jpg?fit=2048%2C1365&ssl=1",2048,1365,true],"newspack-article-block-landscape-large":["https:\/\/i0.wp.com\/saigon.newworldhotels.com\/wp-content\/uploads\/2025\/08\/1.3-Experience-Cover.jpg?resize=1200%2C900&ssl=1",1200,900,true],"newspack-article-block-portrait-large":["https:\/\/i0.wp.com\/saigon.newworldhotels.com\/wp-content\/uploads\/2025\/08\/1.3-Experience-Cover.jpg?resize=900%2C1200&ssl=1",900,1200,true],"newspack-article-block-square-large":["https:\/\/i0.wp.com\/saigon.newworldhotels.com\/wp-content\/uploads\/2025\/08\/1.3-Experience-Cover.jpg?resize=1200%2C1200&ssl=1",1200,1200,true],"newspack-article-block-landscape-medium":["https:\/\/i0.wp.com\/saigon.newworldhotels.com\/wp-content\/uploads\/2025\/08\/1.3-Experience-Cover.jpg?resize=800%2C600&ssl=1",800,600,true],"newspack-article-block-portrait-medium":["https:\/\/i0.wp.com\/saigon.newworldhotels.com\/wp-content\/uploads\/2025\/08\/1.3-Experience-Cover.jpg?resize=600%2C800&ssl=1",600,800,true],"newspack-article-block-square-medium":["https:\/\/i0.wp.com\/saigon.newworldhotels.com\/wp-content\/uploads\/2025\/08\/1.3-Experience-Cover.jpg?resize=800%2C800&ssl=1",800,800,true],"newspack-article-block-landscape-intermediate":["https:\/\/i0.wp.com\/saigon.newworldhotels.com\/wp-content\/uploads\/2025\/08\/1.3-Experience-Cover.jpg?resize=600%2C450&ssl=1",600,450,true],"newspack-article-block-portrait-intermediate":["https:\/\/i0.wp.com\/saigon.newworldhotels.com\/wp-content\/uploads\/2025\/08\/1.3-Experience-Cover.jpg?resize=450%2C600&ssl=1",450,600,true],"newspack-article-block-square-intermediate":["https:\/\/i0.wp.com\/saigon.newworldhotels.com\/wp-content\/uploads\/2025\/08\/1.3-Experience-Cover.jpg?resize=600%2C600&ssl=1",600,600,true],"newspack-article-block-landscape-small":["https:\/\/i0.wp.com\/saigon.newworldhotels.com\/wp-content\/uploads\/2025\/08\/1.3-Experience-Cover.jpg?resize=400%2C300&ssl=1",400,300,true],"newspack-article-block-portrait-small":["https:\/\/i0.wp.com\/saigon.newworldhotels.com\/wp-content\/uploads\/2025\/08\/1.3-Experience-Cover.jpg?resize=300%2C400&ssl=1",300,400,true],"newspack-article-block-square-small":["https:\/\/i0.wp.com\/saigon.newworldhotels.com\/wp-content\/uploads\/2025\/08\/1.3-Experience-Cover.jpg?resize=400%2C400&ssl=1",400,400,true],"newspack-article-block-landscape-tiny":["https:\/\/i0.wp.com\/saigon.newworldhotels.com\/wp-content\/uploads\/2025\/08\/1.3-Experience-Cover.jpg?resize=200%2C150&ssl=1",200,150,true],"newspack-article-block-portrait-tiny":["https:\/\/i0.wp.com\/saigon.newworldhotels.com\/wp-content\/uploads\/2025\/08\/1.3-Experience-Cover.jpg?resize=150%2C200&ssl=1",150,200,true],"newspack-article-block-square-tiny":["https:\/\/i0.wp.com\/saigon.newworldhotels.com\/wp-content\/uploads\/2025\/08\/1.3-Experience-Cover.jpg?resize=200%2C200&ssl=1",200,200,true],"newspack-article-block-uncropped":["https:\/\/i0.wp.com\/saigon.newworldhotels.com\/wp-content\/uploads\/2025\/08\/1.3-Experience-Cover.jpg?fit=1200%2C800&ssl=1",1200,800,true],"inspiro-featured-image":["https:\/\/i0.wp.com\/saigon.newworldhotels.com\/wp-content\/uploads\/2025\/08\/1.3-Experience-Cover.jpg?fit=2000%2C1333&ssl=1",2000,1333,true],"inspiro-loop":["https:\/\/i0.wp.com\/saigon.newworldhotels.com\/wp-content\/uploads\/2025\/08\/1.3-Experience-Cover.jpg?resize=950%2C320&ssl=1",950,320,true],"inspiro-loop@2x":["https:\/\/i0.wp.com\/saigon.newworldhotels.com\/wp-content\/uploads\/2025\/08\/1.3-Experience-Cover.jpg?resize=1900%2C640&ssl=1",1900,640,true],"portfolio_item-thumbnail":["https:\/\/i0.wp.com\/saigon.newworldhotels.com\/wp-content\/uploads\/2025\/08\/1.3-Experience-Cover.jpg?resize=600%2C400&ssl=1",600,400,true],"portfolio_item-thumbnail@2x":["https:\/\/i0.wp.com\/saigon.newworldhotels.com\/wp-content\/uploads\/2025\/08\/1.3-Experience-Cover.jpg?resize=1200%2C800&ssl=1",1200,800,true],"portfolio_item-masonry":["https:\/\/i0.wp.com\/saigon.newworldhotels.com\/wp-content\/uploads\/2025\/08\/1.3-Experience-Cover.jpg?fit=600%2C400&ssl=1",600,400,true],"portfolio_item-masonry@2x":["https:\/\/i0.wp.com\/saigon.newworldhotels.com\/wp-content\/uploads\/2025\/08\/1.3-Experience-Cover.jpg?fit=1200%2C800&ssl=1",1200,800,true],"portfolio_item-thumbnail_cinema":["https:\/\/i0.wp.com\/saigon.newworldhotels.com\/wp-content\/uploads\/2025\/08\/1.3-Experience-Cover.jpg?resize=800%2C335&ssl=1",800,335,true],"portfolio_item-thumbnail_portrait":["https:\/\/i0.wp.com\/saigon.newworldhotels.com\/wp-content\/uploads\/2025\/08\/1.3-Experience-Cover.jpg?resize=600%2C900&ssl=1",600,900,true],"portfolio_item-thumbnail_portrait@2x":["https:\/\/i0.wp.com\/saigon.newworldhotels.com\/wp-content\/uploads\/2025\/08\/1.3-Experience-Cover.jpg?resize=1200%2C1800&ssl=1",1200,1800,true],"portfolio_item-thumbnail_square":["https:\/\/i0.wp.com\/saigon.newworldhotels.com\/wp-content\/uploads\/2025\/08\/1.3-Experience-Cover.jpg?resize=800%2C800&ssl=1",800,800,true]},"_links":{"self":[{"href":"https:\/\/saigon.newworldhotels.com\/vi\/wp-json\/wp\/v2\/pages\/16180","targetHints":{"allow":["GET"]}}],"collection":[{"href":"https:\/\/saigon.newworldhotels.com\/vi\/wp-json\/wp\/v2\/pages"}],"about":[{"href":"https:\/\/saigon.newworldhotels.com\/vi\/wp-json\/wp\/v2\/types\/page"}],"author":[{"embeddable":true,"href":"https:\/\/saigon.newworldhotels.com\/vi\/wp-json\/wp\/v2\/users\/256764880"}],"replies":[{"embeddable":true,"href":"https:\/\/saigon.newworldhotels.com\/vi\/wp-json\/wp\/v2\/comments?post=16180"}],"version-history":[{"count":2,"href":"https:\/\/saigon.newworldhotels.com\/vi\/wp-json\/wp\/v2\/pages\/16180\/revisions"}],"predecessor-version":[{"id":16345,"href":"https:\/\/saigon.newworldhotels.com\/vi\/wp-json\/wp\/v2\/pages\/16180\/revisions\/16345"}],"wp:featuredmedia":[{"embeddable":true,"href":"https:\/\/saigon.newworldhotels.com\/vi\/wp-json\/wp\/v2\/media\/16181"}],"wp:attachment":[{"href":"https:\/\/saigon.newworldhotels.com\/vi\/wp-json\/wp\/v2\/media?parent=16180"}],"curies":[{"name":"wp","href":"https:\/\/api.w.org\/{rel}","templated":true}]}}