{"id":16184,"date":"2025-05-22T15:31:27","date_gmt":"2025-05-22T07:31:27","guid":{"rendered":"https:\/\/saigon.newworldhotels.com\/en\/experience\/entertainment\/"},"modified":"2025-09-05T16:54:44","modified_gmt":"2025-09-05T08:54:44","slug":"entertainment","status":"publish","type":"page","link":"https:\/\/saigon.newworldhotels.com\/vi\/experience\/entertainment\/","title":{"rendered":"Gi\u1ea3i tr\u00ed"},"content":{"rendered":"\n<acf-card-683374711912b class=\"acf-card acf-card--id--683374711912b\">    <div class=\"wp-block-query is-layout-flow wp-block-query-is-layout-flow\">    <ul class=\"columns-3 wp-block-post-template is-layout-grid wp-block-post-template-is-layout-grid\">        <li class=\"wp-block-post status-publish has-post-thumbnail hentry\">    <acf-view-6833743a97f35 class=\"acf-view acf-view--id--6833743a97f35 acf-view--object-id--16194\"><img class=\"acf-view__post-featured-image\" src=\"https:\/\/i0.wp.com\/saigon.newworldhotels.com\/wp-content\/uploads\/2025\/07\/istockphoto_2163615776.jpg?fit=300%2C200&amp;ssl=1\" width=\"300\" height=\"200\" alt=\"\" decoding=\"async\" loading=\"lazy\" srcset=\"https:\/\/i0.wp.com\/saigon.newworldhotels.com\/wp-content\/uploads\/2025\/07\/istockphoto_2163615776.jpg?w=3100&amp;ssl=1 3100w, https:\/\/i0.wp.com\/saigon.newworldhotels.com\/wp-content\/uploads\/2025\/07\/istockphoto_2163615776.jpg?resize=300%2C200&amp;ssl=1 300w, https:\/\/i0.wp.com\/saigon.newworldhotels.com\/wp-content\/uploads\/2025\/07\/istockphoto_2163615776.jpg?resize=1024%2C683&amp;ssl=1 1024w, https:\/\/i0.wp.com\/saigon.newworldhotels.com\/wp-content\/uploads\/2025\/07\/istockphoto_2163615776.jpg?resize=2000%2C1335&amp;ssl=1 2000w, https:\/\/i0.wp.com\/saigon.newworldhotels.com\/wp-content\/uploads\/2025\/07\/istockphoto_2163615776.jpg?resize=1536%2C1025&amp;ssl=1 1536w, https:\/\/i0.wp.com\/saigon.newworldhotels.com\/wp-content\/uploads\/2025\/07\/istockphoto_2163615776.jpg?resize=2048%2C1367&amp;ssl=1 2048w, https:\/\/i0.wp.com\/saigon.newworldhotels.com\/wp-content\/uploads\/2025\/07\/istockphoto_2163615776.jpg?resize=1200%2C801&amp;ssl=1 1200w, https:\/\/i0.wp.com\/saigon.newworldhotels.com\/wp-content\/uploads\/2025\/07\/istockphoto_2163615776.jpg?resize=600%2C400&amp;ssl=1 600w, https:\/\/i0.wp.com\/saigon.newworldhotels.com\/wp-content\/uploads\/2025\/07\/istockphoto_2163615776.jpg?w=1900&amp;ssl=1 1900w, https:\/\/i0.wp.com\/saigon.newworldhotels.com\/wp-content\/uploads\/2025\/07\/istockphoto_2163615776.jpg?w=2850&amp;ssl=1 2850w\" sizes=\"auto, (max-width: 300px) 100vw, 300px\" style=\"width: 100%; height: 240px; object-fit: cover;\"><h3 class=\"acf-view__post-title\">Ph\u1ed1 B\u00f9i Vi\u1ec7n<\/h3><div class=\"acf-view__city\"><p>Th\u00e0nh ph\u1ed1 H\u1ed3 Ch\u00ed Minh<\/p><\/div><div class=\"acf-view__post-excerpt\"><p>B\u1ea1n \u0111\u00e3 s\u1eb5n s\u00e0ng cho m\u1ed9t \u0111\u00eam kh\u00f3 qu\u00ean t\u1ea1i ph\u1ed1 B\u00f9i Vi\u1ec7n ch\u01b0a? N\u01a1i \u0111\u00e2y l\u00e0 \u0111i\u1ec3m \u0111\u1ebfn s\u00f4i \u0111\u1ed9ng, b\u00f9ng n\u1ed5 v\u1edbi \u00e2m nh\u1ea1c, h\u01b0\u01a1ng v\u1ecb \u1ea9m th\u1ef1c \u0111\u01b0\u1eddng ph\u1ed1 v\u00e0 nh\u1eefng qu\u00e1n bar n\u00e1o nhi\u1ec7t.<\/p><\/div><a target=\"_blank\" class=\"acf-view__map-link\" href=\"https:\/\/maps.app.goo.gl\/yytoQeeTwWfnNKsz5\" style=\"font-weight: bold;\">NH\u1eacN CH\u1ec8 \u0110\u01af\u1edcNG<\/a><\/acf-view-6833743a97f35>    <\/li>        <li class=\"wp-block-post status-publish has-post-thumbnail hentry\">    <acf-view-6833743a97f35 class=\"acf-view acf-view--id--6833743a97f35 acf-view--object-id--16192\"><img class=\"acf-view__post-featured-image\" src=\"https:\/\/i0.wp.com\/saigon.newworldhotels.com\/wp-content\/uploads\/2025\/07\/ho-chi-minh-city-vietnam-mar-14-2023-municipal-theatre-ho-chi-minh-city-saigon-opera-house-is-opera-house-ho-chi-minh-city-vietnam-night-with-traffic-light-trails.jpg?fit=300%2C200&amp;ssl=1\" width=\"300\" height=\"200\" alt=\"\" decoding=\"async\" loading=\"lazy\" srcset=\"https:\/\/i0.wp.com\/saigon.newworldhotels.com\/wp-content\/uploads\/2025\/07\/ho-chi-minh-city-vietnam-mar-14-2023-municipal-theatre-ho-chi-minh-city-saigon-opera-house-is-opera-house-ho-chi-minh-city-vietnam-night-with-traffic-light-trails.jpg?w=6000&amp;ssl=1 6000w, https:\/\/i0.wp.com\/saigon.newworldhotels.com\/wp-content\/uploads\/2025\/07\/ho-chi-minh-city-vietnam-mar-14-2023-municipal-theatre-ho-chi-minh-city-saigon-opera-house-is-opera-house-ho-chi-minh-city-vietnam-night-with-traffic-light-trails.jpg?resize=300%2C200&amp;ssl=1 300w, https:\/\/i0.wp.com\/saigon.newworldhotels.com\/wp-content\/uploads\/2025\/07\/ho-chi-minh-city-vietnam-mar-14-2023-municipal-theatre-ho-chi-minh-city-saigon-opera-house-is-opera-house-ho-chi-minh-city-vietnam-night-with-traffic-light-trails.jpg?resize=1024%2C683&amp;ssl=1 1024w, https:\/\/i0.wp.com\/saigon.newworldhotels.com\/wp-content\/uploads\/2025\/07\/ho-chi-minh-city-vietnam-mar-14-2023-municipal-theatre-ho-chi-minh-city-saigon-opera-house-is-opera-house-ho-chi-minh-city-vietnam-night-with-traffic-light-trails.jpg?resize=2000%2C1333&amp;ssl=1 2000w, https:\/\/i0.wp.com\/saigon.newworldhotels.com\/wp-content\/uploads\/2025\/07\/ho-chi-minh-city-vietnam-mar-14-2023-municipal-theatre-ho-chi-minh-city-saigon-opera-house-is-opera-house-ho-chi-minh-city-vietnam-night-with-traffic-light-trails.jpg?resize=1536%2C1024&amp;ssl=1 1536w, https:\/\/i0.wp.com\/saigon.newworldhotels.com\/wp-content\/uploads\/2025\/07\/ho-chi-minh-city-vietnam-mar-14-2023-municipal-theatre-ho-chi-minh-city-saigon-opera-house-is-opera-house-ho-chi-minh-city-vietnam-night-with-traffic-light-trails.jpg?resize=2048%2C1365&amp;ssl=1 2048w, https:\/\/i0.wp.com\/saigon.newworldhotels.com\/wp-content\/uploads\/2025\/07\/ho-chi-minh-city-vietnam-mar-14-2023-municipal-theatre-ho-chi-minh-city-saigon-opera-house-is-opera-house-ho-chi-minh-city-vietnam-night-with-traffic-light-trails.jpg?resize=1200%2C800&amp;ssl=1 1200w, https:\/\/i0.wp.com\/saigon.newworldhotels.com\/wp-content\/uploads\/2025\/07\/ho-chi-minh-city-vietnam-mar-14-2023-municipal-theatre-ho-chi-minh-city-saigon-opera-house-is-opera-house-ho-chi-minh-city-vietnam-night-with-traffic-light-trails.jpg?resize=600%2C400&amp;ssl=1 600w, https:\/\/i0.wp.com\/saigon.newworldhotels.com\/wp-content\/uploads\/2025\/07\/ho-chi-minh-city-vietnam-mar-14-2023-municipal-theatre-ho-chi-minh-city-saigon-opera-house-is-opera-house-ho-chi-minh-city-vietnam-night-with-traffic-light-trails.jpg?w=1900&amp;ssl=1 1900w, https:\/\/i0.wp.com\/saigon.newworldhotels.com\/wp-content\/uploads\/2025\/07\/ho-chi-minh-city-vietnam-mar-14-2023-municipal-theatre-ho-chi-minh-city-saigon-opera-house-is-opera-house-ho-chi-minh-city-vietnam-night-with-traffic-light-trails.jpg?w=2850&amp;ssl=1 2850w\" sizes=\"auto, (max-width: 300px) 100vw, 300px\" style=\"width: 100%; height: 240px; object-fit: cover;\"><h3 class=\"acf-view__post-title\">Xem di\u1ec5n Saigon Opera House<\/h3><div class=\"acf-view__city\"><p>Th\u00e0nh ph\u1ed1 H\u1ed3 Ch\u00ed Minh<\/p><\/div><div class=\"acf-view__post-excerpt\"><p>Tr\u1ea3i nghi\u1ec7m m\u1ed9t \u0111\u00eam ngh\u1ec7 thu\u1eadt \u0111\u1ea7y m\u00ea ho\u1eb7c v\u00e0 nh\u1eefng m\u00e0n tr\u00ecnh di\u1ec5n cu\u1ed1n h\u00fat t\u1ea1i Nh\u00e0 h\u00e1t L\u1edbn \u2013 bi\u1ec3u t\u01b0\u1ee3ng c\u1ee7a th\u00e0nh ph\u1ed1.<\/p><\/div><a target=\"_blank\" class=\"acf-view__map-link\" href=\"https:\/\/www.google.com\/maps\/place\/Nh%C3%A0+h%C3%A1t+Th%C3%A0nh+ph%E1%BB%91+H%E1%BB%93+Ch%C3%AD+Minh\/@10.7674224,106.6734337,14z\/data=!4m10!1m2!2m1!1sopera+house!3m6!1s0x31752f4649e7ca29:0x55f531b6120cae3b!8m2!3d10.7765697!4d106.7031022!15sCgtvcGVyYSBob3VzZVoNIgtvcGVyYSBob3VzZZIBC29wZXJhX2hvdXNlqgFEEAEqDyILb3BlcmEgaG91c2UoQjIeEAEiGnAXS_XJectgYGmnaK6QLk2en8Z6YGHVLzqxMg8QAiILb3BlcmEgaG91c2XgAQA!16s%2Fm%2F027_v_t?entry=ttu&amp;g_ep=EgoyMDI1MDUyNy4wIKXMDSoASAFQAw%3D%3D\" style=\"font-weight: bold;\">NH\u1eacN CH\u1ec8 \u0110\u01af\u1edcNG<\/a><\/acf-view-6833743a97f35>    <\/li>        <li class=\"wp-block-post status-publish has-post-thumbnail hentry\">    <acf-view-6833743a97f35 class=\"acf-view acf-view--id--6833743a97f35 acf-view--object-id--16189\"><img class=\"acf-view__post-featured-image\" src=\"https:\/\/i0.wp.com\/saigon.newworldhotels.com\/wp-content\/uploads\/2025\/07\/iStock_664206534.jpg?fit=300%2C197&amp;ssl=1\" width=\"300\" height=\"197\" alt=\"\" decoding=\"async\" loading=\"lazy\" srcset=\"https:\/\/i0.wp.com\/saigon.newworldhotels.com\/wp-content\/uploads\/2025\/07\/iStock_664206534.jpg?w=4608&amp;ssl=1 4608w, https:\/\/i0.wp.com\/saigon.newworldhotels.com\/wp-content\/uploads\/2025\/07\/iStock_664206534.jpg?resize=300%2C197&amp;ssl=1 300w, https:\/\/i0.wp.com\/saigon.newworldhotels.com\/wp-content\/uploads\/2025\/07\/iStock_664206534.jpg?resize=1024%2C674&amp;ssl=1 1024w, https:\/\/i0.wp.com\/saigon.newworldhotels.com\/wp-content\/uploads\/2025\/07\/iStock_664206534.jpg?resize=2000%2C1316&amp;ssl=1 2000w, https:\/\/i0.wp.com\/saigon.newworldhotels.com\/wp-content\/uploads\/2025\/07\/iStock_664206534.jpg?resize=1536%2C1011&amp;ssl=1 1536w, https:\/\/i0.wp.com\/saigon.newworldhotels.com\/wp-content\/uploads\/2025\/07\/iStock_664206534.jpg?resize=2048%2C1348&amp;ssl=1 2048w, https:\/\/i0.wp.com\/saigon.newworldhotels.com\/wp-content\/uploads\/2025\/07\/iStock_664206534.jpg?resize=1200%2C790&amp;ssl=1 1200w, https:\/\/i0.wp.com\/saigon.newworldhotels.com\/wp-content\/uploads\/2025\/07\/iStock_664206534.jpg?resize=600%2C395&amp;ssl=1 600w, https:\/\/i0.wp.com\/saigon.newworldhotels.com\/wp-content\/uploads\/2025\/07\/iStock_664206534.jpg?w=1900&amp;ssl=1 1900w, https:\/\/i0.wp.com\/saigon.newworldhotels.com\/wp-content\/uploads\/2025\/07\/iStock_664206534.jpg?w=2850&amp;ssl=1 2850w\" sizes=\"auto, (max-width: 300px) 100vw, 300px\" style=\"width: 100%; height: 240px; object-fit: cover;\"><h3 class=\"acf-view__post-title\">TTTM Saigon Centre<\/h3><div class=\"acf-view__city\"><p>Th\u00e0nh ph\u1ed1 H\u1ed3 Ch\u00ed Minh<\/p><\/div><div class=\"acf-view__post-excerpt\"><p>Kh\u00e1m ph\u00e1 kh\u00f4ng gian mua s\u1eafm, \u1ea9m th\u1ef1c \u0111a d\u1ea1ng v\u00e0 gi\u1ea3i tr\u00ed s\u00f4i \u0111\u1ed9ng t\u1ea1i Saigon Centre<\/p><\/div><a target=\"_blank\" class=\"acf-view__map-link\" href=\"https:\/\/maps.app.goo.gl\/Knv6wHxZRadavjxM6\" style=\"font-weight: bold;\">NH\u1eacN CH\u1ec8 \u0110\u01af\u1edcNG<\/a><\/acf-view-6833743a97f35>    <\/li>        <\/ul>    <\/div><\/acf-card-683374711912b>\n\n\n\n<div style=\"height:85px\" aria-hidden=\"true\" class=\"wp-block-spacer\"><\/div>\n","protected":false},"excerpt":{"rendered":"","protected":false},"author":256764880,"featured_media":16185,"parent":16180,"menu_order":0,"comment_status":"closed","ping_status":"closed","template":"","meta":{"_acf_changed":false,"_crdt_document":"","jetpack_post_was_ever_published":false,"footnotes":""},"class_list":["post-16184","page","type-page","status-publish","has-post-thumbnail","hentry"],"acf":[],"yoast_head":"<!-- This site is optimized with the Yoast SEO plugin v27.3 - https:\/\/yoast.com\/product\/yoast-seo-wordpress\/ -->\n<title>Gi\u1ea3i tr\u00ed - New World Saigon Hotel<\/title>\n<meta name=\"robots\" content=\"index, follow, max-snippet:-1, max-image-preview:large, max-video-preview:-1\" \/>\n<link rel=\"canonical\" href=\"https:\/\/saigon.newworldhotels.com\/vi\/experience\/entertainment\/\" \/>\n<meta property=\"og:locale\" content=\"vi_VN\" \/>\n<meta property=\"og:type\" content=\"article\" \/>\n<meta property=\"og:title\" content=\"Gi\u1ea3i tr\u00ed - New World Saigon Hotel\" \/>\n<meta property=\"og:url\" content=\"https:\/\/saigon.newworldhotels.com\/vi\/experience\/entertainment\/\" \/>\n<meta property=\"og:site_name\" content=\"New World Saigon Hotel\" \/>\n<meta property=\"article:modified_time\" content=\"2025-09-05T08:54:44+00:00\" \/>\n<meta property=\"og:image\" content=\"https:\/\/saigon.newworldhotels.com\/wp-content\/uploads\/2025\/08\/Abu-Carou-3-1024x683.jpg\" \/>\n\t<meta property=\"og:image:width\" content=\"1024\" \/>\n\t<meta property=\"og:image:height\" content=\"683\" \/>\n\t<meta property=\"og:image:type\" content=\"image\/jpeg\" \/>\n<meta name=\"twitter:card\" content=\"summary_large_image\" \/>\n<script type=\"application\/ld+json\" class=\"yoast-schema-graph\">{\"@context\":\"https:\\\/\\\/schema.org\",\"@graph\":[{\"@type\":\"WebPage\",\"@id\":\"https:\\\/\\\/saigon.newworldhotels.com\\\/vi\\\/experience\\\/entertainment\\\/\",\"url\":\"https:\\\/\\\/saigon.newworldhotels.com\\\/vi\\\/experience\\\/entertainment\\\/\",\"name\":\"Gi\u1ea3i tr\u00ed - New World Saigon Hotel\",\"isPartOf\":{\"@id\":\"https:\\\/\\\/saigon.newworldhotels.com\\\/en\\\/#website\"},\"primaryImageOfPage\":{\"@id\":\"https:\\\/\\\/saigon.newworldhotels.com\\\/vi\\\/experience\\\/entertainment\\\/#primaryimage\"},\"image\":{\"@id\":\"https:\\\/\\\/saigon.newworldhotels.com\\\/vi\\\/experience\\\/entertainment\\\/#primaryimage\"},\"thumbnailUrl\":\"https:\\\/\\\/i0.wp.com\\\/saigon.newworldhotels.com\\\/wp-content\\\/uploads\\\/2025\\\/08\\\/Abu-Carou-3.jpg?fit=6966%2C4643&ssl=1\",\"datePublished\":\"2025-05-22T07:31:27+00:00\",\"dateModified\":\"2025-09-05T08:54:44+00:00\",\"breadcrumb\":{\"@id\":\"https:\\\/\\\/saigon.newworldhotels.com\\\/vi\\\/experience\\\/entertainment\\\/#breadcrumb\"},\"inLanguage\":\"vi-VN\",\"potentialAction\":[{\"@type\":\"ReadAction\",\"target\":[\"https:\\\/\\\/saigon.newworldhotels.com\\\/vi\\\/experience\\\/entertainment\\\/\"]}]},{\"@type\":\"ImageObject\",\"inLanguage\":\"vi-VN\",\"@id\":\"https:\\\/\\\/saigon.newworldhotels.com\\\/vi\\\/experience\\\/entertainment\\\/#primaryimage\",\"url\":\"https:\\\/\\\/i0.wp.com\\\/saigon.newworldhotels.com\\\/wp-content\\\/uploads\\\/2025\\\/08\\\/Abu-Carou-3.jpg?fit=6966%2C4643&ssl=1\",\"contentUrl\":\"https:\\\/\\\/i0.wp.com\\\/saigon.newworldhotels.com\\\/wp-content\\\/uploads\\\/2025\\\/08\\\/Abu-Carou-3.jpg?fit=6966%2C4643&ssl=1\",\"width\":6966,\"height\":4643,\"caption\":\"default\"},{\"@type\":\"BreadcrumbList\",\"@id\":\"https:\\\/\\\/saigon.newworldhotels.com\\\/vi\\\/experience\\\/entertainment\\\/#breadcrumb\",\"itemListElement\":[{\"@type\":\"ListItem\",\"position\":1,\"name\":\"Home\",\"item\":\"https:\\\/\\\/saigon.newworldhotels.com\\\/vi\\\/\"},{\"@type\":\"ListItem\",\"position\":2,\"name\":\"Tr\u1ea3i Nghi\u1ec7m Du L\u1ecbch\",\"item\":\"https:\\\/\\\/saigon.newworldhotels.com\\\/vi\\\/experience\\\/\"},{\"@type\":\"ListItem\",\"position\":3,\"name\":\"Gi\u1ea3i tr\u00ed\"}]},{\"@type\":\"WebSite\",\"@id\":\"https:\\\/\\\/saigon.newworldhotels.com\\\/en\\\/#website\",\"url\":\"https:\\\/\\\/saigon.newworldhotels.com\\\/en\\\/\",\"name\":\"New World Saigon Hotel\",\"description\":\"\",\"potentialAction\":[{\"@type\":\"SearchAction\",\"target\":{\"@type\":\"EntryPoint\",\"urlTemplate\":\"https:\\\/\\\/saigon.newworldhotels.com\\\/en\\\/?s={search_term_string}\"},\"query-input\":{\"@type\":\"PropertyValueSpecification\",\"valueRequired\":true,\"valueName\":\"search_term_string\"}}],\"inLanguage\":\"vi-VN\"}]}<\/script>\n<!-- \/ Yoast SEO plugin. -->","yoast_head_json":{"title":"Gi\u1ea3i tr\u00ed - New World Saigon Hotel","robots":{"index":"index","follow":"follow","max-snippet":"max-snippet:-1","max-image-preview":"max-image-preview:large","max-video-preview":"max-video-preview:-1"},"canonical":"https:\/\/saigon.newworldhotels.com\/vi\/experience\/entertainment\/","og_locale":"vi_VN","og_type":"article","og_title":"Gi\u1ea3i tr\u00ed - New World Saigon Hotel","og_url":"https:\/\/saigon.newworldhotels.com\/vi\/experience\/entertainment\/","og_site_name":"New World Saigon Hotel","article_modified_time":"2025-09-05T08:54:44+00:00","og_image":[{"width":1024,"height":683,"url":"https:\/\/saigon.newworldhotels.com\/wp-content\/uploads\/2025\/08\/Abu-Carou-3-1024x683.jpg","type":"image\/jpeg"}],"twitter_card":"summary_large_image","schema":{"@context":"https:\/\/schema.org","@graph":[{"@type":"WebPage","@id":"https:\/\/saigon.newworldhotels.com\/vi\/experience\/entertainment\/","url":"https:\/\/saigon.newworldhotels.com\/vi\/experience\/entertainment\/","name":"Gi\u1ea3i tr\u00ed - New World Saigon Hotel","isPartOf":{"@id":"https:\/\/saigon.newworldhotels.com\/en\/#website"},"primaryImageOfPage":{"@id":"https:\/\/saigon.newworldhotels.com\/vi\/experience\/entertainment\/#primaryimage"},"image":{"@id":"https:\/\/saigon.newworldhotels.com\/vi\/experience\/entertainment\/#primaryimage"},"thumbnailUrl":"https:\/\/i0.wp.com\/saigon.newworldhotels.com\/wp-content\/uploads\/2025\/08\/Abu-Carou-3.jpg?fit=6966%2C4643&ssl=1","datePublished":"2025-05-22T07:31:27+00:00","dateModified":"2025-09-05T08:54:44+00:00","breadcrumb":{"@id":"https:\/\/saigon.newworldhotels.com\/vi\/experience\/entertainment\/#breadcrumb"},"inLanguage":"vi-VN","potentialAction":[{"@type":"ReadAction","target":["https:\/\/saigon.newworldhotels.com\/vi\/experience\/entertainment\/"]}]},{"@type":"ImageObject","inLanguage":"vi-VN","@id":"https:\/\/saigon.newworldhotels.com\/vi\/experience\/entertainment\/#primaryimage","url":"https:\/\/i0.wp.com\/saigon.newworldhotels.com\/wp-content\/uploads\/2025\/08\/Abu-Carou-3.jpg?fit=6966%2C4643&ssl=1","contentUrl":"https:\/\/i0.wp.com\/saigon.newworldhotels.com\/wp-content\/uploads\/2025\/08\/Abu-Carou-3.jpg?fit=6966%2C4643&ssl=1","width":6966,"height":4643,"caption":"default"},{"@type":"BreadcrumbList","@id":"https:\/\/saigon.newworldhotels.com\/vi\/experience\/entertainment\/#breadcrumb","itemListElement":[{"@type":"ListItem","position":1,"name":"Home","item":"https:\/\/saigon.newworldhotels.com\/vi\/"},{"@type":"ListItem","position":2,"name":"Tr\u1ea3i Nghi\u1ec7m Du L\u1ecbch","item":"https:\/\/saigon.newworldhotels.com\/vi\/experience\/"},{"@type":"ListItem","position":3,"name":"Gi\u1ea3i tr\u00ed"}]},{"@type":"WebSite","@id":"https:\/\/saigon.newworldhotels.com\/en\/#website","url":"https:\/\/saigon.newworldhotels.com\/en\/","name":"New World Saigon Hotel","description":"","potentialAction":[{"@type":"SearchAction","target":{"@type":"EntryPoint","urlTemplate":"https:\/\/saigon.newworldhotels.com\/en\/?s={search_term_string}"},"query-input":{"@type":"PropertyValueSpecification","valueRequired":true,"valueName":"search_term_string"}}],"inLanguage":"vi-VN"}]}},"jetpack_sharing_enabled":true,"jetpack_shortlink":"https:\/\/wp.me\/Pg5XuR-4d2","featured_media_urls":{"thumbnail":["https:\/\/i0.wp.com\/saigon.newworldhotels.com\/wp-content\/uploads\/2025\/08\/Abu-Carou-3.jpg?resize=150%2C150&ssl=1",150,150,true],"medium":["https:\/\/i0.wp.com\/saigon.newworldhotels.com\/wp-content\/uploads\/2025\/08\/Abu-Carou-3.jpg?fit=300%2C200&ssl=1",300,200,true],"medium_large":["https:\/\/i0.wp.com\/saigon.newworldhotels.com\/wp-content\/uploads\/2025\/08\/Abu-Carou-3.jpg?fit=768%2C512&ssl=1",768,512,true],"large":["https:\/\/i0.wp.com\/saigon.newworldhotels.com\/wp-content\/uploads\/2025\/08\/Abu-Carou-3.jpg?fit=950%2C634&ssl=1",950,634,true],"1536x1536":["https:\/\/i0.wp.com\/saigon.newworldhotels.com\/wp-content\/uploads\/2025\/08\/Abu-Carou-3.jpg?fit=1536%2C1024&ssl=1",1536,1024,true],"2048x2048":["https:\/\/i0.wp.com\/saigon.newworldhotels.com\/wp-content\/uploads\/2025\/08\/Abu-Carou-3.jpg?fit=2048%2C1365&ssl=1",2048,1365,true],"newspack-article-block-landscape-large":["https:\/\/i0.wp.com\/saigon.newworldhotels.com\/wp-content\/uploads\/2025\/08\/Abu-Carou-3.jpg?resize=1200%2C900&ssl=1",1200,900,true],"newspack-article-block-portrait-large":["https:\/\/i0.wp.com\/saigon.newworldhotels.com\/wp-content\/uploads\/2025\/08\/Abu-Carou-3.jpg?resize=900%2C1200&ssl=1",900,1200,true],"newspack-article-block-square-large":["https:\/\/i0.wp.com\/saigon.newworldhotels.com\/wp-content\/uploads\/2025\/08\/Abu-Carou-3.jpg?resize=1200%2C1200&ssl=1",1200,1200,true],"newspack-article-block-landscape-medium":["https:\/\/i0.wp.com\/saigon.newworldhotels.com\/wp-content\/uploads\/2025\/08\/Abu-Carou-3.jpg?resize=800%2C600&ssl=1",800,600,true],"newspack-article-block-portrait-medium":["https:\/\/i0.wp.com\/saigon.newworldhotels.com\/wp-content\/uploads\/2025\/08\/Abu-Carou-3.jpg?resize=600%2C800&ssl=1",600,800,true],"newspack-article-block-square-medium":["https:\/\/i0.wp.com\/saigon.newworldhotels.com\/wp-content\/uploads\/2025\/08\/Abu-Carou-3.jpg?resize=800%2C800&ssl=1",800,800,true],"newspack-article-block-landscape-intermediate":["https:\/\/i0.wp.com\/saigon.newworldhotels.com\/wp-content\/uploads\/2025\/08\/Abu-Carou-3.jpg?resize=600%2C450&ssl=1",600,450,true],"newspack-article-block-portrait-intermediate":["https:\/\/i0.wp.com\/saigon.newworldhotels.com\/wp-content\/uploads\/2025\/08\/Abu-Carou-3.jpg?resize=450%2C600&ssl=1",450,600,true],"newspack-article-block-square-intermediate":["https:\/\/i0.wp.com\/saigon.newworldhotels.com\/wp-content\/uploads\/2025\/08\/Abu-Carou-3.jpg?resize=600%2C600&ssl=1",600,600,true],"newspack-article-block-landscape-small":["https:\/\/i0.wp.com\/saigon.newworldhotels.com\/wp-content\/uploads\/2025\/08\/Abu-Carou-3.jpg?resize=400%2C300&ssl=1",400,300,true],"newspack-article-block-portrait-small":["https:\/\/i0.wp.com\/saigon.newworldhotels.com\/wp-content\/uploads\/2025\/08\/Abu-Carou-3.jpg?resize=300%2C400&ssl=1",300,400,true],"newspack-article-block-square-small":["https:\/\/i0.wp.com\/saigon.newworldhotels.com\/wp-content\/uploads\/2025\/08\/Abu-Carou-3.jpg?resize=400%2C400&ssl=1",400,400,true],"newspack-article-block-landscape-tiny":["https:\/\/i0.wp.com\/saigon.newworldhotels.com\/wp-content\/uploads\/2025\/08\/Abu-Carou-3.jpg?resize=200%2C150&ssl=1",200,150,true],"newspack-article-block-portrait-tiny":["https:\/\/i0.wp.com\/saigon.newworldhotels.com\/wp-content\/uploads\/2025\/08\/Abu-Carou-3.jpg?resize=150%2C200&ssl=1",150,200,true],"newspack-article-block-square-tiny":["https:\/\/i0.wp.com\/saigon.newworldhotels.com\/wp-content\/uploads\/2025\/08\/Abu-Carou-3.jpg?resize=200%2C200&ssl=1",200,200,true],"newspack-article-block-uncropped":["https:\/\/i0.wp.com\/saigon.newworldhotels.com\/wp-content\/uploads\/2025\/08\/Abu-Carou-3.jpg?fit=1200%2C800&ssl=1",1200,800,true],"inspiro-featured-image":["https:\/\/i0.wp.com\/saigon.newworldhotels.com\/wp-content\/uploads\/2025\/08\/Abu-Carou-3.jpg?fit=2000%2C1333&ssl=1",2000,1333,true],"inspiro-loop":["https:\/\/i0.wp.com\/saigon.newworldhotels.com\/wp-content\/uploads\/2025\/08\/Abu-Carou-3.jpg?resize=950%2C320&ssl=1",950,320,true],"inspiro-loop@2x":["https:\/\/i0.wp.com\/saigon.newworldhotels.com\/wp-content\/uploads\/2025\/08\/Abu-Carou-3.jpg?resize=1900%2C640&ssl=1",1900,640,true],"portfolio_item-thumbnail":["https:\/\/i0.wp.com\/saigon.newworldhotels.com\/wp-content\/uploads\/2025\/08\/Abu-Carou-3.jpg?resize=600%2C400&ssl=1",600,400,true],"portfolio_item-thumbnail@2x":["https:\/\/i0.wp.com\/saigon.newworldhotels.com\/wp-content\/uploads\/2025\/08\/Abu-Carou-3.jpg?resize=1200%2C800&ssl=1",1200,800,true],"portfolio_item-masonry":["https:\/\/i0.wp.com\/saigon.newworldhotels.com\/wp-content\/uploads\/2025\/08\/Abu-Carou-3.jpg?fit=600%2C400&ssl=1",600,400,true],"portfolio_item-masonry@2x":["https:\/\/i0.wp.com\/saigon.newworldhotels.com\/wp-content\/uploads\/2025\/08\/Abu-Carou-3.jpg?fit=1200%2C800&ssl=1",1200,800,true],"portfolio_item-thumbnail_cinema":["https:\/\/i0.wp.com\/saigon.newworldhotels.com\/wp-content\/uploads\/2025\/08\/Abu-Carou-3.jpg?resize=800%2C335&ssl=1",800,335,true],"portfolio_item-thumbnail_portrait":["https:\/\/i0.wp.com\/saigon.newworldhotels.com\/wp-content\/uploads\/2025\/08\/Abu-Carou-3.jpg?resize=600%2C900&ssl=1",600,900,true],"portfolio_item-thumbnail_portrait@2x":["https:\/\/i0.wp.com\/saigon.newworldhotels.com\/wp-content\/uploads\/2025\/08\/Abu-Carou-3.jpg?resize=1200%2C1800&ssl=1",1200,1800,true],"portfolio_item-thumbnail_square":["https:\/\/i0.wp.com\/saigon.newworldhotels.com\/wp-content\/uploads\/2025\/08\/Abu-Carou-3.jpg?resize=800%2C800&ssl=1",800,800,true]},"_links":{"self":[{"href":"https:\/\/saigon.newworldhotels.com\/vi\/wp-json\/wp\/v2\/pages\/16184","targetHints":{"allow":["GET"]}}],"collection":[{"href":"https:\/\/saigon.newworldhotels.com\/vi\/wp-json\/wp\/v2\/pages"}],"about":[{"href":"https:\/\/saigon.newworldhotels.com\/vi\/wp-json\/wp\/v2\/types\/page"}],"author":[{"embeddable":true,"href":"https:\/\/saigon.newworldhotels.com\/vi\/wp-json\/wp\/v2\/users\/256764880"}],"replies":[{"embeddable":true,"href":"https:\/\/saigon.newworldhotels.com\/vi\/wp-json\/wp\/v2\/comments?post=16184"}],"version-history":[{"count":1,"href":"https:\/\/saigon.newworldhotels.com\/vi\/wp-json\/wp\/v2\/pages\/16184\/revisions"}],"predecessor-version":[{"id":16198,"href":"https:\/\/saigon.newworldhotels.com\/vi\/wp-json\/wp\/v2\/pages\/16184\/revisions\/16198"}],"up":[{"embeddable":true,"href":"https:\/\/saigon.newworldhotels.com\/vi\/wp-json\/wp\/v2\/pages\/16180"}],"wp:featuredmedia":[{"embeddable":true,"href":"https:\/\/saigon.newworldhotels.com\/vi\/wp-json\/wp\/v2\/media\/16185"}],"wp:attachment":[{"href":"https:\/\/saigon.newworldhotels.com\/vi\/wp-json\/wp\/v2\/media?parent=16184"}],"curies":[{"name":"wp","href":"https:\/\/api.w.org\/{rel}","templated":true}]}}