{"id":16187,"date":"2025-05-22T15:34:16","date_gmt":"2025-05-22T07:34:16","guid":{"rendered":"https:\/\/saigon.newworldhotels.com\/experience\/place-of-interest\/"},"modified":"2025-09-05T17:02:01","modified_gmt":"2025-09-05T09:02:01","slug":"place-of-interest","status":"publish","type":"page","link":"https:\/\/saigon.newworldhotels.com\/vi\/experience\/place-of-interest\/","title":{"rendered":"Ch\u1ed1n H\u1ea5p D\u1eabn"},"content":{"rendered":"\n<acf-card-683374711912b class=\"acf-card acf-card--id--683389882b87e\">    <div class=\"wp-block-query is-layout-flow wp-block-query-is-layout-flow\">    <ul class=\"columns-3 wp-block-post-template is-layout-grid wp-block-post-template-is-layout-grid\">        <li class=\"wp-block-post status-publish has-post-thumbnail hentry\">    <acf-view-6833743a97f35 class=\"acf-view acf-view--id--6833743a97f35 acf-view--object-id--16217\"><img class=\"acf-view__post-featured-image\" src=\"https:\/\/i0.wp.com\/saigon.newworldhotels.com\/wp-content\/uploads\/2025\/07\/freepik_11062055.jpg?fit=300%2C200&amp;ssl=1\" width=\"300\" height=\"200\" alt=\"\" decoding=\"async\" loading=\"lazy\" srcset=\"https:\/\/i0.wp.com\/saigon.newworldhotels.com\/wp-content\/uploads\/2025\/07\/freepik_11062055.jpg?w=6000&amp;ssl=1 6000w, https:\/\/i0.wp.com\/saigon.newworldhotels.com\/wp-content\/uploads\/2025\/07\/freepik_11062055.jpg?resize=300%2C200&amp;ssl=1 300w, https:\/\/i0.wp.com\/saigon.newworldhotels.com\/wp-content\/uploads\/2025\/07\/freepik_11062055.jpg?resize=1024%2C683&amp;ssl=1 1024w, https:\/\/i0.wp.com\/saigon.newworldhotels.com\/wp-content\/uploads\/2025\/07\/freepik_11062055.jpg?resize=2000%2C1333&amp;ssl=1 2000w, https:\/\/i0.wp.com\/saigon.newworldhotels.com\/wp-content\/uploads\/2025\/07\/freepik_11062055.jpg?resize=1536%2C1024&amp;ssl=1 1536w, https:\/\/i0.wp.com\/saigon.newworldhotels.com\/wp-content\/uploads\/2025\/07\/freepik_11062055.jpg?resize=2048%2C1365&amp;ssl=1 2048w, https:\/\/i0.wp.com\/saigon.newworldhotels.com\/wp-content\/uploads\/2025\/07\/freepik_11062055.jpg?resize=1200%2C800&amp;ssl=1 1200w, https:\/\/i0.wp.com\/saigon.newworldhotels.com\/wp-content\/uploads\/2025\/07\/freepik_11062055.jpg?resize=600%2C400&amp;ssl=1 600w, https:\/\/i0.wp.com\/saigon.newworldhotels.com\/wp-content\/uploads\/2025\/07\/freepik_11062055.jpg?w=1900&amp;ssl=1 1900w, https:\/\/i0.wp.com\/saigon.newworldhotels.com\/wp-content\/uploads\/2025\/07\/freepik_11062055.jpg?w=2850&amp;ssl=1 2850w\" sizes=\"auto, (max-width: 300px) 100vw, 300px\" style=\"width: 100%; height: 240px; object-fit: cover;\"><h3 class=\"acf-view__post-title\">Dinh \u0110\u1ed9c L\u1eadp<\/h3><div class=\"acf-view__city\"><p>Th\u00e0nh ph\u1ed1 H\u1ed3 Ch\u00ed Minh<\/p><\/div><div class=\"acf-view__post-excerpt\"><p>Dinh \u0110\u1ed9c L\u1eadp, hay Dinh Th\u1ed1ng Nh\u1ea5t, l\u00e0 di t\u00edch l\u1ecbch s\u1eed n\u1ed5i b\u1eadt. N\u01a1i \u0111\u00e2y tr\u01b0ng b\u00e0y c\u00e1c c\u0103n ph\u00f2ng v\u00e0 h\u1ea7m ch\u1ec9 huy \u0111\u01b0\u1ee3c b\u1ea3o t\u1ed3n nguy\u00ean v\u1eb9n, gi\u00fap du kh\u00e1ch hi\u1ec3u s\u00e2u h\u01a1n v\u1ec1 m\u1ed9t giai \u0111o\u1ea1n quan tr\u1ecdng c\u1ee7a \u0111\u1ea5t n\u01b0\u1edbc.<\/p><\/div><a target=\"_blank\" class=\"acf-view__map-link\" href=\"https:\/\/maps.app.goo.gl\/mPGjDhu3CANZK2Ko8\" style=\"font-weight: bold;\">NH\u1eacN CH\u1ec8 \u0110\u01af\u1edcNG<\/a><\/acf-view-6833743a97f35>    <\/li>        <li class=\"wp-block-post status-publish has-post-thumbnail hentry\">    <acf-view-6833743a97f35 class=\"acf-view acf-view--id--6833743a97f35 acf-view--object-id--16215\"><img class=\"acf-view__post-featured-image\" src=\"https:\/\/i0.wp.com\/saigon.newworldhotels.com\/wp-content\/uploads\/2025\/08\/view-clock-tower-against-sky.jpg?fit=300%2C200&amp;ssl=1\" width=\"300\" height=\"200\" alt=\"\" decoding=\"async\" loading=\"lazy\" srcset=\"https:\/\/i0.wp.com\/saigon.newworldhotels.com\/wp-content\/uploads\/2025\/08\/view-clock-tower-against-sky.jpg?w=5184&amp;ssl=1 5184w, https:\/\/i0.wp.com\/saigon.newworldhotels.com\/wp-content\/uploads\/2025\/08\/view-clock-tower-against-sky.jpg?resize=300%2C200&amp;ssl=1 300w, https:\/\/i0.wp.com\/saigon.newworldhotels.com\/wp-content\/uploads\/2025\/08\/view-clock-tower-against-sky.jpg?resize=1024%2C683&amp;ssl=1 1024w, https:\/\/i0.wp.com\/saigon.newworldhotels.com\/wp-content\/uploads\/2025\/08\/view-clock-tower-against-sky.jpg?resize=2000%2C1333&amp;ssl=1 2000w, https:\/\/i0.wp.com\/saigon.newworldhotels.com\/wp-content\/uploads\/2025\/08\/view-clock-tower-against-sky.jpg?resize=1536%2C1024&amp;ssl=1 1536w, https:\/\/i0.wp.com\/saigon.newworldhotels.com\/wp-content\/uploads\/2025\/08\/view-clock-tower-against-sky.jpg?resize=2048%2C1365&amp;ssl=1 2048w, https:\/\/i0.wp.com\/saigon.newworldhotels.com\/wp-content\/uploads\/2025\/08\/view-clock-tower-against-sky.jpg?resize=1200%2C800&amp;ssl=1 1200w, https:\/\/i0.wp.com\/saigon.newworldhotels.com\/wp-content\/uploads\/2025\/08\/view-clock-tower-against-sky.jpg?resize=600%2C400&amp;ssl=1 600w, https:\/\/i0.wp.com\/saigon.newworldhotels.com\/wp-content\/uploads\/2025\/08\/view-clock-tower-against-sky.jpg?w=1900&amp;ssl=1 1900w, https:\/\/i0.wp.com\/saigon.newworldhotels.com\/wp-content\/uploads\/2025\/08\/view-clock-tower-against-sky.jpg?w=2850&amp;ssl=1 2850w\" sizes=\"auto, (max-width: 300px) 100vw, 300px\" style=\"width: 100%; height: 240px; object-fit: cover;\"><h3 class=\"acf-view__post-title\">Nh\u00e0 th\u1edd \u0110\u1ee9c B\u00e0<\/h3><div class=\"acf-view__city\"><p>Th\u00e0nh ph\u1ed1 H\u1ed3 Ch\u00ed Minh<\/p><\/div><div class=\"acf-view__post-excerpt\"><p>Nh\u00e0 th\u1edd \u0110\u1ee9c B\u00e0 - bi\u1ec3u t\u01b0\u1ee3ng ki\u1ebfn tr\u00fac v\u1edbi g\u1ea1ch \u0111\u1ecf \u0111\u1eb7c tr\u01b0ng - l\u00e0 n\u01a1i l\u1ecbch s\u1eed, t\u00edn ng\u01b0\u1ee1ng v\u00e0 hi\u1ec7n \u0111\u1ea1i giao thoa tuy\u1ec7t \u0111\u1eb9p, th\u1ec3 hi\u1ec7n s\u1ed1ng \u0111\u1ed9ng s\u1ef1 giao thoa v\u0103n h\u00f3a \u0110\u00f4ng - T\u00e2y t\u1ea1i trung t\u00e2m S\u00e0i G\u00f2n.<\/p><\/div><a target=\"_blank\" class=\"acf-view__map-link\" href=\"https:\/\/maps.app.goo.gl\/xQMJcCm231yPSbTF9\" style=\"font-weight: bold;\">NH\u1eacN CH\u1ec8 \u0110\u01af\u1edcNG<\/a><\/acf-view-6833743a97f35>    <\/li>        <li class=\"wp-block-post status-publish has-post-thumbnail hentry\">    <acf-view-6833743a97f35 class=\"acf-view acf-view--id--6833743a97f35 acf-view--object-id--16212\"><img class=\"acf-view__post-featured-image\" src=\"https:\/\/i0.wp.com\/saigon.newworldhotels.com\/wp-content\/uploads\/2025\/07\/saigon-central-post-office-downtown-ho-chi-minh-city-vietnam.jpg?fit=300%2C200&amp;ssl=1\" width=\"300\" height=\"200\" alt=\"\" decoding=\"async\" loading=\"lazy\" srcset=\"https:\/\/i0.wp.com\/saigon.newworldhotels.com\/wp-content\/uploads\/2025\/07\/saigon-central-post-office-downtown-ho-chi-minh-city-vietnam.jpg?w=5485&amp;ssl=1 5485w, https:\/\/i0.wp.com\/saigon.newworldhotels.com\/wp-content\/uploads\/2025\/07\/saigon-central-post-office-downtown-ho-chi-minh-city-vietnam.jpg?resize=300%2C200&amp;ssl=1 300w, https:\/\/i0.wp.com\/saigon.newworldhotels.com\/wp-content\/uploads\/2025\/07\/saigon-central-post-office-downtown-ho-chi-minh-city-vietnam.jpg?resize=1024%2C683&amp;ssl=1 1024w, https:\/\/i0.wp.com\/saigon.newworldhotels.com\/wp-content\/uploads\/2025\/07\/saigon-central-post-office-downtown-ho-chi-minh-city-vietnam.jpg?resize=2000%2C1333&amp;ssl=1 2000w, https:\/\/i0.wp.com\/saigon.newworldhotels.com\/wp-content\/uploads\/2025\/07\/saigon-central-post-office-downtown-ho-chi-minh-city-vietnam.jpg?resize=1536%2C1024&amp;ssl=1 1536w, https:\/\/i0.wp.com\/saigon.newworldhotels.com\/wp-content\/uploads\/2025\/07\/saigon-central-post-office-downtown-ho-chi-minh-city-vietnam.jpg?resize=2048%2C1365&amp;ssl=1 2048w, https:\/\/i0.wp.com\/saigon.newworldhotels.com\/wp-content\/uploads\/2025\/07\/saigon-central-post-office-downtown-ho-chi-minh-city-vietnam.jpg?resize=1200%2C800&amp;ssl=1 1200w, https:\/\/i0.wp.com\/saigon.newworldhotels.com\/wp-content\/uploads\/2025\/07\/saigon-central-post-office-downtown-ho-chi-minh-city-vietnam.jpg?resize=600%2C400&amp;ssl=1 600w, https:\/\/i0.wp.com\/saigon.newworldhotels.com\/wp-content\/uploads\/2025\/07\/saigon-central-post-office-downtown-ho-chi-minh-city-vietnam.jpg?w=1900&amp;ssl=1 1900w, https:\/\/i0.wp.com\/saigon.newworldhotels.com\/wp-content\/uploads\/2025\/07\/saigon-central-post-office-downtown-ho-chi-minh-city-vietnam.jpg?w=2850&amp;ssl=1 2850w\" sizes=\"auto, (max-width: 300px) 100vw, 300px\" style=\"width: 100%; height: 240px; object-fit: cover;\"><h3 class=\"acf-view__post-title\">B\u01b0u \u0110i\u1ec7n Th\u00e0nh ph\u1ed1<\/h3><div class=\"acf-view__city\"><p>Th\u00e0nh ph\u1ed1 H\u1ed3 Ch\u00ed Minh<\/p><\/div><div class=\"acf-view__post-excerpt\"><p>C\u00f4ng tr\u00ecnh \u0111\u01b0\u1ee3c x\u00e2y d\u1ef1ng t\u1eeb n\u0103m 1886 \u0111\u1ebfn 1891 theo phong c\u00e1ch t\u00e2n c\u1ed5 \u0111i\u1ec3n. M\u00e1i v\u00f2m c\u00f9ng c\u00e1c khung c\u1eeda s\u1ed5 h\u00ecnh v\u00f2m g\u1ee3i nh\u1edb v\u1ebb \u0111\u1eb9p c\u1ee7a nh\u1eefng nh\u00e0 ga c\u1ed5 k\u00ednh t\u1ea1i ch\u00e2u \u00c2u.<\/p><\/div><a target=\"_blank\" class=\"acf-view__map-link\" href=\"https:\/\/maps.app.goo.gl\/6QESZaiqcqndZ3ZN7\" style=\"font-weight: bold;\">NH\u1eacN CH\u1ec8 \u0110\u01af\u1edcNG<\/a><\/acf-view-6833743a97f35>    <\/li>        <\/ul>    <\/div><\/acf-card-683374711912b>\n\n\n\n<div style=\"height:100px\" aria-hidden=\"true\" class=\"wp-block-spacer\"><\/div>\n\n\n\n<p><\/p>\n","protected":false},"excerpt":{"rendered":"","protected":false},"author":256764880,"featured_media":16185,"parent":16180,"menu_order":0,"comment_status":"closed","ping_status":"closed","template":"","meta":{"_acf_changed":false,"jetpack_post_was_ever_published":false,"footnotes":""},"class_list":["post-16187","page","type-page","status-publish","has-post-thumbnail","hentry"],"acf":[],"yoast_head":"<!-- This site is optimized with the Yoast SEO plugin v26.7 - https:\/\/yoast.com\/wordpress\/plugins\/seo\/ -->\n<title>Ch\u1ed1n H\u1ea5p D\u1eabn - New World Saigon Hotel<\/title>\n<meta name=\"robots\" content=\"index, follow, max-snippet:-1, max-image-preview:large, max-video-preview:-1\" \/>\n<link rel=\"canonical\" href=\"https:\/\/saigon.newworldhotels.com\/en\/experience\/place-of-interest\/\" \/>\n<meta property=\"og:locale\" content=\"vi_VN\" \/>\n<meta property=\"og:type\" content=\"article\" \/>\n<meta property=\"og:title\" content=\"Ch\u1ed1n H\u1ea5p D\u1eabn - New World Saigon Hotel\" \/>\n<meta property=\"og:url\" content=\"https:\/\/saigon.newworldhotels.com\/en\/experience\/place-of-interest\/\" \/>\n<meta property=\"og:site_name\" content=\"New World Saigon Hotel\" \/>\n<meta property=\"article:modified_time\" content=\"2025-09-05T09:02:01+00:00\" \/>\n<meta property=\"og:image\" content=\"https:\/\/saigon.newworldhotels.com\/wp-content\/uploads\/2025\/08\/Abu-Carou-3-1024x683.jpg\" \/>\n\t<meta property=\"og:image:width\" content=\"1024\" \/>\n\t<meta property=\"og:image:height\" content=\"683\" \/>\n\t<meta property=\"og:image:type\" content=\"image\/jpeg\" \/>\n<meta name=\"twitter:card\" content=\"summary_large_image\" \/>\n<script type=\"application\/ld+json\" class=\"yoast-schema-graph\">{\"@context\":\"https:\/\/schema.org\",\"@graph\":[{\"@type\":\"WebPage\",\"@id\":\"https:\/\/saigon.newworldhotels.com\/en\/experience\/place-of-interest\/\",\"url\":\"https:\/\/saigon.newworldhotels.com\/en\/experience\/place-of-interest\/\",\"name\":\"Ch\u1ed1n H\u1ea5p D\u1eabn - New World Saigon Hotel\",\"isPartOf\":{\"@id\":\"https:\/\/saigon.newworldhotels.com\/en\/#website\"},\"primaryImageOfPage\":{\"@id\":\"https:\/\/saigon.newworldhotels.com\/en\/experience\/place-of-interest\/#primaryimage\"},\"image\":{\"@id\":\"https:\/\/saigon.newworldhotels.com\/en\/experience\/place-of-interest\/#primaryimage\"},\"thumbnailUrl\":\"https:\/\/i0.wp.com\/saigon.newworldhotels.com\/wp-content\/uploads\/2025\/08\/Abu-Carou-3.jpg?fit=6966%2C4643&ssl=1\",\"datePublished\":\"2025-05-22T07:34:16+00:00\",\"dateModified\":\"2025-09-05T09:02:01+00:00\",\"breadcrumb\":{\"@id\":\"https:\/\/saigon.newworldhotels.com\/en\/experience\/place-of-interest\/#breadcrumb\"},\"inLanguage\":\"vi-VN\",\"potentialAction\":[{\"@type\":\"ReadAction\",\"target\":[\"https:\/\/saigon.newworldhotels.com\/en\/experience\/place-of-interest\/\"]}]},{\"@type\":\"ImageObject\",\"inLanguage\":\"vi-VN\",\"@id\":\"https:\/\/saigon.newworldhotels.com\/en\/experience\/place-of-interest\/#primaryimage\",\"url\":\"https:\/\/i0.wp.com\/saigon.newworldhotels.com\/wp-content\/uploads\/2025\/08\/Abu-Carou-3.jpg?fit=6966%2C4643&ssl=1\",\"contentUrl\":\"https:\/\/i0.wp.com\/saigon.newworldhotels.com\/wp-content\/uploads\/2025\/08\/Abu-Carou-3.jpg?fit=6966%2C4643&ssl=1\",\"width\":6966,\"height\":4643,\"caption\":\"default\"},{\"@type\":\"BreadcrumbList\",\"@id\":\"https:\/\/saigon.newworldhotels.com\/en\/experience\/place-of-interest\/#breadcrumb\",\"itemListElement\":[{\"@type\":\"ListItem\",\"position\":1,\"name\":\"Home\",\"item\":\"https:\/\/saigon.newworldhotels.com\/vi\/\"},{\"@type\":\"ListItem\",\"position\":2,\"name\":\"Tr\u1ea3i Nghi\u1ec7m Du L\u1ecbch\",\"item\":\"https:\/\/saigon.newworldhotels.com\/vi\/experience\/\"},{\"@type\":\"ListItem\",\"position\":3,\"name\":\"Ch\u1ed1n H\u1ea5p D\u1eabn\"}]},{\"@type\":\"WebSite\",\"@id\":\"https:\/\/saigon.newworldhotels.com\/en\/#website\",\"url\":\"https:\/\/saigon.newworldhotels.com\/en\/\",\"name\":\"New World Saigon Hotel\",\"description\":\"\",\"potentialAction\":[{\"@type\":\"SearchAction\",\"target\":{\"@type\":\"EntryPoint\",\"urlTemplate\":\"https:\/\/saigon.newworldhotels.com\/en\/?s={search_term_string}\"},\"query-input\":{\"@type\":\"PropertyValueSpecification\",\"valueRequired\":true,\"valueName\":\"search_term_string\"}}],\"inLanguage\":\"vi-VN\"}]}<\/script>\n<!-- \/ Yoast SEO plugin. -->","yoast_head_json":{"title":"Ch\u1ed1n H\u1ea5p D\u1eabn - New World Saigon Hotel","robots":{"index":"index","follow":"follow","max-snippet":"max-snippet:-1","max-image-preview":"max-image-preview:large","max-video-preview":"max-video-preview:-1"},"canonical":"https:\/\/saigon.newworldhotels.com\/en\/experience\/place-of-interest\/","og_locale":"vi_VN","og_type":"article","og_title":"Ch\u1ed1n H\u1ea5p D\u1eabn - New World Saigon Hotel","og_url":"https:\/\/saigon.newworldhotels.com\/en\/experience\/place-of-interest\/","og_site_name":"New World Saigon Hotel","article_modified_time":"2025-09-05T09:02:01+00:00","og_image":[{"width":1024,"height":683,"url":"https:\/\/saigon.newworldhotels.com\/wp-content\/uploads\/2025\/08\/Abu-Carou-3-1024x683.jpg","type":"image\/jpeg"}],"twitter_card":"summary_large_image","schema":{"@context":"https:\/\/schema.org","@graph":[{"@type":"WebPage","@id":"https:\/\/saigon.newworldhotels.com\/en\/experience\/place-of-interest\/","url":"https:\/\/saigon.newworldhotels.com\/en\/experience\/place-of-interest\/","name":"Ch\u1ed1n H\u1ea5p D\u1eabn - New World Saigon Hotel","isPartOf":{"@id":"https:\/\/saigon.newworldhotels.com\/en\/#website"},"primaryImageOfPage":{"@id":"https:\/\/saigon.newworldhotels.com\/en\/experience\/place-of-interest\/#primaryimage"},"image":{"@id":"https:\/\/saigon.newworldhotels.com\/en\/experience\/place-of-interest\/#primaryimage"},"thumbnailUrl":"https:\/\/i0.wp.com\/saigon.newworldhotels.com\/wp-content\/uploads\/2025\/08\/Abu-Carou-3.jpg?fit=6966%2C4643&ssl=1","datePublished":"2025-05-22T07:34:16+00:00","dateModified":"2025-09-05T09:02:01+00:00","breadcrumb":{"@id":"https:\/\/saigon.newworldhotels.com\/en\/experience\/place-of-interest\/#breadcrumb"},"inLanguage":"vi-VN","potentialAction":[{"@type":"ReadAction","target":["https:\/\/saigon.newworldhotels.com\/en\/experience\/place-of-interest\/"]}]},{"@type":"ImageObject","inLanguage":"vi-VN","@id":"https:\/\/saigon.newworldhotels.com\/en\/experience\/place-of-interest\/#primaryimage","url":"https:\/\/i0.wp.com\/saigon.newworldhotels.com\/wp-content\/uploads\/2025\/08\/Abu-Carou-3.jpg?fit=6966%2C4643&ssl=1","contentUrl":"https:\/\/i0.wp.com\/saigon.newworldhotels.com\/wp-content\/uploads\/2025\/08\/Abu-Carou-3.jpg?fit=6966%2C4643&ssl=1","width":6966,"height":4643,"caption":"default"},{"@type":"BreadcrumbList","@id":"https:\/\/saigon.newworldhotels.com\/en\/experience\/place-of-interest\/#breadcrumb","itemListElement":[{"@type":"ListItem","position":1,"name":"Home","item":"https:\/\/saigon.newworldhotels.com\/vi\/"},{"@type":"ListItem","position":2,"name":"Tr\u1ea3i Nghi\u1ec7m Du L\u1ecbch","item":"https:\/\/saigon.newworldhotels.com\/vi\/experience\/"},{"@type":"ListItem","position":3,"name":"Ch\u1ed1n H\u1ea5p D\u1eabn"}]},{"@type":"WebSite","@id":"https:\/\/saigon.newworldhotels.com\/en\/#website","url":"https:\/\/saigon.newworldhotels.com\/en\/","name":"New World Saigon Hotel","description":"","potentialAction":[{"@type":"SearchAction","target":{"@type":"EntryPoint","urlTemplate":"https:\/\/saigon.newworldhotels.com\/en\/?s={search_term_string}"},"query-input":{"@type":"PropertyValueSpecification","valueRequired":true,"valueName":"search_term_string"}}],"inLanguage":"vi-VN"}]}},"jetpack_sharing_enabled":true,"jetpack_shortlink":"https:\/\/wp.me\/Pg5XuR-4d5","featured_media_urls":{"thumbnail":["https:\/\/i0.wp.com\/saigon.newworldhotels.com\/wp-content\/uploads\/2025\/08\/Abu-Carou-3.jpg?resize=150%2C150&ssl=1",150,150,true],"medium":["https:\/\/i0.wp.com\/saigon.newworldhotels.com\/wp-content\/uploads\/2025\/08\/Abu-Carou-3.jpg?fit=300%2C200&ssl=1",300,200,true],"medium_large":["https:\/\/i0.wp.com\/saigon.newworldhotels.com\/wp-content\/uploads\/2025\/08\/Abu-Carou-3.jpg?fit=768%2C512&ssl=1",768,512,true],"large":["https:\/\/i0.wp.com\/saigon.newworldhotels.com\/wp-content\/uploads\/2025\/08\/Abu-Carou-3.jpg?fit=950%2C634&ssl=1",950,634,true],"1536x1536":["https:\/\/i0.wp.com\/saigon.newworldhotels.com\/wp-content\/uploads\/2025\/08\/Abu-Carou-3.jpg?fit=1536%2C1024&ssl=1",1536,1024,true],"2048x2048":["https:\/\/i0.wp.com\/saigon.newworldhotels.com\/wp-content\/uploads\/2025\/08\/Abu-Carou-3.jpg?fit=2048%2C1365&ssl=1",2048,1365,true],"newspack-article-block-landscape-large":["https:\/\/i0.wp.com\/saigon.newworldhotels.com\/wp-content\/uploads\/2025\/08\/Abu-Carou-3.jpg?resize=1200%2C900&ssl=1",1200,900,true],"newspack-article-block-portrait-large":["https:\/\/i0.wp.com\/saigon.newworldhotels.com\/wp-content\/uploads\/2025\/08\/Abu-Carou-3.jpg?resize=900%2C1200&ssl=1",900,1200,true],"newspack-article-block-square-large":["https:\/\/i0.wp.com\/saigon.newworldhotels.com\/wp-content\/uploads\/2025\/08\/Abu-Carou-3.jpg?resize=1200%2C1200&ssl=1",1200,1200,true],"newspack-article-block-landscape-medium":["https:\/\/i0.wp.com\/saigon.newworldhotels.com\/wp-content\/uploads\/2025\/08\/Abu-Carou-3.jpg?resize=800%2C600&ssl=1",800,600,true],"newspack-article-block-portrait-medium":["https:\/\/i0.wp.com\/saigon.newworldhotels.com\/wp-content\/uploads\/2025\/08\/Abu-Carou-3.jpg?resize=600%2C800&ssl=1",600,800,true],"newspack-article-block-square-medium":["https:\/\/i0.wp.com\/saigon.newworldhotels.com\/wp-content\/uploads\/2025\/08\/Abu-Carou-3.jpg?resize=800%2C800&ssl=1",800,800,true],"newspack-article-block-landscape-intermediate":["https:\/\/i0.wp.com\/saigon.newworldhotels.com\/wp-content\/uploads\/2025\/08\/Abu-Carou-3.jpg?resize=600%2C450&ssl=1",600,450,true],"newspack-article-block-portrait-intermediate":["https:\/\/i0.wp.com\/saigon.newworldhotels.com\/wp-content\/uploads\/2025\/08\/Abu-Carou-3.jpg?resize=450%2C600&ssl=1",450,600,true],"newspack-article-block-square-intermediate":["https:\/\/i0.wp.com\/saigon.newworldhotels.com\/wp-content\/uploads\/2025\/08\/Abu-Carou-3.jpg?resize=600%2C600&ssl=1",600,600,true],"newspack-article-block-landscape-small":["https:\/\/i0.wp.com\/saigon.newworldhotels.com\/wp-content\/uploads\/2025\/08\/Abu-Carou-3.jpg?resize=400%2C300&ssl=1",400,300,true],"newspack-article-block-portrait-small":["https:\/\/i0.wp.com\/saigon.newworldhotels.com\/wp-content\/uploads\/2025\/08\/Abu-Carou-3.jpg?resize=300%2C400&ssl=1",300,400,true],"newspack-article-block-square-small":["https:\/\/i0.wp.com\/saigon.newworldhotels.com\/wp-content\/uploads\/2025\/08\/Abu-Carou-3.jpg?resize=400%2C400&ssl=1",400,400,true],"newspack-article-block-landscape-tiny":["https:\/\/i0.wp.com\/saigon.newworldhotels.com\/wp-content\/uploads\/2025\/08\/Abu-Carou-3.jpg?resize=200%2C150&ssl=1",200,150,true],"newspack-article-block-portrait-tiny":["https:\/\/i0.wp.com\/saigon.newworldhotels.com\/wp-content\/uploads\/2025\/08\/Abu-Carou-3.jpg?resize=150%2C200&ssl=1",150,200,true],"newspack-article-block-square-tiny":["https:\/\/i0.wp.com\/saigon.newworldhotels.com\/wp-content\/uploads\/2025\/08\/Abu-Carou-3.jpg?resize=200%2C200&ssl=1",200,200,true],"newspack-article-block-uncropped":["https:\/\/i0.wp.com\/saigon.newworldhotels.com\/wp-content\/uploads\/2025\/08\/Abu-Carou-3.jpg?fit=1200%2C800&ssl=1",1200,800,true],"inspiro-featured-image":["https:\/\/i0.wp.com\/saigon.newworldhotels.com\/wp-content\/uploads\/2025\/08\/Abu-Carou-3.jpg?fit=2000%2C1333&ssl=1",2000,1333,true],"inspiro-loop":["https:\/\/i0.wp.com\/saigon.newworldhotels.com\/wp-content\/uploads\/2025\/08\/Abu-Carou-3.jpg?resize=950%2C320&ssl=1",950,320,true],"inspiro-loop@2x":["https:\/\/i0.wp.com\/saigon.newworldhotels.com\/wp-content\/uploads\/2025\/08\/Abu-Carou-3.jpg?resize=1900%2C640&ssl=1",1900,640,true],"portfolio_item-thumbnail":["https:\/\/i0.wp.com\/saigon.newworldhotels.com\/wp-content\/uploads\/2025\/08\/Abu-Carou-3.jpg?resize=600%2C400&ssl=1",600,400,true],"portfolio_item-thumbnail@2x":["https:\/\/i0.wp.com\/saigon.newworldhotels.com\/wp-content\/uploads\/2025\/08\/Abu-Carou-3.jpg?resize=1200%2C800&ssl=1",1200,800,true],"portfolio_item-masonry":["https:\/\/i0.wp.com\/saigon.newworldhotels.com\/wp-content\/uploads\/2025\/08\/Abu-Carou-3.jpg?fit=600%2C400&ssl=1",600,400,true],"portfolio_item-masonry@2x":["https:\/\/i0.wp.com\/saigon.newworldhotels.com\/wp-content\/uploads\/2025\/08\/Abu-Carou-3.jpg?fit=1200%2C800&ssl=1",1200,800,true],"portfolio_item-thumbnail_cinema":["https:\/\/i0.wp.com\/saigon.newworldhotels.com\/wp-content\/uploads\/2025\/08\/Abu-Carou-3.jpg?resize=800%2C335&ssl=1",800,335,true],"portfolio_item-thumbnail_portrait":["https:\/\/i0.wp.com\/saigon.newworldhotels.com\/wp-content\/uploads\/2025\/08\/Abu-Carou-3.jpg?resize=600%2C900&ssl=1",600,900,true],"portfolio_item-thumbnail_portrait@2x":["https:\/\/i0.wp.com\/saigon.newworldhotels.com\/wp-content\/uploads\/2025\/08\/Abu-Carou-3.jpg?resize=1200%2C1800&ssl=1",1200,1800,true],"portfolio_item-thumbnail_square":["https:\/\/i0.wp.com\/saigon.newworldhotels.com\/wp-content\/uploads\/2025\/08\/Abu-Carou-3.jpg?resize=800%2C800&ssl=1",800,800,true]},"_links":{"self":[{"href":"https:\/\/saigon.newworldhotels.com\/vi\/wp-json\/wp\/v2\/pages\/16187","targetHints":{"allow":["GET"]}}],"collection":[{"href":"https:\/\/saigon.newworldhotels.com\/vi\/wp-json\/wp\/v2\/pages"}],"about":[{"href":"https:\/\/saigon.newworldhotels.com\/vi\/wp-json\/wp\/v2\/types\/page"}],"author":[{"embeddable":true,"href":"https:\/\/saigon.newworldhotels.com\/vi\/wp-json\/wp\/v2\/users\/256764880"}],"replies":[{"embeddable":true,"href":"https:\/\/saigon.newworldhotels.com\/vi\/wp-json\/wp\/v2\/comments?post=16187"}],"version-history":[{"count":1,"href":"https:\/\/saigon.newworldhotels.com\/vi\/wp-json\/wp\/v2\/pages\/16187\/revisions"}],"predecessor-version":[{"id":16201,"href":"https:\/\/saigon.newworldhotels.com\/vi\/wp-json\/wp\/v2\/pages\/16187\/revisions\/16201"}],"up":[{"embeddable":true,"href":"https:\/\/saigon.newworldhotels.com\/vi\/wp-json\/wp\/v2\/pages\/16180"}],"wp:featuredmedia":[{"embeddable":true,"href":"https:\/\/saigon.newworldhotels.com\/vi\/wp-json\/wp\/v2\/media\/16185"}],"wp:attachment":[{"href":"https:\/\/saigon.newworldhotels.com\/vi\/wp-json\/wp\/v2\/media?parent=16187"}],"curies":[{"name":"wp","href":"https:\/\/api.w.org\/{rel}","templated":true}]}}